{"id":2055,"date":"2018-08-02T10:49:04","date_gmt":"2018-08-02T10:49:04","guid":{"rendered":"https:\/\/www.electrosol.cat\/aviso-legal\/"},"modified":"2018-11-09T17:50:32","modified_gmt":"2018-11-09T16:50:32","slug":"avis-legal","status":"publish","type":"page","link":"https:\/\/www.electrosol.cat\/ca\/avis-legal\/","title":{"rendered":"Av\u00eds legal i pol\u00edtica de privacitat"},"content":{"rendered":"<div class=\"wpb-content-wrapper\"><p>[vc_row full_width=&#8221;stretch_row&#8221; bg_type=&#8221;grad&#8221; bg_grad=&#8221;background: -webkit-gradient(linear, left top, left bottom, color-stop(0%, #ECF7FF), color-stop(13%, #FFFFFF));background: -moz-linear-gradient(top,#ECF7FF 0%,#FFFFFF 13%);background: -webkit-linear-gradient(top,#ECF7FF 0%,#FFFFFF 13%);background: -o-linear-gradient(top,#ECF7FF 0%,#FFFFFF 13%);background: -ms-linear-gradient(top,#ECF7FF 0%,#FFFFFF 13%);background: linear-gradient(top,#ECF7FF 0%,#FFFFFF 13%);&#8221; css=&#8221;.vc_custom_1532616809131{padding-top: 70px !important;}&#8221;][vc_column]<div id=\"ultimate-heading-70076a083c91d4e05\" class=\"uvc-heading ult-adjust-bottom-margin ultimate-heading-70076a083c91d4e05 uvc-932 accent-border-color\" data-hspacer=\"line_only\"  data-halign=\"left\" style=\"text-align:left\"><div class=\"uvc-main-heading ult-responsive\"  data-ultimate-target='.uvc-heading.ultimate-heading-70076a083c91d4e05 h1'  data-responsive-json-new='{\"font-size\":\"desktop:26px;\",\"line-height\":\"desktop:36px;\"}' ><h1 style=\"font-weight:bold;\">Aviso Legal y Pol\u00edtica de Privacidad<\/h1><\/div><div class=\"uvc-heading-spacer line_only\" style=\"margin-top:15px;margin-bottom:30px;height:4px;\"><span class=\"uvc-headings-line\" style=\"border-style:solid;border-bottom-width:4px;border-color:;width:50px;\"><\/span><\/div><\/div>[vc_column_text css=&#8221;.vc_custom_1541782158041{padding-bottom: 60px !important;}&#8221;]<\/p>\n<h3>\u00bfQui \u00e9s el responsable del tractament de les dades personals?<\/h3>\n<p>D&#8217;acord amb el que estableix la normativa vigent, li informem que les dades personals que pugui facilitar durant l&#8217;\u00fas del web https:\/\/www.electrosol.cat seran tractats en qualitat de Responsable del tractament per <strong>ELECTROSOL CALELLA, S.L<\/strong> amb NIF B65257156 i domicili a Carrer Sant Pere, 101 08370 de Calella.<\/p>\n<p>Podr\u00e0 posar-se en contacte amb el responsable de Protecci\u00f3 de Dades de l&#8217;empresa al correu electr\u00f2nic: info@electrosol.cat<\/p>\n<h3>Est\u00e0 obligat a facilitar les dades personals?<\/h3>\n<p>La visita al Web no suposa que l&#8217;usuari estigui obligat a facilitar cap informaci\u00f3 sobre si mateix. No obstant aix\u00f2, l&#8217;\u00fas d&#8217;alguns dels serveis disponible a la web dep\u00e8n de l&#8217;emplenament de formularis d&#8217;informaci\u00f3 personal.<\/p>\n<p>Les dades que se sol\u00b7licitin en els diferents formularis de la web s\u00f3n els necessaris per a prestar els serveis sol\u00b7licitats. La negativa a proporcionar les dades assenyalades com a necessaris pot suposar la impossibilitat de prestar adequadament aquests serveis.<\/p>\n<h3>Amb quina finalitat tractar\u00e0 ELECTROSOL CALELLA S.L. les dades personals de l&#8217;usuari i quant de temps?<\/h3>\n<p>Les dades personals que faciliti per a la prestaci\u00f3 dels diferents serveis posades a disposici\u00f3 a trav\u00e9s del lloc web seran tractades per<br \/>\n<strong>ELECTROSOL CALELLA S.L.<\/strong> d&#8217;acord a les seg\u00fcents finalitats:<\/p>\n<p>Detallar les finalitats<\/p>\n<h3>Durant quant de temps tractar\u00e0 ELECTROSOL CALELLA S.L. les dades personals?<\/h3>\n<p>Les dades de l&#8217;Usuari seran conservades mentre siguin necess\u00e0ries per a la prestaci\u00f3 dels serveis sol\u00b7licitats i, un cop finalitzada aquesta prestaci\u00f3, les seves dades seran conservades durant els terminis legalment exigits per a les possibles responsabilitats derivades del servei prestat.<\/p>\n<h3>Quina \u00e9s la legitimaci\u00f3 del tractament de les dades de l&#8217;usuari?<\/h3>\n<p>El tractament de les dades de l&#8217;Usuari per part de <strong>ELECTROSOL CALELLA S.L.<\/strong> s&#8217;empara en la sol\u00b7licitud per part de l&#8217;Usuari dels serveis posats a disposici\u00f3 a trav\u00e9s del web o, si s&#8217;escau, en el consentiment que se li sol\u00b7liciti per a finalitats determinades, i que podr\u00e0 retirar en qualsevol moment. No obstant, en cas de revocar el seu consentiment, aix\u00f2 no afectar\u00e0 la licitud dels tractaments efectuats amb anterioritat.<\/p>\n<h3>A quins destinataris es comunicaran les dades de l&#8217;usuari?<\/h3>\n<p>Les dades personals facilitades per l&#8217;Usuari no seran comunicades a tercers, llevat que aix\u00f2 sigui necessari per a la prestaci\u00f3 dels serveis sol\u00b7licitats o quan l&#8217;usuari hagu\u00e9s acceptat expressament la seva comunicaci\u00f3. En ambd\u00f3s sup\u00f2sits, l&#8217;Usuari ser\u00e0 degudament informat d&#8217;aquesta possibilitat abans de procedir a la comunicaci\u00f3 i les seves dades personals.<\/p>\n<h3>Quina responsabilitat t\u00e9 l&#8217;usuari?<\/h3>\n<p>L&#8217;Usuari ser\u00e0 responsable que les dades que faciliti a <strong>ELECTROSOL CALELLA S.L.<\/strong> siguin veritables, exactes, completes i actualitzades. A aquests efectes, l&#8217;Usuari respondr\u00e0 de la veracitat de totes les dades que comuniqui i ha de mantenir degudament actualitzada la informaci\u00f3 facilitada, de manera que respongui a la seva situaci\u00f3 real.<\/p>\n<h3>Quins drets t\u00e9 l&#8217;usuari?<\/h3>\n<p>L&#8217;Usuari pot enviar un escrit a l&#8217;adre\u00e7a de <strong>ELECTROSOL CALELLA S.L.<\/strong> a trav\u00e9s de correu electr\u00f2nic info@electrosol.cat, amb la refer\u00e8ncia &#8220;Protecci\u00f3 de dades&#8221;, en qualsevol moment i de manera gratu\u00efta, per:<\/p>\n<ul>\n<li>Revocar els consentiments atorgats.<\/li>\n<li>Accedir a les seves dades personals.<\/li>\n<li>Rectificar les dades inexactes o incompletes<\/li>\n<li>Sol\u00b7licitar la supressi\u00f3 de les seves dades quan, entre altres motius, les dades ja no siguin necess\u00e0ries per als fins que van ser recollides.<\/li>\n<\/ul>\n<h3>Pot canviar la pol\u00edtica de privacitat?<\/h3>\n<p><strong>ELECTROSOL CALELLA S.L.<\/strong> es reserva el dret a modificar la present Pol\u00edtica de Privacitat per tal d&#8217;adaptar-la a les novetats legislatives que fossin procedents.[\/vc_column_text][\/vc_column][\/vc_row]<\/p>\n<\/div>","protected":false},"excerpt":{"rendered":"<p>[vc_row full_width=&#8221;stretch_row&#8221; bg_type=&#8221;grad&#8221; bg_grad=&#8221;background: -webkit-gradient(linear, left top, left bottom, color-stop(0%, #ECF7FF), color-stop(13%, #FFFFFF));background: -moz-linear-gradient(top,#ECF7FF 0%,#FFFFFF 13%);background: -webkit-linear-gradient(top,#ECF7FF 0%,#FFFFFF 13%);background: -o-linear-gradient(top,#ECF7FF 0%,#FFFFFF 13%);background: -ms-linear-gradient(top,#ECF7FF 0%,#FFFFFF 13%);background: linear-gradient(top,#ECF7FF 0%,#FFFFFF 13%);&#8221; css=&#8221;.vc_custom_1532616809131{padding-top: 70px !important;}&#8221;][vc_column][vc_column_text css=&#8221;.vc_custom_1541782158041{padding-bottom: 60px !important;}&#8221;] \u00bfQui \u00e9s el responsable del tractament de les dades personals? D&#8217;acord amb el que estableix la normativa vigent, li informem que&hellip;<\/p>\n","protected":false},"author":1,"featured_media":0,"parent":0,"menu_order":0,"comment_status":"closed","ping_status":"closed","template":"","meta":{"_acf_changed":false,"footnotes":""},"class_list":["post-2055","page","type-page","status-publish","hentry","description-off"],"acf":[],"_links":{"self":[{"href":"https:\/\/www.electrosol.cat\/ca\/wp-json\/wp\/v2\/pages\/2055","targetHints":{"allow":["GET"]}}],"collection":[{"href":"https:\/\/www.electrosol.cat\/ca\/wp-json\/wp\/v2\/pages"}],"about":[{"href":"https:\/\/www.electrosol.cat\/ca\/wp-json\/wp\/v2\/types\/page"}],"author":[{"embeddable":true,"href":"https:\/\/www.electrosol.cat\/ca\/wp-json\/wp\/v2\/users\/1"}],"replies":[{"embeddable":true,"href":"https:\/\/www.electrosol.cat\/ca\/wp-json\/wp\/v2\/comments?post=2055"}],"version-history":[{"count":0,"href":"https:\/\/www.electrosol.cat\/ca\/wp-json\/wp\/v2\/pages\/2055\/revisions"}],"wp:attachment":[{"href":"https:\/\/www.electrosol.cat\/ca\/wp-json\/wp\/v2\/media?parent=2055"}],"curies":[{"name":"wp","href":"https:\/\/api.w.org\/{rel}","templated":true}]}}