{"id":2087,"date":"2018-07-23T10:39:16","date_gmt":"2018-07-23T10:39:16","guid":{"rendered":"https:\/\/www.electrosol.cat\/productes-botiga\/osmosis-y-tratamientos-de-agua\/"},"modified":"2018-09-04T11:40:14","modified_gmt":"2018-09-04T11:40:14","slug":"osmosi-i-tractaments-daigua","status":"publish","type":"page","link":"https:\/\/www.electrosol.cat\/ca\/productes-botiga\/osmosi-i-tractaments-daigua\/","title":{"rendered":"Osmosi i Tractaments d&#8217;Aigua"},"content":{"rendered":"<div class=\"wpb-content-wrapper\"><p>[vc_row][vc_column]<div id=\"ultimate-heading-105169f4ae2771b70\" class=\"uvc-heading ult-adjust-bottom-margin ultimate-heading-105169f4ae2771b70 uvc-1 \" data-hspacer=\"no_spacer\"  data-halign=\"left\" style=\"text-align:left\"><div class=\"uvc-heading-spacer no_spacer\" style=\"top\"><\/div><div class=\"uvc-main-heading ult-responsive\"  data-ultimate-target='.uvc-heading.ultimate-heading-105169f4ae2771b70 h2'  data-responsive-json-new='{\"font-size\":\"desktop:26px;\",\"line-height\":\"desktop:36px;\"}' ><h2 style=\"font-weight:normal;\">Osmosi i Tractaments d'Aigua<\/h2><\/div><\/div><style type=\"text\/css\" data-type=\"the7_shortcodes-inline-css\">.products-shortcode.products-masonry-shortcode-id-fff45a7bb55a3f70822204d6405cb8cd .filter-bg-decoration .filter-categories a.act {\n  color: #fff;\n}\n.products-shortcode.products-masonry-shortcode-id-fff45a7bb55a3f70822204d6405cb8cd:not(.resize-by-browser-width) .dt-css-grid {\n  grid-row-gap: 10px;\n  grid-column-gap: 10px;\n  grid-template-columns: repeat(auto-fill,minmax(,1fr));\n}\n.cssgridlegacy.no-cssgrid .products-shortcode.products-masonry-shortcode-id-fff45a7bb55a3f70822204d6405cb8cd:not(.resize-by-browser-width) .dt-css-grid,\n.no-cssgridlegacy.no-cssgrid .products-shortcode.products-masonry-shortcode-id-fff45a7bb55a3f70822204d6405cb8cd:not(.resize-by-browser-width) .dt-css-grid {\n  display: flex;\n  flex-flow: row wrap;\n  margin: -5px;\n}\n.cssgridlegacy.no-cssgrid .products-shortcode.products-masonry-shortcode-id-fff45a7bb55a3f70822204d6405cb8cd:not(.resize-by-browser-width) .dt-css-grid .wf-cell,\n.no-cssgridlegacy.no-cssgrid .products-shortcode.products-masonry-shortcode-id-fff45a7bb55a3f70822204d6405cb8cd:not(.resize-by-browser-width) .dt-css-grid .wf-cell {\n  flex: 1 0 ;\n  max-width: 100%;\n  padding: 5px;\n  box-sizing: border-box;\n}\n.products-shortcode.products-masonry-shortcode-id-fff45a7bb55a3f70822204d6405cb8cd.resize-by-browser-width .dt-css-grid {\n  grid-template-columns: repeat(3,1fr);\n  grid-template-rows: auto;\n  grid-column-gap: 10px;\n  grid-row-gap: 10px;\n}\n.cssgridlegacy.no-cssgrid .products-shortcode.products-masonry-shortcode-id-fff45a7bb55a3f70822204d6405cb8cd.resize-by-browser-width .dt-css-grid,\n.no-cssgridlegacy.no-cssgrid .products-shortcode.products-masonry-shortcode-id-fff45a7bb55a3f70822204d6405cb8cd.resize-by-browser-width .dt-css-grid {\n  margin: -5px;\n}\n.cssgridlegacy.no-cssgrid .products-shortcode.products-masonry-shortcode-id-fff45a7bb55a3f70822204d6405cb8cd.resize-by-browser-width .dt-css-grid .wf-cell,\n.no-cssgridlegacy.no-cssgrid .products-shortcode.products-masonry-shortcode-id-fff45a7bb55a3f70822204d6405cb8cd.resize-by-browser-width .dt-css-grid .wf-cell {\n  width: 33.333333333333%;\n  padding: 5px;\n}\n@media screen and (max-width: 1199px) {\n  .products-shortcode.products-masonry-shortcode-id-fff45a7bb55a3f70822204d6405cb8cd.resize-by-browser-width .dt-css-grid {\n    grid-template-columns: repeat(3,1fr);\n  }\n  .cssgridlegacy.no-cssgrid .products-shortcode.products-masonry-shortcode-id-fff45a7bb55a3f70822204d6405cb8cd.resize-by-browser-width .dt-css-grid .wf-cell,\n  .no-cssgridlegacy.no-cssgrid .products-shortcode.products-masonry-shortcode-id-fff45a7bb55a3f70822204d6405cb8cd.resize-by-browser-width .dt-css-grid .wf-cell {\n    width: 33.333333333333%;\n  }\n}\n@media screen and (max-width: 991px) {\n  .products-shortcode.products-masonry-shortcode-id-fff45a7bb55a3f70822204d6405cb8cd.resize-by-browser-width .dt-css-grid {\n    grid-template-columns: repeat(2,1fr);\n  }\n  .cssgridlegacy.no-cssgrid .products-shortcode.products-masonry-shortcode-id-fff45a7bb55a3f70822204d6405cb8cd.resize-by-browser-width .dt-css-grid .wf-cell,\n  .no-cssgridlegacy.no-cssgrid .products-shortcode.products-masonry-shortcode-id-fff45a7bb55a3f70822204d6405cb8cd.resize-by-browser-width .dt-css-grid .wf-cell {\n    width: 50%;\n  }\n}\n@media screen and (max-width: 767px) {\n  .products-shortcode.products-masonry-shortcode-id-fff45a7bb55a3f70822204d6405cb8cd.resize-by-browser-width .dt-css-grid {\n    grid-template-columns: repeat(1,1fr);\n  }\n  .cssgridlegacy.no-cssgrid .products-shortcode.products-masonry-shortcode-id-fff45a7bb55a3f70822204d6405cb8cd.resize-by-browser-width .dt-css-grid .wf-cell,\n  .no-cssgridlegacy.no-cssgrid .products-shortcode.products-masonry-shortcode-id-fff45a7bb55a3f70822204d6405cb8cd.resize-by-browser-width .dt-css-grid .wf-cell {\n    width: 100%;\n  }\n}<\/style><div class=\"products-shortcode products-masonry-shortcode-id-fff45a7bb55a3f70822204d6405cb8cd mode-grid cart-btn-below-img hide-description jquery-filter wc-img-hover dt-css-grid-wrap resize-by-browser-width loading-effect-none description-under-image content-align-centre wc-grid\" data-padding=\"5px\" data-cur-page=\"1\" data-post-limit=\"-1\" data-pagination-mode=\"none\" data-desktop-columns-num=\"3\" data-v-tablet-columns-num=\"2\" data-h-tablet-columns-num=\"3\" data-phone-columns-num=\"1\" data-width=\"0px\" data-columns=\"0\"><div class=\"dt-css-grid\" ><div class=\"visible wf-cell visible\" data-post-id=\"2474\" data-date=\"2018-08-13T12:33:14+02:00\" data-name=\"\u00d2smosi inversa Klinwass 5 Etapes\"><article class=\"post project-odd visible description-off product type-product post-2474 status-publish first instock product_cat-ofertes product_cat-osmosi-i-tractaments-aigua product_tag-osmosis-ca product_tag-proline-ca has-post-thumbnail shipping-taxable purchasable product-type-simple\" ><figure class=\"woocom-project\">\n\t<div class=\"woo-buttons-on-img\">\n\n\t\t<a href=\"https:\/\/www.electrosol.cat\/ca\/producto\/osmosis-5-etapas-proline-plus\/\" class=\"alignnone layzr-bg\"><img loading=\"lazy\" decoding=\"async\" width=\"300\" height=\"300\" src=\"data:image\/svg+xml;charset=utf-8,%3Csvg xmlns%3D&#039;http%3A%2F%2Fwww.w3.org%2F2000%2Fsvg&#039; viewBox%3D&#039;0 0 300 300&#039;%2F%3E\" class=\"attachment-woocommerce_thumbnail size-woocommerce_thumbnail iso-lazy-load preload-me\" alt=\"\u00d2smosi inversa Klinwass 5 Etapes\" data-src=\"https:\/\/www.electrosol.cat\/wp-content\/uploads\/2018\/08\/Osmosis-5-etapas-300x300.jpg\" data-srcset=\"https:\/\/www.electrosol.cat\/wp-content\/uploads\/2018\/08\/Osmosis-5-etapas-300x300.jpg 300w, https:\/\/www.electrosol.cat\/wp-content\/uploads\/2018\/08\/Osmosis-5-etapas-150x150.jpg 150w, https:\/\/www.electrosol.cat\/wp-content\/uploads\/2018\/08\/Osmosis-5-etapas-768x768.jpg 768w, https:\/\/www.electrosol.cat\/wp-content\/uploads\/2018\/08\/Osmosis-5-etapas-600x600.jpg 600w, https:\/\/www.electrosol.cat\/wp-content\/uploads\/2018\/08\/Osmosis-5-etapas-200x200.jpg 200w, https:\/\/www.electrosol.cat\/wp-content\/uploads\/2018\/08\/Osmosis-5-etapas.jpg 900w\" \/><\/a>\n\t<\/div>\n\t<figcaption class=\"woocom-list-content\">\n\n\t\t<span class=\"pw_brand_product_list\"><a href=\"https:\/\/www.electrosol.cat\/ca\/marca\/klinwass-ca\/\">Klinwass<\/a><\/span><h5 class=\"modelo\">inversa Klinwass 5 Etapes<\/h5><p class=\"desc_montaje\">El preu inclou m\u00e0 d'obra, material i IVA.<br \/>\r\nExemple de finan\u00e7ament a 24 mesos al 0% amb 3% de comissi\u00f3 d'obertura.<\/p>\n\t<div class=\"both_prices\">\n\t\t<a href=\"https:\/\/www.electrosol.cat\/ca\/producto\/osmosis-5-etapas-proline-plus\/\" class=\"col_precio precio_contado\">\n\t\t\t<span class=\"woocommerce-Price-amount amount\"><bdi><span class=\"woocommerce-Price-currencySymbol\">&euro;<\/span>250.00<\/bdi><\/span>\n\t\t\t<span class=\"label\">Precio al contado<\/span>\n\t\t<\/a>\n\t\t<a href=\"https:\/\/www.electrosol.cat\/ca\/producto\/osmosis-5-etapas-proline-plus\/\" class=\"col_precio precio_financiacion\">\n\t\t\t21,25\u20ac\/mes\n\t\t\t<span class=\"label\">Financiaci\u00f3n al 0%<\/span>\n\t\t<\/a>\n\t<\/div>\n\t<script type='text\/javascript'>\r\n\t\t\t\t\tjQuery(document).ready(function(){\r\n\t\t\t\t\t\tif(jQuery('li.post-2474 .pw_brand_product_list').length < 1){\r\n\t\t\t\t\t\t\tjQuery('<span class=\"pw_brand_product_list\"><div class=\"wb-posted_in\">Marcas<\/div><a href=\"https:\/\/www.electrosol.cat\/ca\/marca\/klinwass-ca\/\">Klinwass<\/a><\/span>').insertBefore('li.post-2474 h2');\r\n\t\t\t\t\t\t}\r\n\t\t\t\t\t});\r\n\t\t\t\t<\/script><div class=\"woo-buttons\">\t<span id=\"woocommerce_loop_add_to_cart_link_describedby_2474\" class=\"screen-reader-text\">\n\t\t\t<\/span>\n<\/div>\n\t<\/figcaption>\n<\/figure>\n<\/article><\/div><div class=\"visible wf-cell visible\" data-post-id=\"12590\" data-date=\"2024-02-14T12:36:20+01:00\" data-name=\"\u00d2smosi inversa Klinwass 5 Etapes 8,3l\/h amb bomba\"><article class=\"post project-odd visible description-off product type-product post-12590 status-publish instock product_cat-ofertes product_cat-osmosi-i-tractaments-aigua product_tag-klinwass-ca product_tag-osmosis-ca product_tag-proline-ca has-post-thumbnail shipping-taxable purchasable product-type-simple\" ><figure class=\"woocom-project\">\n\t<div class=\"woo-buttons-on-img\">\n\n\t\t<a href=\"https:\/\/www.electrosol.cat\/ca\/producto\/equipo-de-osmosis-inversa-klinwass-5-etapas-83l-h-con-bomba\/\" class=\"alignnone layzr-bg\"><img loading=\"lazy\" decoding=\"async\" width=\"300\" height=\"300\" src=\"data:image\/svg+xml;charset=utf-8,%3Csvg xmlns%3D&#039;http%3A%2F%2Fwww.w3.org%2F2000%2Fsvg&#039; viewBox%3D&#039;0 0 300 300&#039;%2F%3E\" class=\"attachment-woocommerce_thumbnail size-woocommerce_thumbnail iso-lazy-load preload-me\" alt=\"\u00d2smosi inversa Klinwass 5 Etapes 8,3l\/h amb bomba\" data-src=\"https:\/\/www.electrosol.cat\/wp-content\/uploads\/2018\/08\/Osmosis-5-etapas-300x300.jpg\" data-srcset=\"https:\/\/www.electrosol.cat\/wp-content\/uploads\/2018\/08\/Osmosis-5-etapas-300x300.jpg 300w, https:\/\/www.electrosol.cat\/wp-content\/uploads\/2018\/08\/Osmosis-5-etapas-150x150.jpg 150w, https:\/\/www.electrosol.cat\/wp-content\/uploads\/2018\/08\/Osmosis-5-etapas-768x768.jpg 768w, https:\/\/www.electrosol.cat\/wp-content\/uploads\/2018\/08\/Osmosis-5-etapas-600x600.jpg 600w, https:\/\/www.electrosol.cat\/wp-content\/uploads\/2018\/08\/Osmosis-5-etapas-200x200.jpg 200w, https:\/\/www.electrosol.cat\/wp-content\/uploads\/2018\/08\/Osmosis-5-etapas.jpg 900w\" \/><\/a>\n\t<\/div>\n\t<figcaption class=\"woocom-list-content\">\n\n\t\t<span class=\"pw_brand_product_list\"><a href=\"https:\/\/www.electrosol.cat\/ca\/marca\/klinwass-ca\/\">Klinwass<\/a><\/span><h5 class=\"modelo\">Klinwass 5 Etapes 8,3l\/h amb bomba<\/h5><p class=\"desc_montaje\">El preu inclou m\u00e0 d'obra, material i IVA.<br \/>\r\nExemple de finan\u00e7ament a 24 mesos al 0% amb 3% de comissi\u00f3 d'obertura.<\/p>\n\t<div class=\"both_prices\">\n\t\t<a href=\"https:\/\/www.electrosol.cat\/ca\/producto\/equipo-de-osmosis-inversa-klinwass-5-etapas-83l-h-con-bomba\/\" class=\"col_precio precio_contado\">\n\t\t\t<span class=\"woocommerce-Price-amount amount\"><bdi><span class=\"woocommerce-Price-currencySymbol\">&euro;<\/span>375.00<\/bdi><\/span>\n\t\t\t<span class=\"label\">Precio al contado<\/span>\n\t\t<\/a>\n\t\t<a href=\"https:\/\/www.electrosol.cat\/ca\/producto\/equipo-de-osmosis-inversa-klinwass-5-etapas-83l-h-con-bomba\/\" class=\"col_precio precio_financiacion\">\n\t\t\t32,42 \u20ac\/mes\n\t\t\t<span class=\"label\">Financiaci\u00f3n al 0%<\/span>\n\t\t<\/a>\n\t<\/div>\n\t<script type='text\/javascript'>\r\n\t\t\t\t\tjQuery(document).ready(function(){\r\n\t\t\t\t\t\tif(jQuery('li.post-12590 .pw_brand_product_list').length < 1){\r\n\t\t\t\t\t\t\tjQuery('<span class=\"pw_brand_product_list\"><div class=\"wb-posted_in\">Marcas<\/div><a href=\"https:\/\/www.electrosol.cat\/ca\/marca\/klinwass-ca\/\">Klinwass<\/a><\/span>').insertBefore('li.post-12590 h2');\r\n\t\t\t\t\t\t}\r\n\t\t\t\t\t});\r\n\t\t\t\t<\/script><div class=\"woo-buttons\">\t<span id=\"woocommerce_loop_add_to_cart_link_describedby_12590\" class=\"screen-reader-text\">\n\t\t\t<\/span>\n<\/div>\n\t<\/figcaption>\n<\/figure>\n<\/article><\/div><div class=\"visible wf-cell visible\" data-post-id=\"2443\" data-date=\"2018-08-13T12:33:20+02:00\" data-name=\"\u00d2smosi Madinson Producci\u00f3 Directa\"><article class=\"post project-odd visible description-off product type-product post-2443 status-publish instock product_cat-osmosi-i-tractaments-aigua product_tag-klinwass-ca product_tag-osmosis-ca has-post-thumbnail shipping-taxable purchasable product-type-simple\" ><figure class=\"woocom-project\">\n\t<div class=\"woo-buttons-on-img\">\n\n\t\t<a href=\"https:\/\/www.electrosol.cat\/ca\/producto\/osmosis-5-etapas-cm-cs-classic\/\" class=\"alignnone layzr-bg\"><img loading=\"lazy\" decoding=\"async\" width=\"300\" height=\"300\" src=\"data:image\/svg+xml;charset=utf-8,%3Csvg xmlns%3D&#039;http%3A%2F%2Fwww.w3.org%2F2000%2Fsvg&#039; viewBox%3D&#039;0 0 300 300&#039;%2F%3E\" class=\"attachment-woocommerce_thumbnail size-woocommerce_thumbnail iso-lazy-load preload-me\" alt=\"\u00d2smosi Madinson Producci\u00f3 Directa\" data-src=\"https:\/\/www.electrosol.cat\/wp-content\/uploads\/2018\/08\/Madison-Web-300x300.jpg\" data-srcset=\"https:\/\/www.electrosol.cat\/wp-content\/uploads\/2018\/08\/Madison-Web-300x300.jpg 300w, https:\/\/www.electrosol.cat\/wp-content\/uploads\/2018\/08\/Madison-Web-150x150.jpg 150w, https:\/\/www.electrosol.cat\/wp-content\/uploads\/2018\/08\/Madison-Web-768x768.jpg 768w, https:\/\/www.electrosol.cat\/wp-content\/uploads\/2018\/08\/Madison-Web-600x600.jpg 600w, https:\/\/www.electrosol.cat\/wp-content\/uploads\/2018\/08\/Madison-Web-200x200.jpg 200w, https:\/\/www.electrosol.cat\/wp-content\/uploads\/2018\/08\/Madison-Web.jpg 900w\" \/><\/a>\n\t<\/div>\n\t<figcaption class=\"woocom-list-content\">\n\n\t\t<span class=\"pw_brand_product_list\"><a href=\"https:\/\/www.electrosol.cat\/ca\/marca\/klinwass-ca\/\">Klinwass<\/a><\/span><h5 class=\"modelo\">Madinson Producci\u00f3 Directa<\/h5><p class=\"desc_montaje\">El preu inclou m\u00e0 d'obra, material i IVA.<br \/>\r\nExemple de finan\u00e7ament a 24 mesos al 0% amb 3% de comissi\u00f3 d'obertura.<\/p>\n\t<div class=\"both_prices\">\n\t\t<a href=\"https:\/\/www.electrosol.cat\/ca\/producto\/osmosis-5-etapas-cm-cs-classic\/\" class=\"col_precio precio_contado\">\n\t\t\t<span class=\"woocommerce-Price-amount amount\"><bdi><span class=\"woocommerce-Price-currencySymbol\">&euro;<\/span>750.00<\/bdi><\/span>\n\t\t\t<span class=\"label\">Precio al contado<\/span>\n\t\t<\/a>\n\t\t<a href=\"https:\/\/www.electrosol.cat\/ca\/producto\/osmosis-5-etapas-cm-cs-classic\/\" class=\"col_precio precio_financiacion\">\n\t\t\t63,75\u20ac\/mes\n\t\t\t<span class=\"label\">Financiaci\u00f3n al 0%<\/span>\n\t\t<\/a>\n\t<\/div>\n\t<script type='text\/javascript'>\r\n\t\t\t\t\tjQuery(document).ready(function(){\r\n\t\t\t\t\t\tif(jQuery('li.post-2443 .pw_brand_product_list').length < 1){\r\n\t\t\t\t\t\t\tjQuery('<span class=\"pw_brand_product_list\"><div class=\"wb-posted_in\">Marcas<\/div><a href=\"https:\/\/www.electrosol.cat\/ca\/marca\/klinwass-ca\/\">Klinwass<\/a><\/span>').insertBefore('li.post-2443 h2');\r\n\t\t\t\t\t\t}\r\n\t\t\t\t\t});\r\n\t\t\t\t<\/script><div class=\"woo-buttons\">\t<span id=\"woocommerce_loop_add_to_cart_link_describedby_2443\" class=\"screen-reader-text\">\n\t\t\t<\/span>\n<\/div>\n\t<\/figcaption>\n<\/figure>\n<\/article><\/div><div class=\"visible wf-cell visible\" data-post-id=\"2918\" data-date=\"2021-03-18T18:27:04+01:00\" data-name=\"\u00d2smosi Producci\u00f3 Directa Montana\"><article class=\"post project-odd visible description-off product type-product post-2918 status-publish last instock product_cat-ofertes product_cat-osmosi-i-tractaments-aigua product_tag-klinwass-ca product_tag-osmosis-ca has-post-thumbnail shipping-taxable purchasable product-type-simple\" ><figure class=\"woocom-project\">\n\t<div class=\"woo-buttons-on-img\">\n\n\t\t<a href=\"https:\/\/www.electrosol.cat\/ca\/producto\/osmosis-produccion-directa-montana\/\" class=\"alignnone layzr-bg\"><img loading=\"lazy\" decoding=\"async\" width=\"300\" height=\"300\" src=\"data:image\/svg+xml;charset=utf-8,%3Csvg xmlns%3D&#039;http%3A%2F%2Fwww.w3.org%2F2000%2Fsvg&#039; viewBox%3D&#039;0 0 300 300&#039;%2F%3E\" class=\"attachment-woocommerce_thumbnail size-woocommerce_thumbnail iso-lazy-load preload-me\" alt=\"\u00d2smosi Producci\u00f3 Directa Montana\" data-src=\"https:\/\/www.electrosol.cat\/wp-content\/uploads\/2021\/03\/Montana-Web-2-300x300.jpg\" data-srcset=\"https:\/\/www.electrosol.cat\/wp-content\/uploads\/2021\/03\/Montana-Web-2-300x300.jpg 300w, https:\/\/www.electrosol.cat\/wp-content\/uploads\/2021\/03\/Montana-Web-2-150x150.jpg 150w, https:\/\/www.electrosol.cat\/wp-content\/uploads\/2021\/03\/Montana-Web-2-768x768.jpg 768w, https:\/\/www.electrosol.cat\/wp-content\/uploads\/2021\/03\/Montana-Web-2-600x600.jpg 600w, https:\/\/www.electrosol.cat\/wp-content\/uploads\/2021\/03\/Montana-Web-2-200x200.jpg 200w, https:\/\/www.electrosol.cat\/wp-content\/uploads\/2021\/03\/Montana-Web-2.jpg 900w\" \/><\/a>\n\t<\/div>\n\t<figcaption class=\"woocom-list-content\">\n\n\t\t<span class=\"pw_brand_product_list\"><a href=\"https:\/\/www.electrosol.cat\/ca\/marca\/klinwass-ca\/\">Klinwass<\/a><\/span><h5 class=\"modelo\">Producci\u00f3 Directa Montana<\/h5><p class=\"desc_montaje\">El preu inclou m\u00e0 d'obra, material i IVA.<br \/>\r\nExemple de finan\u00e7ament a 24 mesos al 0% amb 3% de comissi\u00f3 d'obertura.<\/p>\n\t<div class=\"both_prices\">\n\t\t<a href=\"https:\/\/www.electrosol.cat\/ca\/producto\/osmosis-produccion-directa-montana\/\" class=\"col_precio precio_contado\">\n\t\t\t<span class=\"woocommerce-Price-amount amount\"><bdi><span class=\"woocommerce-Price-currencySymbol\">&euro;<\/span>660.00<\/bdi><\/span>\n\t\t\t<span class=\"label\">Precio al contado<\/span>\n\t\t<\/a>\n\t\t<a href=\"https:\/\/www.electrosol.cat\/ca\/producto\/osmosis-produccion-directa-montana\/\" class=\"col_precio precio_financiacion\">\n\t\t\t56,1 \u20ac\/mes\n\t\t\t<span class=\"label\">Financiaci\u00f3n al 0%<\/span>\n\t\t<\/a>\n\t<\/div>\n\t<script type='text\/javascript'>\r\n\t\t\t\t\tjQuery(document).ready(function(){\r\n\t\t\t\t\t\tif(jQuery('li.post-2918 .pw_brand_product_list').length < 1){\r\n\t\t\t\t\t\t\tjQuery('<span class=\"pw_brand_product_list\"><div class=\"wb-posted_in\">Marcas<\/div><a href=\"https:\/\/www.electrosol.cat\/ca\/marca\/klinwass-ca\/\">Klinwass<\/a><\/span>').insertBefore('li.post-2918 h2');\r\n\t\t\t\t\t\t}\r\n\t\t\t\t\t});\r\n\t\t\t\t<\/script><div class=\"woo-buttons\">\t<span id=\"woocommerce_loop_add_to_cart_link_describedby_2918\" class=\"screen-reader-text\">\n\t\t\t<\/span>\n<\/div>\n\t<\/figcaption>\n<\/figure>\n<\/article><\/div><div class=\"visible wf-cell visible\" data-post-id=\"2466\" data-date=\"2018-08-13T12:33:14+02:00\" data-name=\"\u00d2smosi Producci\u00f3 directa Miami Sota Z\u00f3col\"><article class=\"post project-odd visible description-off product type-product post-2466 status-publish first instock product_cat-ofertes product_cat-osmosi-i-tractaments-aigua product_tag-klinwass-ca product_tag-osmosis-ca has-post-thumbnail shipping-taxable purchasable product-type-simple\" ><figure class=\"woocom-project\">\n\t<div class=\"woo-buttons-on-img\">\n\n\t\t<a href=\"https:\/\/www.electrosol.cat\/ca\/producto\/osmosis-produccion-directa-wateri\/\" class=\"alignnone layzr-bg\"><img loading=\"lazy\" decoding=\"async\" width=\"300\" height=\"300\" src=\"data:image\/svg+xml;charset=utf-8,%3Csvg xmlns%3D&#039;http%3A%2F%2Fwww.w3.org%2F2000%2Fsvg&#039; viewBox%3D&#039;0 0 300 300&#039;%2F%3E\" class=\"attachment-woocommerce_thumbnail size-woocommerce_thumbnail iso-lazy-load preload-me\" alt=\"\u00d2smosi Producci\u00f3 directa Miami Sota Z\u00f3col\" data-src=\"https:\/\/www.electrosol.cat\/wp-content\/uploads\/2018\/08\/Water-i-300x300.jpg\" data-srcset=\"https:\/\/www.electrosol.cat\/wp-content\/uploads\/2018\/08\/Water-i-300x300.jpg 300w, https:\/\/www.electrosol.cat\/wp-content\/uploads\/2018\/08\/Water-i-150x150.jpg 150w, https:\/\/www.electrosol.cat\/wp-content\/uploads\/2018\/08\/Water-i-768x768.jpg 768w, https:\/\/www.electrosol.cat\/wp-content\/uploads\/2018\/08\/Water-i-600x600.jpg 600w, https:\/\/www.electrosol.cat\/wp-content\/uploads\/2018\/08\/Water-i-200x200.jpg 200w, https:\/\/www.electrosol.cat\/wp-content\/uploads\/2018\/08\/Water-i.jpg 900w\" \/><\/a>\n\t<\/div>\n\t<figcaption class=\"woocom-list-content\">\n\n\t\t<span class=\"pw_brand_product_list\"><a href=\"https:\/\/www.electrosol.cat\/ca\/marca\/klinwass-ca\/\">Klinwass<\/a><\/span><h5 class=\"modelo\">Producci\u00f3 directa Miami Sota Z\u00f3col<\/h5><p class=\"desc_montaje\">El preu inclou m\u00e0 d'obra, material i IVA.<br \/>\r\nExemple de finan\u00e7ament a 24 mesos al 0% amb 3% de comissi\u00f3 d'obertura.<\/p>\n\t<div class=\"both_prices\">\n\t\t<a href=\"https:\/\/www.electrosol.cat\/ca\/producto\/osmosis-produccion-directa-wateri\/\" class=\"col_precio precio_contado\">\n\t\t\t<span class=\"woocommerce-Price-amount amount\"><bdi><span class=\"woocommerce-Price-currencySymbol\">&euro;<\/span>800.00<\/bdi><\/span>\n\t\t\t<span class=\"label\">Precio al contado<\/span>\n\t\t<\/a>\n\t\t<a href=\"https:\/\/www.electrosol.cat\/ca\/producto\/osmosis-produccion-directa-wateri\/\" class=\"col_precio precio_financiacion\">\n\t\t\t68\u20ac\/mes\n\t\t\t<span class=\"label\">Financiaci\u00f3n al 0%<\/span>\n\t\t<\/a>\n\t<\/div>\n\t<script type='text\/javascript'>\r\n\t\t\t\t\tjQuery(document).ready(function(){\r\n\t\t\t\t\t\tif(jQuery('li.post-2466 .pw_brand_product_list').length < 1){\r\n\t\t\t\t\t\t\tjQuery('<span class=\"pw_brand_product_list\"><div class=\"wb-posted_in\">Marcas<\/div><a href=\"https:\/\/www.electrosol.cat\/ca\/marca\/klinwass-ca\/\">Klinwass<\/a><\/span>').insertBefore('li.post-2466 h2');\r\n\t\t\t\t\t\t}\r\n\t\t\t\t\t});\r\n\t\t\t\t<\/script><div class=\"woo-buttons\">\t<span id=\"woocommerce_loop_add_to_cart_link_describedby_2466\" class=\"screen-reader-text\">\n\t\t\t<\/span>\n<\/div>\n\t<\/figcaption>\n<\/figure>\n<\/article><\/div><div class=\"visible wf-cell visible\" data-post-id=\"2457\" data-date=\"2018-08-13T12:33:17+02:00\" data-name=\"Filtre autom\u00e0tic Klinwass\"><article class=\"post project-odd visible description-off product type-product post-2457 status-publish instock product_cat-osmosi-i-tractaments-aigua has-post-thumbnail shipping-taxable purchasable product-type-simple\" ><figure class=\"woocom-project\">\n\t<div class=\"woo-buttons-on-img\">\n\n\t\t<a href=\"https:\/\/www.electrosol.cat\/ca\/producto\/filtro-automatico-klinwass\/\" class=\"alignnone layzr-bg\"><img loading=\"lazy\" decoding=\"async\" width=\"300\" height=\"300\" src=\"data:image\/svg+xml;charset=utf-8,%3Csvg xmlns%3D&#039;http%3A%2F%2Fwww.w3.org%2F2000%2Fsvg&#039; viewBox%3D&#039;0 0 300 300&#039;%2F%3E\" class=\"attachment-woocommerce_thumbnail size-woocommerce_thumbnail iso-lazy-load preload-me\" alt=\"Filtre autom\u00e0tic Klinwass\" data-src=\"https:\/\/www.electrosol.cat\/wp-content\/uploads\/2018\/08\/Klinwass-filtro-autom\u00e1tico-300x300.jpg\" data-srcset=\"https:\/\/www.electrosol.cat\/wp-content\/uploads\/2018\/08\/Klinwass-filtro-autom\u00e1tico-300x300.jpg 300w, https:\/\/www.electrosol.cat\/wp-content\/uploads\/2018\/08\/Klinwass-filtro-autom\u00e1tico-150x150.jpg 150w, https:\/\/www.electrosol.cat\/wp-content\/uploads\/2018\/08\/Klinwass-filtro-autom\u00e1tico-768x768.jpg 768w, https:\/\/www.electrosol.cat\/wp-content\/uploads\/2018\/08\/Klinwass-filtro-autom\u00e1tico-600x600.jpg 600w, https:\/\/www.electrosol.cat\/wp-content\/uploads\/2018\/08\/Klinwass-filtro-autom\u00e1tico-200x200.jpg 200w, https:\/\/www.electrosol.cat\/wp-content\/uploads\/2018\/08\/Klinwass-filtro-autom\u00e1tico.jpg 900w\" \/><\/a>\n\t<\/div>\n\t<figcaption class=\"woocom-list-content\">\n\n\t\t<span class=\"pw_brand_product_list\"><a href=\"https:\/\/www.electrosol.cat\/ca\/marca\/klinwass-ca\/\">Klinwass<\/a><\/span><h5 class=\"modelo\">Autom\u00e0tic Klinwass<\/h5><p class=\"desc_montaje\">El preu inclou m\u00e0 d'obra, material i IVA.<br \/>\r\nExemple de finan\u00e7ament a 24 mesos al 0% amb 3% de comissi\u00f3 d'obertura.<\/p>\n\t<div class=\"both_prices\">\n\t\t<a href=\"https:\/\/www.electrosol.cat\/ca\/producto\/filtro-automatico-klinwass\/\" class=\"col_precio precio_contado\">\n\t\t\t<span class=\"woocommerce-Price-amount amount\"><bdi><span class=\"woocommerce-Price-currencySymbol\">&euro;<\/span>250.00<\/bdi><\/span>\n\t\t\t<span class=\"label\">Precio al contado<\/span>\n\t\t<\/a>\n\t\t<a href=\"https:\/\/www.electrosol.cat\/ca\/producto\/filtro-automatico-klinwass\/\" class=\"col_precio precio_financiacion\">\n\t\t\t21,45\u20ac\/mes\n\t\t\t<span class=\"label\">Financiaci\u00f3n al 0%<\/span>\n\t\t<\/a>\n\t<\/div>\n\t<script type='text\/javascript'>\r\n\t\t\t\t\tjQuery(document).ready(function(){\r\n\t\t\t\t\t\tif(jQuery('li.post-2457 .pw_brand_product_list').length < 1){\r\n\t\t\t\t\t\t\tjQuery('<span class=\"pw_brand_product_list\"><div class=\"wb-posted_in\">Marcas<\/div><a href=\"https:\/\/www.electrosol.cat\/ca\/marca\/klinwass-ca\/\">Klinwass<\/a><\/span>').insertBefore('li.post-2457 h2');\r\n\t\t\t\t\t\t}\r\n\t\t\t\t\t});\r\n\t\t\t\t<\/script><div class=\"woo-buttons\">\t<span id=\"woocommerce_loop_add_to_cart_link_describedby_2457\" class=\"screen-reader-text\">\n\t\t\t<\/span>\n<\/div>\n\t<\/figcaption>\n<\/figure>\n<\/article><\/div><\/div><!-- iso-container|iso-grid --><\/div>[\/vc_column][\/vc_row]<\/p>\n<\/div>","protected":false},"excerpt":{"rendered":"<p>[vc_row][vc_column][\/vc_column][\/vc_row]<\/p>\n","protected":false},"author":1,"featured_media":0,"parent":2064,"menu_order":0,"comment_status":"closed","ping_status":"closed","template":"","meta":{"_acf_changed":false,"footnotes":""},"class_list":["post-2087","page","type-page","status-publish","hentry","description-off"],"acf":[],"_links":{"self":[{"href":"https:\/\/www.electrosol.cat\/ca\/wp-json\/wp\/v2\/pages\/2087","targetHints":{"allow":["GET"]}}],"collection":[{"href":"https:\/\/www.electrosol.cat\/ca\/wp-json\/wp\/v2\/pages"}],"about":[{"href":"https:\/\/www.electrosol.cat\/ca\/wp-json\/wp\/v2\/types\/page"}],"author":[{"embeddable":true,"href":"https:\/\/www.electrosol.cat\/ca\/wp-json\/wp\/v2\/users\/1"}],"replies":[{"embeddable":true,"href":"https:\/\/www.electrosol.cat\/ca\/wp-json\/wp\/v2\/comments?post=2087"}],"version-history":[{"count":0,"href":"https:\/\/www.electrosol.cat\/ca\/wp-json\/wp\/v2\/pages\/2087\/revisions"}],"up":[{"embeddable":true,"href":"https:\/\/www.electrosol.cat\/ca\/wp-json\/wp\/v2\/pages\/2064"}],"wp:attachment":[{"href":"https:\/\/www.electrosol.cat\/ca\/wp-json\/wp\/v2\/media?parent=2087"}],"curies":[{"name":"wp","href":"https:\/\/api.w.org\/{rel}","templated":true}]}}