{"id":2095,"date":"2018-05-21T09:47:48","date_gmt":"2018-05-21T09:47:48","guid":{"rendered":"https:\/\/www.electrosol.cat\/servicios-lampisteria\/"},"modified":"2018-09-05T10:24:44","modified_gmt":"2018-09-05T10:24:44","slug":"serveis-lampisteria","status":"publish","type":"page","link":"https:\/\/www.electrosol.cat\/ca\/serveis-lampisteria\/","title":{"rendered":"Serveis de Lampisteria"},"content":{"rendered":"<div class=\"wpb-content-wrapper\"><p>[vc_row full_width=&#8221;stretch_row&#8221; equal_height=&#8221;yes&#8221; content_placement=&#8221;middle&#8221; bg_type=&#8221;grad&#8221; css=&#8221;.vc_custom_1532429060211{padding-top: 70px !important;padding-bottom: 70px !important;}&#8221; bg_grad=&#8221;background: -webkit-gradient(linear, left top, left bottom, color-stop(0%, #ECF7FF), color-stop(13%, #FFFFFF));background: -moz-linear-gradient(top,#ECF7FF 0%,#FFFFFF 13%);background: -webkit-linear-gradient(top,#ECF7FF 0%,#FFFFFF 13%);background: -o-linear-gradient(top,#ECF7FF 0%,#FFFFFF 13%);background: -ms-linear-gradient(top,#ECF7FF 0%,#FFFFFF 13%);background: linear-gradient(top,#ECF7FF 0%,#FFFFFF 13%);&#8221;][vc_column]<div id=\"ultimate-heading-609469ddf29f1a184\" class=\"uvc-heading ult-adjust-bottom-margin ultimate-heading-609469ddf29f1a184 uvc-1918 \" data-hspacer=\"no_spacer\"  data-halign=\"left\" style=\"text-align:left\"><div class=\"uvc-heading-spacer no_spacer\" style=\"top\"><\/div><div class=\"uvc-main-heading ult-responsive\"  data-ultimate-target='.uvc-heading.ultimate-heading-609469ddf29f1a184 h2'  data-responsive-json-new='{\"font-size\":\"desktop:36px;\",\"line-height\":\"desktop:36px;\"}' ><h2 style=\"font-weight:bold;margin-bottom:20px;\">SERVEIS DE LAMPISTERIA<\/h2><\/div><\/div>[vc_column_text css=&#8221;.vc_custom_1536062865215{padding-bottom: 20px !important;}&#8221;]Serveis de lampisteria professionals, amb respostes r\u00e0pides i eficients. Tractament d&#8217;Aigua, Gas, Electricitat, Calefacci\u00f3, Aire Condicionat, Descalcificaci\u00f3, Energia Solar, i Telecomunicacions.[\/vc_column_text][vc_row_inner css=&#8221;.vc_custom_1532428721587{margin-top: 45px !important;padding-right: 0px !important;padding-left: 0px !important;}&#8221;][vc_column_inner width=&#8221;1\/3&#8243; css=&#8221;.vc_custom_1532428910875{padding-right: 0px !important;padding-left: 0px !important;}&#8221;][vc_hoverbox image=&#8221;1254&#8243; primary_title=&#8221;&#8221; hover_title=&#8221;&#8221; shape=&#8221;square&#8221; hover_background_color=&#8221;custom&#8221; hover_custom_background=&#8221;#fefaf2&#8243;]<\/p>\n<h4 style=\"text-align: center;\"><a href=\"https:\/\/www.electrosol.cat\/ca\/serveis-lampisteria\/aire-condicionat\/\"><img loading=\"lazy\" decoding=\"async\" class=\"size-medium wp-image-1130 aligncenter\" src=\"https:\/\/www.electrosol.cat\/wp-content\/uploads\/2018\/05\/icon-electrosol-aire-acondicionado-300x300.png\" alt=\"\" width=\"250\" height=\"250\" srcset=\"https:\/\/www.electrosol.cat\/wp-content\/uploads\/2018\/05\/icon-electrosol-aire-acondicionado-300x300.png 300w, https:\/\/www.electrosol.cat\/wp-content\/uploads\/2018\/05\/icon-electrosol-aire-acondicionado-200x200.png 200w, https:\/\/www.electrosol.cat\/wp-content\/uploads\/2018\/05\/icon-electrosol-aire-acondicionado-150x150.png 150w, https:\/\/www.electrosol.cat\/wp-content\/uploads\/2018\/05\/icon-electrosol-aire-acondicionado.png 400w\" sizes=\"auto, (max-width: 250px) 100vw, 250px\" \/><\/a>Aire Condicionat<\/h4>\n<p>[\/vc_hoverbox][\/vc_column_inner][vc_column_inner width=&#8221;1\/3&#8243; css=&#8221;.vc_custom_1532428918232{padding-right: 0px !important;padding-left: 0px !important;}&#8221;][vc_hoverbox image=&#8221;1256&#8243; primary_title=&#8221;&#8221; hover_title=&#8221;&#8221; shape=&#8221;square&#8221; hover_background_color=&#8221;custom&#8221; hover_custom_background=&#8221;#f0f8e8&#8243;]<\/p>\n<h4 style=\"text-align: center;\"><a href=\"https:\/\/www.electrosol.cat\/ca\/serveis-lampisteria\/gas\/\"><img loading=\"lazy\" decoding=\"async\" class=\"size-medium wp-image-1148 aligncenter\" src=\"https:\/\/www.electrosol.cat\/wp-content\/uploads\/2018\/05\/icon-electrosol-gas-v-300x300.png\" alt=\"\" width=\"250\" height=\"250\" srcset=\"https:\/\/www.electrosol.cat\/wp-content\/uploads\/2018\/05\/icon-electrosol-gas-v-300x300.png 300w, https:\/\/www.electrosol.cat\/wp-content\/uploads\/2018\/05\/icon-electrosol-gas-v-200x200.png 200w, https:\/\/www.electrosol.cat\/wp-content\/uploads\/2018\/05\/icon-electrosol-gas-v-150x150.png 150w, https:\/\/www.electrosol.cat\/wp-content\/uploads\/2018\/05\/icon-electrosol-gas-v.png 400w\" sizes=\"auto, (max-width: 250px) 100vw, 250px\" \/><\/a>Gas<\/h4>\n<p>[\/vc_hoverbox][\/vc_column_inner][vc_column_inner width=&#8221;1\/3&#8243; css=&#8221;.vc_custom_1532428926320{padding-right: 0px !important;padding-left: 0px !important;}&#8221;][vc_hoverbox image=&#8221;1023&#8243; primary_title=&#8221;&#8221; hover_title=&#8221;&#8221; shape=&#8221;square&#8221; hover_background_color=&#8221;custom&#8221; hover_custom_background=&#8221;#e5f1f8&#8243;]<\/p>\n<h4 style=\"text-align: center;\"><a href=\"https:\/\/www.electrosol.cat\/ca\/serveis-lampisteria\/descalcificacio\/\"><img loading=\"lazy\" decoding=\"async\" class=\"size-medium wp-image-1146 aligncenter\" src=\"https:\/\/www.electrosol.cat\/wp-content\/uploads\/2018\/05\/icon-electrosol-calefaccion-azul-300x300.png\" alt=\"\" width=\"250\" height=\"250\" srcset=\"https:\/\/www.electrosol.cat\/wp-content\/uploads\/2018\/05\/icon-electrosol-calefaccion-azul-300x300.png 300w, https:\/\/www.electrosol.cat\/wp-content\/uploads\/2018\/05\/icon-electrosol-calefaccion-azul-200x200.png 200w, https:\/\/www.electrosol.cat\/wp-content\/uploads\/2018\/05\/icon-electrosol-calefaccion-azul-150x150.png 150w, https:\/\/www.electrosol.cat\/wp-content\/uploads\/2018\/05\/icon-electrosol-calefaccion-azul.png 400w\" sizes=\"auto, (max-width: 250px) 100vw, 250px\" \/><\/a>Descalcificaci\u00f3<\/h4>\n<p>[\/vc_hoverbox][\/vc_column_inner][\/vc_row_inner][vc_row_inner css=&#8221;.vc_custom_1532428795974{padding-right: 0px !important;padding-left: 0px !important;}&#8221;][vc_column_inner width=&#8221;1\/3&#8243; css=&#8221;.vc_custom_1532428948776{padding-right: 0px !important;padding-left: 0px !important;}&#8221;][vc_hoverbox image=&#8221;1028&#8243; primary_title=&#8221;&#8221; hover_title=&#8221;&#8221; shape=&#8221;square&#8221; hover_background_color=&#8221;custom&#8221; hover_custom_background=&#8221;#f0f8e8&#8243;]<\/p>\n<h4 style=\"text-align: center;\"><a href=\"https:\/\/www.electrosol.cat\/ca\/serveis-lampisteria\/telecomunicacions\/\"><img loading=\"lazy\" decoding=\"async\" class=\"size-medium wp-image-1148 aligncenter\" src=\"https:\/\/www.electrosol.cat\/wp-content\/uploads\/2018\/05\/icon-electrosol-gas-v-300x300.png\" alt=\"\" width=\"250\" height=\"250\" srcset=\"https:\/\/www.electrosol.cat\/wp-content\/uploads\/2018\/05\/icon-electrosol-gas-v-300x300.png 300w, https:\/\/www.electrosol.cat\/wp-content\/uploads\/2018\/05\/icon-electrosol-gas-v-200x200.png 200w, https:\/\/www.electrosol.cat\/wp-content\/uploads\/2018\/05\/icon-electrosol-gas-v-150x150.png 150w, https:\/\/www.electrosol.cat\/wp-content\/uploads\/2018\/05\/icon-electrosol-gas-v.png 400w\" sizes=\"auto, (max-width: 250px) 100vw, 250px\" \/><\/a>Telecomunicacions<\/h4>\n<p>[\/vc_hoverbox][\/vc_column_inner][vc_column_inner width=&#8221;1\/3&#8243; css=&#8221;.vc_custom_1532428954784{padding-right: 0px !important;padding-left: 0px !important;}&#8221;][vc_hoverbox image=&#8221;1261&#8243; primary_title=&#8221;&#8221; hover_title=&#8221;&#8221; shape=&#8221;square&#8221; hover_background_color=&#8221;custom&#8221; hover_custom_background=&#8221;#e5f1f8&#8243;]<\/p>\n<h4 style=\"text-align: center;\"><a href=\"https:\/\/www.electrosol.cat\/ca\/serveis-lampisteria\/calefaccio\/\"><img loading=\"lazy\" decoding=\"async\" class=\"size-medium wp-image-1146 aligncenter\" src=\"https:\/\/www.electrosol.cat\/wp-content\/uploads\/2018\/05\/icon-electrosol-calefaccion-azul-300x300.png\" alt=\"\" width=\"250\" height=\"250\" srcset=\"https:\/\/www.electrosol.cat\/wp-content\/uploads\/2018\/05\/icon-electrosol-calefaccion-azul-300x300.png 300w, https:\/\/www.electrosol.cat\/wp-content\/uploads\/2018\/05\/icon-electrosol-calefaccion-azul-200x200.png 200w, https:\/\/www.electrosol.cat\/wp-content\/uploads\/2018\/05\/icon-electrosol-calefaccion-azul-150x150.png 150w, https:\/\/www.electrosol.cat\/wp-content\/uploads\/2018\/05\/icon-electrosol-calefaccion-azul.png 400w\" sizes=\"auto, (max-width: 250px) 100vw, 250px\" \/><\/a>Calefacci\u00f3<\/h4>\n<p>[\/vc_hoverbox][\/vc_column_inner][vc_column_inner width=&#8221;1\/3&#8243; css=&#8221;.vc_custom_1532428961455{padding-right: 0px !important;padding-left: 0px !important;}&#8221;][vc_hoverbox image=&#8221;1025&#8243; primary_title=&#8221;&#8221; hover_title=&#8221;&#8221; shape=&#8221;square&#8221; hover_background_color=&#8221;custom&#8221; hover_custom_background=&#8221;#e5f1f8&#8243;]<\/p>\n<h4 style=\"text-align: center;\"><a href=\"https:\/\/www.electrosol.cat\/ca\/serveis-lampisteria\/energies-i-gestio-energetica\/\"><img loading=\"lazy\" decoding=\"async\" class=\"size-medium wp-image-1146 aligncenter\" src=\"https:\/\/www.electrosol.cat\/wp-content\/uploads\/2018\/05\/icon-electrosol-calefaccion-azul-300x300.png\" alt=\"\" width=\"250\" height=\"250\" srcset=\"https:\/\/www.electrosol.cat\/wp-content\/uploads\/2018\/05\/icon-electrosol-calefaccion-azul-300x300.png 300w, https:\/\/www.electrosol.cat\/wp-content\/uploads\/2018\/05\/icon-electrosol-calefaccion-azul-200x200.png 200w, https:\/\/www.electrosol.cat\/wp-content\/uploads\/2018\/05\/icon-electrosol-calefaccion-azul-150x150.png 150w, https:\/\/www.electrosol.cat\/wp-content\/uploads\/2018\/05\/icon-electrosol-calefaccion-azul.png 400w\" sizes=\"auto, (max-width: 250px) 100vw, 250px\" \/><\/a>Energies i Gesti\u00f3 Energ\u00e8tica<\/h4>\n<p>[\/vc_hoverbox][\/vc_column_inner][\/vc_row_inner][vc_row_inner css=&#8221;.vc_custom_1532428795974{padding-right: 0px !important;padding-left: 0px !important;}&#8221;][vc_column_inner width=&#8221;1\/3&#8243; css=&#8221;.vc_custom_1532428967947{padding-right: 0px !important;padding-left: 0px !important;}&#8221;][vc_hoverbox image=&#8221;1024&#8243; primary_title=&#8221;&#8221; hover_title=&#8221;&#8221; shape=&#8221;square&#8221; hover_background_color=&#8221;custom&#8221; hover_custom_background=&#8221;#fefaf2&#8243;]<\/p>\n<h4 style=\"text-align: center;\"><a href=\"https:\/\/www.electrosol.cat\/ca\/serveis-lampisteria\/electricitat\/\"><img loading=\"lazy\" decoding=\"async\" class=\"size-medium wp-image-1130 aligncenter\" src=\"https:\/\/www.electrosol.cat\/wp-content\/uploads\/2018\/05\/icon-electrosol-aire-acondicionado-300x300.png\" alt=\"\" width=\"250\" height=\"250\" srcset=\"https:\/\/www.electrosol.cat\/wp-content\/uploads\/2018\/05\/icon-electrosol-aire-acondicionado-300x300.png 300w, https:\/\/www.electrosol.cat\/wp-content\/uploads\/2018\/05\/icon-electrosol-aire-acondicionado-200x200.png 200w, https:\/\/www.electrosol.cat\/wp-content\/uploads\/2018\/05\/icon-electrosol-aire-acondicionado-150x150.png 150w, https:\/\/www.electrosol.cat\/wp-content\/uploads\/2018\/05\/icon-electrosol-aire-acondicionado.png 400w\" sizes=\"auto, (max-width: 250px) 100vw, 250px\" \/><\/a>Electricitat<\/h4>\n<p>[\/vc_hoverbox][\/vc_column_inner][vc_column_inner width=&#8221;1\/3&#8243; css=&#8221;.vc_custom_1532428973965{padding-right: 0px !important;padding-left: 0px !important;}&#8221;][vc_hoverbox image=&#8221;1257&#8243; primary_title=&#8221;&#8221; hover_title=&#8221;&#8221; shape=&#8221;square&#8221; hover_background_color=&#8221;custom&#8221; hover_custom_background=&#8221;#fefaf2&#8243;]<\/p>\n<h4 style=\"text-align: center;\"><a href=\"https:\/\/www.electrosol.cat\/ca\/serveis-lampisteria\/tractaments-daigua\/\"><img loading=\"lazy\" decoding=\"async\" class=\"size-medium wp-image-1130 aligncenter\" src=\"https:\/\/www.electrosol.cat\/wp-content\/uploads\/2018\/05\/icon-electrosol-aire-acondicionado-300x300.png\" alt=\"\" width=\"250\" height=\"250\" srcset=\"https:\/\/www.electrosol.cat\/wp-content\/uploads\/2018\/05\/icon-electrosol-aire-acondicionado-300x300.png 300w, https:\/\/www.electrosol.cat\/wp-content\/uploads\/2018\/05\/icon-electrosol-aire-acondicionado-200x200.png 200w, https:\/\/www.electrosol.cat\/wp-content\/uploads\/2018\/05\/icon-electrosol-aire-acondicionado-150x150.png 150w, https:\/\/www.electrosol.cat\/wp-content\/uploads\/2018\/05\/icon-electrosol-aire-acondicionado.png 400w\" sizes=\"auto, (max-width: 250px) 100vw, 250px\" \/><\/a>Tractament d&#8217;aig\u00fces<\/h4>\n<p>[\/vc_hoverbox][\/vc_column_inner][vc_column_inner width=&#8221;1\/3&#8243; css=&#8221;.vc_custom_1532428980829{padding-right: 0px !important;padding-left: 0px !important;}&#8221;][vc_hoverbox image=&#8221;1027&#8243; primary_title=&#8221;&#8221; hover_title=&#8221;&#8221; shape=&#8221;square&#8221; hover_background_color=&#8221;custom&#8221; hover_custom_background=&#8221;#f0f8e8&#8243;]<\/p>\n<h4 style=\"text-align: center;\"><a href=\"https:\/\/www.electrosol.cat\/ca\/serveis-lampisteria\/servei-tecnic-integral\/\"><img loading=\"lazy\" decoding=\"async\" class=\"size-medium wp-image-1148 aligncenter\" src=\"https:\/\/www.electrosol.cat\/wp-content\/uploads\/2018\/05\/icon-electrosol-gas-v-300x300.png\" alt=\"\" width=\"250\" height=\"250\" srcset=\"https:\/\/www.electrosol.cat\/wp-content\/uploads\/2018\/05\/icon-electrosol-gas-v-300x300.png 300w, https:\/\/www.electrosol.cat\/wp-content\/uploads\/2018\/05\/icon-electrosol-gas-v-200x200.png 200w, https:\/\/www.electrosol.cat\/wp-content\/uploads\/2018\/05\/icon-electrosol-gas-v-150x150.png 150w, https:\/\/www.electrosol.cat\/wp-content\/uploads\/2018\/05\/icon-electrosol-gas-v.png 400w\" sizes=\"auto, (max-width: 250px) 100vw, 250px\" \/><\/a>Servei T\u00e8cnic Integral<\/h4>\n<p>[\/vc_hoverbox][\/vc_column_inner][\/vc_row_inner][\/vc_column][\/vc_row]<\/p>\n<\/div>","protected":false},"excerpt":{"rendered":"<p>[vc_row full_width=&#8221;stretch_row&#8221; equal_height=&#8221;yes&#8221; content_placement=&#8221;middle&#8221; bg_type=&#8221;grad&#8221; css=&#8221;.vc_custom_1532429060211{padding-top: 70px !important;padding-bottom: 70px !important;}&#8221; bg_grad=&#8221;background: -webkit-gradient(linear, left top, left bottom, color-stop(0%, #ECF7FF), color-stop(13%, #FFFFFF));background: -moz-linear-gradient(top,#ECF7FF 0%,#FFFFFF 13%);background: -webkit-linear-gradient(top,#ECF7FF 0%,#FFFFFF 13%);background: -o-linear-gradient(top,#ECF7FF 0%,#FFFFFF 13%);background: -ms-linear-gradient(top,#ECF7FF 0%,#FFFFFF 13%);background: linear-gradient(top,#ECF7FF 0%,#FFFFFF 13%);&#8221;][vc_column][vc_column_text css=&#8221;.vc_custom_1536062865215{padding-bottom: 20px !important;}&#8221;]Serveis de lampisteria professionals, amb respostes r\u00e0pides i eficients. Tractament d&#8217;Aigua, Gas, Electricitat, Calefacci\u00f3, Aire Condicionat, Descalcificaci\u00f3, Energia&hellip;<\/p>\n","protected":false},"author":1,"featured_media":0,"parent":0,"menu_order":2,"comment_status":"closed","ping_status":"closed","template":"","meta":{"_acf_changed":false,"footnotes":""},"class_list":["post-2095","page","type-page","status-publish","hentry","description-off"],"acf":[],"_links":{"self":[{"href":"https:\/\/www.electrosol.cat\/ca\/wp-json\/wp\/v2\/pages\/2095","targetHints":{"allow":["GET"]}}],"collection":[{"href":"https:\/\/www.electrosol.cat\/ca\/wp-json\/wp\/v2\/pages"}],"about":[{"href":"https:\/\/www.electrosol.cat\/ca\/wp-json\/wp\/v2\/types\/page"}],"author":[{"embeddable":true,"href":"https:\/\/www.electrosol.cat\/ca\/wp-json\/wp\/v2\/users\/1"}],"replies":[{"embeddable":true,"href":"https:\/\/www.electrosol.cat\/ca\/wp-json\/wp\/v2\/comments?post=2095"}],"version-history":[{"count":0,"href":"https:\/\/www.electrosol.cat\/ca\/wp-json\/wp\/v2\/pages\/2095\/revisions"}],"wp:attachment":[{"href":"https:\/\/www.electrosol.cat\/ca\/wp-json\/wp\/v2\/media?parent=2095"}],"curies":[{"name":"wp","href":"https:\/\/api.w.org\/{rel}","templated":true}]}}