{"id":1984,"date":"2018-08-13T12:33:28","date_gmt":"2018-08-13T10:33:28","guid":{"rendered":"https:\/\/www.electrosol.cat\/producto\/calentador-thermor-11-litros-estanco-top-sealed-termostatico-2\/"},"modified":"2022-01-19T16:50:29","modified_gmt":"2022-01-19T15:50:29","slug":"calentador-thermor-11-litros-estanco-top-sealed-termostatico-2","status":"publish","type":"product","link":"https:\/\/www.electrosol.cat\/ca\/producto\/calentador-thermor-11-litros-estanco-top-sealed-termostatico-2\/","title":{"rendered":"Calentador Thermor 11 litros Estanco Top Sealed Termost\u00e1tico"},"content":{"rendered":"<h2><a href=\"https:\/\/www.electrosol.cat\/decalogo-para-el-ahorro-de-energia\/\">Calentador<\/a> termost\u00e1tico de c\u00e1mara estanca Top Sealed de <a href=\"http:\/\/www.thermor.es\/Catalogo\/Buscar-por-categoria\/Calentadores-a-gas\/Top-Sealed\">Thermor<\/a>.<\/h2>\n<p>Proporciona un elevado <strong>nivel de confort<\/strong>, gracias a su sistema de control electr\u00f3nico monomando que permite un ajuste perfecto de la temperatura.<\/p>\n<h3>Caracter\u00edsticas:<\/h3>\n<div class=\"article-description\">\n<ul>\n<li><strong>Intercambiador<\/strong> que proporciona una mayor protecci\u00f3n\u00a0y capacidad de resistencia<\/li>\n<li>Encendido electr\u00f3nico a red el\u00e9ctrica por ionizaci\u00f3n de la llama permitiendo un importante <strong>ahorro energ\u00e9tico<\/strong><\/li>\n<li>Selector de temperatura que permite elegir la temperatura del agua (desde 37\u00ba a 60\u00ba, grado a grado)<\/li>\n<li><strong>Regulaci\u00f3n electr\u00f3nica<\/strong> que permite un control preciso\u00a0de la temperatura<\/li>\n<li><strong>2 a\u00f1os de Garant\u00eda Total<\/strong><\/li>\n<li>Pantalla con Display digital que informa de la temperatura del agua seleccionada<\/li>\n<li>Bolsa completa de accesorios que facilitan la instalaci\u00f3n hidr\u00e1ulica y de gas<\/li>\n<li>Kit horizontal de evacuaci\u00f3n incluido 60\/100 mm<\/li>\n<li>Dispositivo de control de combusti\u00f3n continuo<\/li>\n<\/ul>\n<\/div>\n","protected":false},"excerpt":{"rendered":"<p>Calentador termost\u00e1tico de c\u00e1mara estanca Top Sealed de Thermor. Proporciona un elevado nivel de confort, gracias a su sistema de control electr\u00f3nico monomando que permite un ajuste perfecto de la temperatura. Caracter\u00edsticas: Intercambiador que proporciona una mayor protecci\u00f3n\u00a0y capacidad de resistencia Encendido electr\u00f3nico a red el\u00e9ctrica por ionizaci\u00f3n de la llama permitiendo un importante ahorro&hellip;<\/p>\n","protected":false},"featured_media":2189,"template":"","meta":{"_acf_changed":false},"product_brand":[130],"product_cat":[89,101],"product_tag":[108,107],"class_list":{"0":"post-1984","1":"product","2":"type-product","3":"status-publish","4":"has-post-thumbnail","6":"product_brand-thermor","7":"product_cat-calentadores-a-gas","8":"product_cat-ofertas","9":"product_tag-calentador","10":"product_tag-thermor","11":"description-off","13":"first","14":"instock","15":"shipping-taxable","16":"purchasable","17":"product-type-simple"},"acf":[],"_links":{"self":[{"href":"https:\/\/www.electrosol.cat\/ca\/wp-json\/wp\/v2\/product\/1984","targetHints":{"allow":["GET"]}}],"collection":[{"href":"https:\/\/www.electrosol.cat\/ca\/wp-json\/wp\/v2\/product"}],"about":[{"href":"https:\/\/www.electrosol.cat\/ca\/wp-json\/wp\/v2\/types\/product"}],"wp:featuredmedia":[{"embeddable":true,"href":"https:\/\/www.electrosol.cat\/ca\/wp-json\/wp\/v2\/media\/2189"}],"wp:attachment":[{"href":"https:\/\/www.electrosol.cat\/ca\/wp-json\/wp\/v2\/media?parent=1984"}],"wp:term":[{"taxonomy":"product_brand","embeddable":true,"href":"https:\/\/www.electrosol.cat\/ca\/wp-json\/wp\/v2\/product_brand?post=1984"},{"taxonomy":"product_cat","embeddable":true,"href":"https:\/\/www.electrosol.cat\/ca\/wp-json\/wp\/v2\/product_cat?post=1984"},{"taxonomy":"product_tag","embeddable":true,"href":"https:\/\/www.electrosol.cat\/ca\/wp-json\/wp\/v2\/product_tag?post=1984"}],"curies":[{"name":"wp","href":"https:\/\/api.w.org\/{rel}","templated":true}]}}