{"id":2416,"date":"2018-08-13T12:33:28","date_gmt":"2018-08-13T12:33:28","guid":{"rendered":"https:\/\/www.electrosol.cat\/producto\/calentador-junkers-12l-wtd12ame-estanco-termostatico\/"},"modified":"2025-11-17T07:22:58","modified_gmt":"2025-11-17T06:22:58","slug":"calentador-junkers-12l-wtd12ame-estanco-termostatico","status":"publish","type":"product","link":"https:\/\/www.electrosol.cat\/ca\/producto\/calentador-junkers-12l-wtd12ame-estanco-termostatico\/","title":{"rendered":"Escalfador Junkers 12L  WTD12AME Estanc Termost\u00e1tic"},"content":{"rendered":"<h2>Ventajas y Beneficios del Junkers 12 Litros Gas Natural HydroCOMPACT WTD12 AME<\/h2>\n<p>Los nuevos calentadores estancos <strong>termost\u00e1ticos<\/strong> Hydro-Compact de <a href=\"https:\/\/www.junkers.es\/usuario_final\/productos\/catalogo_usuario\/producto_23488\">Junkers<\/a>, son los \u00fanicos del mercado con <strong>ventilador modulante<\/strong> y el mayor rango de capacidades en su clase, modelos de 12, 15 y 18 lits\/min.<\/p>\n<p>Ofrecen el mayor valor de rendimiento en un aparato estanco (94%) del rango domestico: de 11 a 18 litros.<\/p>\n<p>El menor valor de potencia m\u00ednima del mercado (2,9; 3,8; 4,8 kW); muy importante para la precisi\u00f3n de temperatura de salida de a.c.s.: menor potencia m\u00ednima de los aparatos el ajuste de gasto energ\u00e9tico es m\u00e1s exacto, por eso el aparato es m\u00e1s eficiente y ecol\u00f3gico, como tal representa m\u00e1s ahorro en todas las frentes.<\/p>\n<p>Al ser termost\u00e1ticos, ajustan su potencia grado a grado a las necesidades del usuario, evitando malgastar agua y <a href=\"https:\/\/www.electrosol.cat\/ca\/decalogo-para-el-ahorro-de-energia\/\">ahorrando a la vez energ\u00eda<\/a>.<\/p>\n<h3>\u00bfPara qui\u00e9n est\u00e1 pensado?<\/h3>\n<p>El\u00a0<strong>Junkers 12 Litros Gas Natural HydroCOMPACT WTD12 AME<\/strong>\u00a0dispone del caudal suficiente para cubrir las necesidades de m\u00e1ximo confort en agua caliente sanitaria\u00a0<strong>para todo tipo de familias o grupos de personas, en viviendas con 1 cocina y un ba\u00f1o,<\/strong>\u00a0cuya demanda de agua s\u00f3lo se haga en un punto (no es aconsejable abrir dos puntos simult\u00e1neos). Para el caso de viviendas de 2 ba\u00f1os se puede lograr igualmente un nivel de confort satisfactorio.<\/p>\n<p>Gracias al\u00a0<strong>ventilador modulante autom\u00e1tico<\/strong>\u00a0que incorpora, resulta igualmente\u00a0<strong>adecuado para instalaciones o lugares de escasa ventilaci\u00f3n<\/strong>\u00a0a la hora de expulsar los gases derivados de la combusti\u00f3n fuera de la vivienda,\u00a0<strong>garantizando la m\u00e1xima seguridad<\/strong>\u00a0gracias a la total estanqueidad de su c\u00e1mara de combusti\u00f3n.<\/p>\n<h3>Uso y funcionamiento<\/h3>\n<p>El\u00a0<strong>panel de control y display digital<\/strong>\u00a0del Junkers 12 Litros Gas Natural HydroCOMPACT WTD12 AME facilitan en gran medida su uso. Pues incorpora en dicho panel las funciones principales (Encender\/Apagar, Control de Temperatura y Caudal, etc.). \u00a0El calentador viene\u00a0<strong>preparado igualmente para funcionar como apoyo a sistemas de energ\u00eda solar t\u00e9rmica<\/strong>\u00a0gracias al mecanismo<em>\u00a0SolarQuick,\u00a0<\/em>mediante el cu\u00e1l detecta la temperatura de entrada y consume justo el gas necesario para la temperatura deseada,\u00a0lo cu\u00e1l permite ser respetuosos con el medio ambiente al reducir el consumo el\u00e9ctrico.<\/p>\n<h3>Ahorro y eficiencia energ\u00e9tica<\/h3>\n<p>Si te preocupa el ahorro y la eficiencia energ\u00e9tica, estar\u00e1s al tanto de los grandes avances que se est\u00e1n llevando a cabo en el uso de recursos naturales, lo que permite una gran reducci\u00f3n en las emisiones de gases, mejorando la sostenibilidad.<\/p>\n<p>Con\u00a0<strong>clasificaci\u00f3n de eficiencia energ\u00e9tica A<\/strong>, este calentador termost\u00e1tico permite al usuario seleccionar y regular la potencia grado a grado, lo que contribuye a un menor gasto de agua y a un consumo m\u00e1s eficiente y preciso, siendo respetuosos con el medio ambiente.<\/p>\n<div class=\"ficha-producto-recuadro\">\n<p>&nbsp;<\/p>\n<\/div>\n","protected":false},"excerpt":{"rendered":"<p>Ventajas y Beneficios del Junkers 12 Litros Gas Natural HydroCOMPACT WTD12 AME Los nuevos calentadores estancos termost\u00e1ticos Hydro-Compact de Junkers, son los \u00fanicos del mercado con ventilador modulante y el mayor rango de capacidades en su clase, modelos de 12, 15 y 18 lits\/min. Ofrecen el mayor valor de rendimiento en un aparato estanco (94%)&hellip;<\/p>\n","protected":false},"featured_media":2188,"template":"","meta":{"_acf_changed":false},"product_brand":[370],"product_cat":[221],"product_tag":[235,236],"class_list":{"0":"post-2416","1":"product","2":"type-product","3":"status-publish","4":"has-post-thumbnail","6":"product_brand-junkers-ca","7":"product_cat-escalfadors-de-gas","8":"product_tag-calentador-ca","9":"product_tag-junkers-ca","10":"description-off","12":"first","13":"instock","14":"shipping-taxable","15":"purchasable","16":"product-type-simple"},"acf":[],"_links":{"self":[{"href":"https:\/\/www.electrosol.cat\/ca\/wp-json\/wp\/v2\/product\/2416","targetHints":{"allow":["GET"]}}],"collection":[{"href":"https:\/\/www.electrosol.cat\/ca\/wp-json\/wp\/v2\/product"}],"about":[{"href":"https:\/\/www.electrosol.cat\/ca\/wp-json\/wp\/v2\/types\/product"}],"wp:featuredmedia":[{"embeddable":true,"href":"https:\/\/www.electrosol.cat\/ca\/wp-json\/wp\/v2\/media\/2188"}],"wp:attachment":[{"href":"https:\/\/www.electrosol.cat\/ca\/wp-json\/wp\/v2\/media?parent=2416"}],"wp:term":[{"taxonomy":"product_brand","embeddable":true,"href":"https:\/\/www.electrosol.cat\/ca\/wp-json\/wp\/v2\/product_brand?post=2416"},{"taxonomy":"product_cat","embeddable":true,"href":"https:\/\/www.electrosol.cat\/ca\/wp-json\/wp\/v2\/product_cat?post=2416"},{"taxonomy":"product_tag","embeddable":true,"href":"https:\/\/www.electrosol.cat\/ca\/wp-json\/wp\/v2\/product_tag?post=2416"}],"curies":[{"name":"wp","href":"https:\/\/api.w.org\/{rel}","templated":true}]}}