{"id":2419,"date":"2018-08-13T12:33:28","date_gmt":"2018-08-13T10:33:28","guid":{"rendered":"https:\/\/www.electrosol.cat\/producto\/caldera-sime-praktica-he-25-condensacion\/"},"modified":"2025-02-18T20:00:22","modified_gmt":"2025-02-18T19:00:22","slug":"caldera-sime-praktica-he-25-condensacion","status":"publish","type":"product","link":"https:\/\/www.electrosol.cat\/ca\/producto\/caldera-sime-praktica-he-25-condensacion\/","title":{"rendered":"Caldera Sime Pr\u00e1ktica HE 25 Condensaci\u00f3"},"content":{"rendered":"<h3 class=\"as-layer as-always as-padding\" data-horizontal=\"199\" data-vertical=\"63\"><strong>Caldera altas prestaciones, tama\u00f1o compacto<\/strong><\/h3>\n<div class=\"as-layer as-always as-white\" data-horizontal=\"178\" data-vertical=\"107\">\n<ul>\n<li>Una \u00fanica medida para todas las potencias.<\/li>\n<li>Intercambiador\u00a0patentado de <strong>acero inoxidable<\/strong>.<\/li>\n<li>Grupo hidr\u00e1ulico fabricado en<strong> lat\u00f3n<\/strong>.<\/li>\n<li>Sin c\u00e1mara post-combustion.<\/li>\n<li>Menor velocidad del agua = Menos ruido.<\/li>\n<\/ul>\n<h3>Caracter\u00edsticas<\/h3>\n<p>Las \u00a0Praktica HE son <a href=\"https:\/\/www.electrosol.cat\/ca\/productes-botiga\/calderes\/\">calderas<\/a> murales de condensaci\u00f3n de \u00faltima generaci\u00f3n, que <a href=\"https:\/\/www.calderassime.com\/#calderas-de-condensacion\">Sime<\/a> ha creado para la <strong>calefacci\u00f3n<\/strong> y la <strong>producci\u00f3n de agua sanitaria instant\u00e1nea.<\/strong> Estas son las principales decisiones de dise\u00f1o que Sime ha adoptado para las calderas Praktica HE:<\/p>\n<p>\u2013 El quemador de microllama con premezclado total combinado con un cuerpo de intercambio, de acero, para calefacci\u00f3n y un intercambiador r\u00e1pido para ACS \u2013 la c\u00e1mara de combusti\u00f3n estanca, que puede clasificarse como de \u201cTipo C\u201d o de \u201cTipo B\u201d, con respecto al local en el que est\u00e1 instalada la caldera, dependiendo de la configuraci\u00f3n de la salida de humos adoptada durante la instalaci\u00f3n<\/p>\n<p>\u2013 La tarjeta electr\u00f3nica de mando y control, con microprocesador, adem\u00e1s de permitir un mejor manejo de la instalaci\u00f3n de <a href=\"https:\/\/www.electrosol.cat\/ca\/decalogo-para-el-ahorro-de-energia\/\">calefacci\u00f3n<\/a> y de producci\u00f3n de agua caliente sanitaria, ofrece la posibilidad de conexi\u00f3n a termostatos de ambiente o a un control remoto (con protocolo Open Therm), a una sonda auxiliar para la conexi\u00f3n de kits solares, en su caso, y tambi\u00e9n a una sonda externa. En este \u00faltimo caso, la temperatura de la caldera var\u00eda en funci\u00f3n de la temperatura exterior, de acuerdo con la curva clim\u00e1tica ideal seleccionada, lo cual supone un considerable ahorro energ\u00e9tico y econ\u00f3mico.<\/p>\n<h3>Las calderas Praktica HE presentan otras peculiaridades, como:<\/h3>\n<p>\u2013 <strong>funci\u00f3n antihielo<\/strong> que se activa autom\u00e1ticamente si la temperatura del agua de la caldera desciende por debajo del valor definido en el par\u00e1metro &#8220;tS 1.0&#8221; y, si hay una sonda externa instalada, si la temperatura exterior desciende por debajo del valor definido en el par\u00e1metro &#8220;tS 1.1&#8221;.<\/p>\n<p>\u2013 funci\u00f3n antibloqueo de la bomba y de la v\u00e1lvula desviadora, se activa autom\u00e1ticamente cada 24 horas si no se ha producido ninguna demanda de calor \u2013 funci\u00f3n deshollinador que dura 15 minutos y facilita la labor del personal cualificado a la hora de medir los par\u00e1metros y el rendimiento de combusti\u00f3n<\/p>\n<p>\u2013 visualizaci\u00f3n, en la<strong> pantalla<\/strong>, de los par\u00e1metros de funcionamiento y autodiagn\u00f3stico, con indicaci\u00f3n de los c\u00f3digos de error en el momento de la aver\u00eda, que simplifica las tareas de reparaci\u00f3n y restablecimiento del correcto funcionamiento del aparato.<\/p>\n<\/div>\n","protected":false},"excerpt":{"rendered":"<p>Caldera altas prestaciones, tama\u00f1o compacto Una \u00fanica medida para todas las potencias. Intercambiador\u00a0patentado de acero inoxidable. Grupo hidr\u00e1ulico fabricado en lat\u00f3n. Sin c\u00e1mara post-combustion. Menor velocidad del agua = Menos ruido. Caracter\u00edsticas Las \u00a0Praktica HE son calderas murales de condensaci\u00f3n de \u00faltima generaci\u00f3n, que Sime ha creado para la calefacci\u00f3n y la producci\u00f3n de agua&hellip;<\/p>\n","protected":false},"featured_media":2176,"template":"","meta":{"_acf_changed":false},"product_brand":[375],"product_cat":[219,229],"product_tag":[239,240],"class_list":{"0":"post-2419","1":"product","2":"type-product","3":"status-publish","4":"has-post-thumbnail","6":"product_brand-sime-ca","7":"product_cat-calderes","8":"product_cat-ofertes","9":"product_tag-caldera-ca","10":"product_tag-sime-ca","11":"description-off","13":"first","14":"instock","15":"shipping-taxable","16":"purchasable","17":"product-type-simple"},"acf":[],"_links":{"self":[{"href":"https:\/\/www.electrosol.cat\/ca\/wp-json\/wp\/v2\/product\/2419","targetHints":{"allow":["GET"]}}],"collection":[{"href":"https:\/\/www.electrosol.cat\/ca\/wp-json\/wp\/v2\/product"}],"about":[{"href":"https:\/\/www.electrosol.cat\/ca\/wp-json\/wp\/v2\/types\/product"}],"wp:featuredmedia":[{"embeddable":true,"href":"https:\/\/www.electrosol.cat\/ca\/wp-json\/wp\/v2\/media\/2176"}],"wp:attachment":[{"href":"https:\/\/www.electrosol.cat\/ca\/wp-json\/wp\/v2\/media?parent=2419"}],"wp:term":[{"taxonomy":"product_brand","embeddable":true,"href":"https:\/\/www.electrosol.cat\/ca\/wp-json\/wp\/v2\/product_brand?post=2419"},{"taxonomy":"product_cat","embeddable":true,"href":"https:\/\/www.electrosol.cat\/ca\/wp-json\/wp\/v2\/product_cat?post=2419"},{"taxonomy":"product_tag","embeddable":true,"href":"https:\/\/www.electrosol.cat\/ca\/wp-json\/wp\/v2\/product_tag?post=2419"}],"curies":[{"name":"wp","href":"https:\/\/api.w.org\/{rel}","templated":true}]}}