{"id":2427,"date":"2018-08-13T12:33:25","date_gmt":"2018-08-13T12:33:25","guid":{"rendered":"https:\/\/www.electrosol.cat\/producto\/caldera-victoria-condens-24-24\/"},"modified":"2025-02-18T20:03:19","modified_gmt":"2025-02-18T19:03:19","slug":"caldera-victoria-condens-24-24","status":"publish","type":"product","link":"https:\/\/www.electrosol.cat\/ca\/producto\/caldera-victoria-condens-24-24\/","title":{"rendered":"Caldera Victoria Condens 24\/24"},"content":{"rendered":"<div class=\"pure-u-1 pure-u-lg-3-4\">\n<div class=\"container\">\n<div class=\"text Brand Class \">\n<h2>CARACTER\u00cdSTICAS<\/h2>\n<\/div>\n<\/div>\n<\/div>\n<div class=\"pure-u-1\">\n<div class=\"container\">\n<div class=\"specification-listing \">\n<div class=\"\"><strong class=\"\">Tipo<\/strong><span class=\"\">:\u00a0<\/span>Condensaci\u00f3n<\/div>\n<div class=\"\"><strong class=\"\">Combustible \/ Fuente de Energ\u00eda<\/strong><span class=\"\">:\u00a0<\/span>Gas Natural \/ Gas Propano<\/div>\n<div class=\"\"><strong class=\"\">Instalaci\u00f3n<\/strong><span class=\"\">:\u00a0<\/span>Mural<\/div>\n<div class=\"\"><strong class=\"\">Producci\u00f3n servicios<\/strong><span class=\"\">:\u00a0<\/span>Mixta instant\u00e1nea<\/div>\n<\/div>\n<\/div>\n<\/div>\n<div class=\"pure-u-1\">\n<div class=\"container\">\n<div class=\"product-content \">\n<div class=\"product-long-description\">\n<ul>\n<li><strong>Dise\u00f1o extracompacto<\/strong><br \/>\nSu reducido peso y dimensiones extracompactas facilitan la instalaci\u00f3n de la caldera Baxi <a href=\"https:\/\/www.baxi.es\/productos\/calderas-gas-condensacion\/murales\/victoria-condens\">Victoria<\/a> en armarios de cocina y rincones poco aprovechables.<\/li>\n<li><strong>Alta eficiencia energ\u00e9tica<\/strong><br \/>\nSu circulador modulante integrado reduce el consumo y el nivel sonoro de funcionamiento.<\/li>\n<li><strong>Control sencillo<\/strong><br \/>\nA trav\u00e9s de sus dos selectores y pantalla LCD controlar\u00e1s de forma sencilla tanto la calefacci\u00f3n como la temperatura del agua caliente. Una opci\u00f3n ideal para aquellas personas que desean un <a href=\"https:\/\/www.electrosol.cat\/ca\/serveis-lampisteria\/calefaccio\/\">confort<\/a> directo e inmediato.<\/li>\n<li><strong>Pantalla LCD<\/strong><br \/>\nConoce en todo momento el estado de tu caldera a trav\u00e9s de la pantalla LCD retroiluminada.<\/li>\n<li><strong>F\u00e1cil mantenimiento<\/strong><br \/>\nEl man\u00f3metro frontal facilita las labores de mantenimiento.<\/li>\n<li><strong>Control desde el m\u00f3vil<\/strong><br \/>\nCon el termostato opcional TXM y la app HeatConnect instalada en tus dispositivos m\u00f3viles podr\u00e1s controla f\u00e1cilmente el confort de tu hogar desde cualquier lugar con conexi\u00f3n a internet.<\/li>\n<\/ul>\n<\/div>\n<\/div>\n<\/div>\n<\/div>\n","protected":false},"excerpt":{"rendered":"<p>CARACTER\u00cdSTICAS Tipo:\u00a0Condensaci\u00f3n Combustible \/ Fuente de Energ\u00eda:\u00a0Gas Natural \/ Gas Propano Instalaci\u00f3n:\u00a0Mural Producci\u00f3n servicios:\u00a0Mixta instant\u00e1nea Dise\u00f1o extracompacto Su reducido peso y dimensiones extracompactas facilitan la instalaci\u00f3n de la caldera Baxi Victoria en armarios de cocina y rincones poco aprovechables. Alta eficiencia energ\u00e9tica Su circulador modulante integrado reduce el consumo y el nivel sonoro de funcionamiento.&hellip;<\/p>\n","protected":false},"featured_media":2202,"template":"","meta":{"_acf_changed":false},"product_brand":[359],"product_cat":[219],"product_tag":[241,239],"class_list":{"0":"post-2427","1":"product","2":"type-product","3":"status-publish","4":"has-post-thumbnail","6":"product_brand-baxi-ca","7":"product_cat-calderes","8":"product_tag-baxi-ca-2","9":"product_tag-caldera-ca","10":"description-off","12":"first","13":"instock","14":"shipping-taxable","15":"purchasable","16":"product-type-simple"},"acf":[],"_links":{"self":[{"href":"https:\/\/www.electrosol.cat\/ca\/wp-json\/wp\/v2\/product\/2427","targetHints":{"allow":["GET"]}}],"collection":[{"href":"https:\/\/www.electrosol.cat\/ca\/wp-json\/wp\/v2\/product"}],"about":[{"href":"https:\/\/www.electrosol.cat\/ca\/wp-json\/wp\/v2\/types\/product"}],"wp:featuredmedia":[{"embeddable":true,"href":"https:\/\/www.electrosol.cat\/ca\/wp-json\/wp\/v2\/media\/2202"}],"wp:attachment":[{"href":"https:\/\/www.electrosol.cat\/ca\/wp-json\/wp\/v2\/media?parent=2427"}],"wp:term":[{"taxonomy":"product_brand","embeddable":true,"href":"https:\/\/www.electrosol.cat\/ca\/wp-json\/wp\/v2\/product_brand?post=2427"},{"taxonomy":"product_cat","embeddable":true,"href":"https:\/\/www.electrosol.cat\/ca\/wp-json\/wp\/v2\/product_cat?post=2427"},{"taxonomy":"product_tag","embeddable":true,"href":"https:\/\/www.electrosol.cat\/ca\/wp-json\/wp\/v2\/product_tag?post=2427"}],"curies":[{"name":"wp","href":"https:\/\/api.w.org\/{rel}","templated":true}]}}