{"id":2443,"date":"2018-08-13T12:33:20","date_gmt":"2018-08-13T12:33:20","guid":{"rendered":"https:\/\/www.electrosol.cat\/producto\/osmosis-5-etapas-cm-cs-classic\/"},"modified":"2025-02-23T18:19:41","modified_gmt":"2025-02-23T17:19:41","slug":"osmosis-5-etapas-cm-cs-classic","status":"publish","type":"product","link":"https:\/\/www.electrosol.cat\/ca\/producto\/osmosis-5-etapas-cm-cs-classic\/","title":{"rendered":"\u00d2smosi Madinson Producci\u00f3 Directa"},"content":{"rendered":"<p>Presentamos la \u00faltima generaci\u00f3n de equipos de\u00a0<strong>\u00f3smosis inversa de flujo directo<\/strong>\u00a0o de producci\u00f3n directa, son equipos que\u00a0<strong>no tienen dep\u00f3sito de acumulaci\u00f3n<\/strong>, lo que los hacen ser m\u00e1s compactos, higi\u00e9nicos y ecol\u00f3gicos. El usuario obtendr\u00e1 agua osmotizada de forma directa y sin acumulaci\u00f3n previa, con tan solo abrir el grifo. Gracias al sistema sin dep\u00f3sito de acumulaci\u00f3n, se suprime la posible fuente de contaminaci\u00f3n propia de los sistemas de \u00f3smosis con dep\u00f3sito acumulador.<br \/>\nDesarrollados bajo conceptos de eficiencia y ecolog\u00eda, estos modelos aseguran una fuente ilimitada de agua pura con alta producci\u00f3n, m\u00ednimo rechazo y alta eficiencia.<\/p>\n<p>&nbsp;<\/p>\n<p>&nbsp;<\/p>\n<p>&nbsp;<\/p>\n<p>&nbsp;<\/p>\n<p>&nbsp;<\/p>\n<p>&nbsp;<\/p>\n<p>&nbsp;<\/p>\n<p>&nbsp;<\/p>\n<p>&nbsp;<\/p>\n<p>&nbsp;<\/p>\n<p>&nbsp;<\/p>\n<p>&nbsp;<\/p>\n<p>&nbsp;<\/p>\n<p>&nbsp;<\/p>\n<p>&nbsp;<\/p>\n","protected":false},"excerpt":{"rendered":"<p>Presentamos la \u00faltima generaci\u00f3n de equipos de\u00a0\u00f3smosis inversa de flujo directo\u00a0o de producci\u00f3n directa, son equipos que\u00a0no tienen dep\u00f3sito de acumulaci\u00f3n, lo que los hacen ser m\u00e1s compactos, higi\u00e9nicos y ecol\u00f3gicos. El usuario obtendr\u00e1 agua osmotizada de forma directa y sin acumulaci\u00f3n previa, con tan solo abrir el grifo. Gracias al sistema sin dep\u00f3sito de&hellip;<\/p>\n","protected":false},"featured_media":2923,"template":"","meta":{"_acf_changed":false},"product_brand":[371],"product_cat":[230],"product_tag":[251,246],"class_list":{"0":"post-2443","1":"product","2":"type-product","3":"status-publish","4":"has-post-thumbnail","6":"product_brand-klinwass-ca","7":"product_cat-osmosi-i-tractaments-aigua","8":"product_tag-klinwass-ca","9":"product_tag-osmosis-ca","10":"description-off","12":"first","13":"instock","14":"shipping-taxable","15":"purchasable","16":"product-type-simple"},"acf":[],"_links":{"self":[{"href":"https:\/\/www.electrosol.cat\/ca\/wp-json\/wp\/v2\/product\/2443","targetHints":{"allow":["GET"]}}],"collection":[{"href":"https:\/\/www.electrosol.cat\/ca\/wp-json\/wp\/v2\/product"}],"about":[{"href":"https:\/\/www.electrosol.cat\/ca\/wp-json\/wp\/v2\/types\/product"}],"wp:featuredmedia":[{"embeddable":true,"href":"https:\/\/www.electrosol.cat\/ca\/wp-json\/wp\/v2\/media\/2923"}],"wp:attachment":[{"href":"https:\/\/www.electrosol.cat\/ca\/wp-json\/wp\/v2\/media?parent=2443"}],"wp:term":[{"taxonomy":"product_brand","embeddable":true,"href":"https:\/\/www.electrosol.cat\/ca\/wp-json\/wp\/v2\/product_brand?post=2443"},{"taxonomy":"product_cat","embeddable":true,"href":"https:\/\/www.electrosol.cat\/ca\/wp-json\/wp\/v2\/product_cat?post=2443"},{"taxonomy":"product_tag","embeddable":true,"href":"https:\/\/www.electrosol.cat\/ca\/wp-json\/wp\/v2\/product_tag?post=2443"}],"curies":[{"name":"wp","href":"https:\/\/api.w.org\/{rel}","templated":true}]}}