{"id":2457,"date":"2018-08-13T12:33:17","date_gmt":"2018-08-13T12:33:17","guid":{"rendered":"https:\/\/www.electrosol.cat\/producto\/filtro-automatico-klinwass\/"},"modified":"2025-02-23T18:21:57","modified_gmt":"2025-02-23T17:21:57","slug":"filtro-automatico-klinwass","status":"publish","type":"product","link":"https:\/\/www.electrosol.cat\/ca\/producto\/filtro-automatico-klinwass\/","title":{"rendered":"Filtre autom\u00e0tic Klinwass"},"content":{"rendered":"<p>CARACTERIST\u00cdCAS:<\/p>\n<p><span class=\"s1\">Equipo de filtraci\u00f3n de lavado autom\u00e1tico, con malla de acero a contracorriente, controlado por mecanismo pulsante mediante v\u00e1lvula de diafragma<\/span><span class=\"s1\">Mantiene las instalaciones limpias de impurezas, evitando dep\u00f3sitos que\u00a0<\/span><span class=\"s1\">generan puntos de corrosi\u00f3n y escapes. Evita tambi\u00e9n las obstrucciones en\u00a0<\/span><span class=\"s1\">la instalaci\u00f3n por arrastre de s\u00f3lidos<\/span><span class=\"s1\">Tiempo de lavado programable<\/span><span class=\"s1\">Funcionamiento el\u00e9ctrico o con pilas.Equipo de filtraci\u00f3n de lavado autom\u00e1tico para mantener las instalaciones limpias de impurezas, evitando dep\u00f3sitos que generan puntos de corrosi\u00f3n y escapes.<\/span><\/p>\n","protected":false},"excerpt":{"rendered":"<p>CARACTERIST\u00cdCAS: Equipo de filtraci\u00f3n de lavado autom\u00e1tico, con malla de acero a contracorriente, controlado por mecanismo pulsante mediante v\u00e1lvula de diafragmaMantiene las instalaciones limpias de impurezas, evitando dep\u00f3sitos que\u00a0generan puntos de corrosi\u00f3n y escapes. Evita tambi\u00e9n las obstrucciones en\u00a0la instalaci\u00f3n por arrastre de s\u00f3lidosTiempo de lavado programableFuncionamiento el\u00e9ctrico o con pilas.Equipo de filtraci\u00f3n de lavado&hellip;<\/p>\n","protected":false},"featured_media":2236,"template":"","meta":{"_acf_changed":false},"product_brand":[371],"product_cat":[230],"product_tag":[],"class_list":{"0":"post-2457","1":"product","2":"type-product","3":"status-publish","4":"has-post-thumbnail","6":"product_brand-klinwass-ca","7":"product_cat-osmosi-i-tractaments-aigua","8":"description-off","10":"first","11":"instock","12":"shipping-taxable","13":"purchasable","14":"product-type-simple"},"acf":[],"_links":{"self":[{"href":"https:\/\/www.electrosol.cat\/ca\/wp-json\/wp\/v2\/product\/2457","targetHints":{"allow":["GET"]}}],"collection":[{"href":"https:\/\/www.electrosol.cat\/ca\/wp-json\/wp\/v2\/product"}],"about":[{"href":"https:\/\/www.electrosol.cat\/ca\/wp-json\/wp\/v2\/types\/product"}],"wp:featuredmedia":[{"embeddable":true,"href":"https:\/\/www.electrosol.cat\/ca\/wp-json\/wp\/v2\/media\/2236"}],"wp:attachment":[{"href":"https:\/\/www.electrosol.cat\/ca\/wp-json\/wp\/v2\/media?parent=2457"}],"wp:term":[{"taxonomy":"product_brand","embeddable":true,"href":"https:\/\/www.electrosol.cat\/ca\/wp-json\/wp\/v2\/product_brand?post=2457"},{"taxonomy":"product_cat","embeddable":true,"href":"https:\/\/www.electrosol.cat\/ca\/wp-json\/wp\/v2\/product_cat?post=2457"},{"taxonomy":"product_tag","embeddable":true,"href":"https:\/\/www.electrosol.cat\/ca\/wp-json\/wp\/v2\/product_tag?post=2457"}],"curies":[{"name":"wp","href":"https:\/\/api.w.org\/{rel}","templated":true}]}}