{"id":2460,"date":"2018-08-13T12:33:17","date_gmt":"2018-08-13T12:33:17","guid":{"rendered":"https:\/\/www.electrosol.cat\/producto\/caldera-gasoil-baxiroca-lidia-20-gta-confort-acumulador-120-l\/"},"modified":"2025-02-22T19:55:05","modified_gmt":"2025-02-22T18:55:05","slug":"caldera-gasoil-baxiroca-lidia-20-gta-confort-acumulador-120-l","status":"publish","type":"product","link":"https:\/\/www.electrosol.cat\/ca\/producto\/caldera-gasoil-baxiroca-lidia-20-gta-confort-acumulador-120-l\/","title":{"rendered":"Grupo t\u00e8rmic Lidia EM Eco 20 GTA"},"content":{"rendered":"<p>Caldera de Gasoil\u00a0<strong>Baxiroca LIDIA PLUS<\/strong>\u00a0<strong> CONFORT 20\u00a0GTA\u00a0120L\u00a0<\/strong>\u00a0Con una potencia de 20 kW, en calefacci\u00f3n y Agua Caliente Sanitaria\u00a0Acumulador esmaltado de Fundici\u00f3n. Cuadro control CC-212 SE.<\/p>\n<p>Grupo t\u00e9rmico Lidia Plus 20 GTA 120L CONFORT . Calefacci\u00f3n y Agua Sanitaria por acumulador esmaltado. <strong>Caldera de pie\u00a0Gas\u00f3leo Baxi de Fundici\u00f3n<\/strong>.<\/p>\n<p>Cuadro Control CC-212 SE.<\/p>\n<p>Elegante en el exterior y eficiente en el interior, Grupo T\u00e9rmico de Gas\u00f3leo totalmente carenado, con el quemador integrado dentro de la envolvente.<\/p>\n<p>El dise\u00f1o del cuerpo de Hierro Fundido asegura el mismo consumo.<\/p>\n<p>La producci\u00f3n de Agua Caliente Sanitaria est\u00e1 asegurada por los Acumuladores esmaltados, garant\u00eda de higiene y calidad.<\/p>\n<p>La regulaci\u00f3n de estos equipos se realiza a trav\u00e9s de los Cuadros de Control Electr\u00f3nico CONFORT , que permiten instalar todos los accesorios de la gama CONFORT, como el Termostato Ambiente y central a distancia<strong> v\u00eda radio RA200.<\/strong><\/p>\n<p>-Equipado con todos los\u00a0componentes necesarios para su instalaci\u00f3n y\u00a0mantenimiento.<\/p>\n<p>-Funcionamiento totalmente autom\u00e1tico.<\/p>\n<p>-El grupo t\u00e9rmico se encuentra totalmente\u00a0carenado (caldera y acumulador) por una\u00a0envolvente de chapa de acero que incorpora\u00a0tratamiento anticorrosivo y est\u00e1 pintada\u00a0exteriormente.<\/p>\n<p>&#8211;\u00a0Perfecto aislamiento t\u00e9rmico y ac\u00fastico del\u00a0conjunto.<\/p>\n<p>&#8211;\u00a0Dep\u00f3sitos Acumuladores esmaltados (circuito\u00a0secundario), provistos de \u00e1nodo de magnesio\u00a0contra la corrosi\u00f3n y aislados t\u00e9rmicamente\u00a0con poliuretano de alta densidad libre de CFC.-\u00a0Grupo hidr\u00e1ulico completo (circulador\u00a0de Calefacci\u00f3n, grupo de seguridad\u00a0FLEXBRANE, tubos y accesorios).<\/p>\n<p>&#8211;\u00a0Caldera de elevado rendimiento\u00a0 y Baja\u00a0Temperatura seg\u00fan Directiva de Rendimientos\u00a092\/42\/CEE.<\/p>\n<p>&#8211;\u00a0Gama de quemadores de gas\u00f3leo Newtronic, totalmente integrados en el\u00a0grupo t\u00e9rmico.<\/p>\n<p>&#8211;\u00a0Accesibilidad frontal a todos los componentes\u00a0hidr\u00e1ulicos.-\u00a0Circulador del circuito de Calefacci\u00f3n de\u00a0caracter\u00edsticas hidr\u00e1ulicas variables.<\/p>\n<p>&#8211;\u00a0Equipado con cuadro de control electr\u00f3nico\u00a0CC-206 CONFORT (ver &#8220;Sistema de control\u00a0Confort&#8221;).<\/p>\n<p>&#8211;\u00a0C\u00e1mara de combusti\u00f3n estanca y hogar\u00a0sobrepresionado con sistema de aspiraci\u00f3n\u00a0del aire por conducto de di\u00e1metro 80 mm.<\/p>\n<p>&nbsp;<\/p>\n","protected":false},"excerpt":{"rendered":"<p>Caldera de Gasoil\u00a0Baxiroca LIDIA PLUS\u00a0 CONFORT 20\u00a0GTA\u00a0120L\u00a0\u00a0Con una potencia de 20 kW, en calefacci\u00f3n y Agua Caliente Sanitaria\u00a0Acumulador esmaltado de Fundici\u00f3n. Cuadro control CC-212 SE. Grupo t\u00e9rmico Lidia Plus 20 GTA 120L CONFORT . Calefacci\u00f3n y Agua Sanitaria por acumulador esmaltado. Caldera de pie\u00a0Gas\u00f3leo Baxi de Fundici\u00f3n. Cuadro Control CC-212 SE. Elegante en el exterior&hellip;<\/p>\n","protected":false},"featured_media":5122,"template":"","meta":{"_acf_changed":false},"product_brand":[359],"product_cat":[220],"product_tag":[241,239,256],"class_list":{"0":"post-2460","1":"product","2":"type-product","3":"status-publish","4":"has-post-thumbnail","6":"product_brand-baxi-ca","7":"product_cat-calderes-de-gasoil","8":"product_tag-baxi-ca-2","9":"product_tag-caldera-ca","10":"product_tag-gasoil-ca","11":"description-off","13":"first","14":"instock","15":"shipping-taxable","16":"purchasable","17":"product-type-simple"},"acf":[],"_links":{"self":[{"href":"https:\/\/www.electrosol.cat\/ca\/wp-json\/wp\/v2\/product\/2460","targetHints":{"allow":["GET"]}}],"collection":[{"href":"https:\/\/www.electrosol.cat\/ca\/wp-json\/wp\/v2\/product"}],"about":[{"href":"https:\/\/www.electrosol.cat\/ca\/wp-json\/wp\/v2\/types\/product"}],"wp:featuredmedia":[{"embeddable":true,"href":"https:\/\/www.electrosol.cat\/ca\/wp-json\/wp\/v2\/media\/5122"}],"wp:attachment":[{"href":"https:\/\/www.electrosol.cat\/ca\/wp-json\/wp\/v2\/media?parent=2460"}],"wp:term":[{"taxonomy":"product_brand","embeddable":true,"href":"https:\/\/www.electrosol.cat\/ca\/wp-json\/wp\/v2\/product_brand?post=2460"},{"taxonomy":"product_cat","embeddable":true,"href":"https:\/\/www.electrosol.cat\/ca\/wp-json\/wp\/v2\/product_cat?post=2460"},{"taxonomy":"product_tag","embeddable":true,"href":"https:\/\/www.electrosol.cat\/ca\/wp-json\/wp\/v2\/product_tag?post=2460"}],"curies":[{"name":"wp","href":"https:\/\/api.w.org\/{rel}","templated":true}]}}