{"id":2464,"date":"2018-08-13T12:33:17","date_gmt":"2018-08-13T10:33:17","guid":{"rendered":"https:\/\/www.electrosol.cat\/producto\/estufa-de-pellets-con-ventilador-para-calentar-estancia-rosa\/"},"modified":"2025-02-15T17:18:29","modified_gmt":"2025-02-15T16:18:29","slug":"estufa-de-pellets-greenheiss-con-ventilador-para-calentar-estancia-ada-air","status":"publish","type":"product","link":"https:\/\/www.electrosol.cat\/ca\/producto\/estufa-de-pellets-greenheiss-con-ventilador-para-calentar-estancia-ada-air\/","title":{"rendered":"Estufa de Pellets Greenheiss, amb ventilador per escalfar est\u00e0ncia"},"content":{"rendered":"<h2 class=\"page-title\">Estufas de pellets<\/h2>\n<div class=\"descripcion\">\n<p>Las estufas de pellets <a href=\"https:\/\/www.greenheiss.com\/biomasa\/estufas-pellets\/\">Greenheiss<\/a> son el tipo de producto adecuado para aquellos que quieren\u00a0<strong>apoyar su sistema de calefacci\u00f3n actual con un sistema de calefacci\u00f3n de <a href=\"https:\/\/www.electrosol.cat\/ca\/productes-botiga\/biomassa-i-aerotermia\/\">biomasa<\/a>.<\/strong>\u00a0Este tipo de soluciones son de sencilla instalaci\u00f3n y adem\u00e1s de<a href=\"https:\/\/www.electrosol.cat\/ca\/serveis-lampisteria\/calefaccio\/\"> confort<\/a> y ahorro, aportan un plus de decoraci\u00f3n y est\u00e9tica en el hogar.<\/p>\n<p>Seg\u00fan su tecnolog\u00eda, se diferencian en\u00a0<strong>AIR<\/strong>\u00a0e\u00a0<strong>HIDRO<\/strong>. Las estufas AIR permiten calentar la estancia en la que se encuentran de forma r\u00e1pida a trav\u00e9s de ventiladores muy silenciosos. Las estufas HIDRO calientan toda la vivienda ya que se conectan a la instalaci\u00f3n de radiadores existente.<\/p>\n<p>Como accesorios disponibles, comunes a ambos tipos de tecnolog\u00edas, est\u00e1n distintas opciones para la gesti\u00f3n y control del sistema:\u00a0<strong>Consola Remota, Radiocomando, M\u00f3dulo GPRS<\/strong>\u00a0y el\u00a0<strong>M\u00f3dulo Wifi<\/strong>. Este \u00faltimo permite acceder a la configuraci\u00f3n del equipo desde desde el m\u00f3vil en cualquier momento y lugar.<\/p>\n<\/div>\n<h2>Caracter\u00edsticas Estufa Ada Air 6 kw<\/h2>\n<p>Estufa de <strong>tecnolog\u00eda AIR<\/strong> con un esmerado disen\u0303o en cuatro acabados que se caracteriza por una gran apertura frontal que hace posible una vista impresionante de la llama adem\u00e1s de permitir un <strong>f\u00e1cil mantenimiento y limpieza<\/strong>. Tanto la estructura como las partes en contacto con el fuego est\u00e1n <strong>realizadas en acero inoxidable CORTEN<\/strong>, <strong>resistente a altas temperaturas.<\/strong> De este mismo acero se confecciona la parte frontal, lo que la hace indeformable a lo largo del tiempo y con una resistencia a temperaturas de hasta 800\u00b0C.<\/p>\n<div class=\"bloque\">\n<div class=\"rendimiento\"><b>Rendimiento medio<\/b>\u00a091 %<\/div>\n<\/div>\n<div class=\"bloque\">\n<div class=\"potencia\"><b>Potencia quemador<\/b>\u00a06 kW<\/div>\n<\/div>\n<div class=\"bloque\">\n<div class=\"volumen\"><b>Volumen m\u00e1x. calentado<\/b>140 m3<\/div>\n<\/div>\n<div class=\"bloque\">\n<div class=\"diametro\"><b>Di\u00e1metro Chimenea<\/b>\u00a080<\/div>\n<\/div>\n<div class=\"bloque\">\n<div class=\"consumo\"><b>Consumo\/Hora<\/b>\u00a00,6-1,4 Kg\/h<\/div>\n<\/div>\n<div class=\"bloque\">\n<div class=\"air\"><b>Air<\/b><\/div>\n<\/div>\n","protected":false},"excerpt":{"rendered":"<p>Estufas de pellets Las estufas de pellets Greenheiss son el tipo de producto adecuado para aquellos que quieren\u00a0apoyar su sistema de calefacci\u00f3n actual con un sistema de calefacci\u00f3n de biomasa.\u00a0Este tipo de soluciones son de sencilla instalaci\u00f3n y adem\u00e1s de confort y ahorro, aportan un plus de decoraci\u00f3n y est\u00e9tica en el hogar. Seg\u00fan su&hellip;<\/p>\n","protected":false},"featured_media":2234,"template":"","meta":{"_acf_changed":false},"product_brand":[367],"product_cat":[218,229],"product_tag":[249,258],"class_list":{"0":"post-2464","1":"product","2":"type-product","3":"status-publish","4":"has-post-thumbnail","6":"product_brand-greenheiss-ca","7":"product_cat-biomassa-i-aerotermia","8":"product_cat-ofertes","9":"product_tag-greenheiss-ca","10":"product_tag-pellets-ca","11":"description-off","13":"first","14":"instock","15":"shipping-taxable","16":"purchasable","17":"product-type-simple"},"acf":[],"_links":{"self":[{"href":"https:\/\/www.electrosol.cat\/ca\/wp-json\/wp\/v2\/product\/2464","targetHints":{"allow":["GET"]}}],"collection":[{"href":"https:\/\/www.electrosol.cat\/ca\/wp-json\/wp\/v2\/product"}],"about":[{"href":"https:\/\/www.electrosol.cat\/ca\/wp-json\/wp\/v2\/types\/product"}],"wp:featuredmedia":[{"embeddable":true,"href":"https:\/\/www.electrosol.cat\/ca\/wp-json\/wp\/v2\/media\/2234"}],"wp:attachment":[{"href":"https:\/\/www.electrosol.cat\/ca\/wp-json\/wp\/v2\/media?parent=2464"}],"wp:term":[{"taxonomy":"product_brand","embeddable":true,"href":"https:\/\/www.electrosol.cat\/ca\/wp-json\/wp\/v2\/product_brand?post=2464"},{"taxonomy":"product_cat","embeddable":true,"href":"https:\/\/www.electrosol.cat\/ca\/wp-json\/wp\/v2\/product_cat?post=2464"},{"taxonomy":"product_tag","embeddable":true,"href":"https:\/\/www.electrosol.cat\/ca\/wp-json\/wp\/v2\/product_tag?post=2464"}],"curies":[{"name":"wp","href":"https:\/\/api.w.org\/{rel}","templated":true}]}}