{"id":2466,"date":"2018-08-13T12:33:14","date_gmt":"2018-08-13T10:33:14","guid":{"rendered":"https:\/\/www.electrosol.cat\/producto\/osmosis-produccion-directa-wateri\/"},"modified":"2025-02-23T18:24:33","modified_gmt":"2025-02-23T17:24:33","slug":"osmosis-produccion-directa-wateri","status":"publish","type":"product","link":"https:\/\/www.electrosol.cat\/ca\/producto\/osmosis-produccion-directa-wateri\/","title":{"rendered":"\u00d2smosi Producci\u00f3 directa Miami Sota Z\u00f3col"},"content":{"rendered":"<p>Osmosis inversa\u00a0 directo de nueva generaci\u00f3n con alto rendimiento en la producci\u00f3n de agua pura.<\/p>\n<p>Producci\u00f3n directa de agua sin necesidad de almacenamiento en un dep\u00f3sito.<\/p>\n<p>Incorpora dispositivos de seguridad altamente fiables como el sistema antifugas Water Stop y un reductor de presi\u00f3n.<\/p>\n<p>Caracter\u00edsticas t\u00e9cnicas:<\/p>\n<p>&#8211; \u00d3smosis compacto para uso residencial.<br \/>\n&#8211; Instalaci\u00f3n en z\u00f3calo cocina<br \/>\n&#8211; \u00d3smosis directa 360GPD<br \/>\n&#8211; Recuperaci\u00f3n: 30-40%<br \/>\n&#8211; Funcionamiento con conexi\u00f3n el\u00e9ctrica<br \/>\n&#8211; Piloto luminoso alarma vida filtro<br \/>\n&#8211; Incluye grifo cisne dispensador y accesorios de montaje<br \/>\n&#8211; Incluye regulador de salinidad de salida (mezcla agua declorada con agua osmotizada)<br \/>\n&#8211; Sonda detecci\u00f3n fuga de agua ANTI-FLOODING<br \/>\n&#8211; Bomba BOOSTER incorporada<br \/>\n&#8211; Certificaci\u00f3n CE y Conformidad D.M. 25 de 07\/02\/2012<\/p>\n<p>&nbsp;<\/p>\n","protected":false},"excerpt":{"rendered":"<p>Osmosis inversa\u00a0 directo de nueva generaci\u00f3n con alto rendimiento en la producci\u00f3n de agua pura. Producci\u00f3n directa de agua sin necesidad de almacenamiento en un dep\u00f3sito. Incorpora dispositivos de seguridad altamente fiables como el sistema antifugas Water Stop y un reductor de presi\u00f3n. Caracter\u00edsticas t\u00e9cnicas: &#8211; \u00d3smosis compacto para uso residencial. &#8211; Instalaci\u00f3n en z\u00f3calo&hellip;<\/p>\n","protected":false},"featured_media":2221,"template":"","meta":{"_acf_changed":false},"product_brand":[371],"product_cat":[229,230],"product_tag":[251,246],"class_list":{"0":"post-2466","1":"product","2":"type-product","3":"status-publish","4":"has-post-thumbnail","6":"product_brand-klinwass-ca","7":"product_cat-ofertes","8":"product_cat-osmosi-i-tractaments-aigua","9":"product_tag-klinwass-ca","10":"product_tag-osmosis-ca","11":"description-off","13":"first","14":"instock","15":"shipping-taxable","16":"purchasable","17":"product-type-simple"},"acf":[],"_links":{"self":[{"href":"https:\/\/www.electrosol.cat\/ca\/wp-json\/wp\/v2\/product\/2466","targetHints":{"allow":["GET"]}}],"collection":[{"href":"https:\/\/www.electrosol.cat\/ca\/wp-json\/wp\/v2\/product"}],"about":[{"href":"https:\/\/www.electrosol.cat\/ca\/wp-json\/wp\/v2\/types\/product"}],"wp:featuredmedia":[{"embeddable":true,"href":"https:\/\/www.electrosol.cat\/ca\/wp-json\/wp\/v2\/media\/2221"}],"wp:attachment":[{"href":"https:\/\/www.electrosol.cat\/ca\/wp-json\/wp\/v2\/media?parent=2466"}],"wp:term":[{"taxonomy":"product_brand","embeddable":true,"href":"https:\/\/www.electrosol.cat\/ca\/wp-json\/wp\/v2\/product_brand?post=2466"},{"taxonomy":"product_cat","embeddable":true,"href":"https:\/\/www.electrosol.cat\/ca\/wp-json\/wp\/v2\/product_cat?post=2466"},{"taxonomy":"product_tag","embeddable":true,"href":"https:\/\/www.electrosol.cat\/ca\/wp-json\/wp\/v2\/product_tag?post=2466"}],"curies":[{"name":"wp","href":"https:\/\/api.w.org\/{rel}","templated":true}]}}