{"id":2469,"date":"2018-08-13T12:33:14","date_gmt":"2018-08-13T12:33:14","guid":{"rendered":"https:\/\/www.electrosol.cat\/producto\/caldera-baxi-roca-platinum-compact-condensacion\/"},"modified":"2025-02-18T21:49:28","modified_gmt":"2025-02-18T20:49:28","slug":"caldera-baxi-roca-platinum-compact-condensacion","status":"publish","type":"product","link":"https:\/\/www.electrosol.cat\/ca\/producto\/caldera-baxi-roca-platinum-compact-condensacion\/","title":{"rendered":"Caldera Baxi-Roca Platinum Compact Condensaci\u00f3"},"content":{"rendered":"<div class=\"pure-u-1\">\n<div class=\"container\">\n<div class=\"specification-listing \">\n<div class=\"\"><strong class=\"\">Tipo<\/strong><span class=\"\">:\u00a0<\/span>Condensaci\u00f3n<\/div>\n<div class=\"\"><strong class=\"\">Combustible \/ Fuente de Energ\u00eda<\/strong><span class=\"\">:\u00a0<\/span>Gas Natural \/ Gas Propano<\/div>\n<div class=\"\"><strong class=\"\">Instalaci\u00f3n<\/strong><span class=\"\">:\u00a0<\/span>Mural<\/div>\n<div class=\"\"><strong class=\"\">Producci\u00f3n servicios<\/strong><span class=\"\">:\u00a0<\/span>Mixta instant\u00e1nea<\/div>\n<\/div>\n<\/div>\n<\/div>\n<div class=\"pure-u-1\">\n<div class=\"container\">\n<div class=\"product-content \">\n<div class=\"product-long-description\">\n<ul>\n<li><strong>Ahorra en la factura de gas<\/strong><br \/>\nLa tecnolog\u00eda GAS INVERTER 1:7 con circulador modulante reduce el consumo energ\u00e9tico con un bajo nivel sonoro y menor desgaste de componentes de la caldera <a href=\"https:\/\/www.baxi.es\/productos\/calderas-gas-condensacion\/murales\/platinum-compact-eco\">Baxi Platinum.<\/a><\/li>\n<li><strong>Pantalla LCD<\/strong><br \/>\nConoce el estado de tu caldera en todo momento a trav\u00e9s de su pantalla retroiluminada.<\/li>\n<li><strong>Control digital<\/strong><br \/>\nControla de forma sencilla e intuitiva el confort de tu hogar a trav\u00e9s de las diversas funcionalidades del cuadro de control digital.<\/li>\n<li><strong>Microcumulaci\u00f3n<\/strong><br \/>\nEl sistema de microcumulaci\u00f3n reduce el tiempo de espera en la obtenci\u00f3n de agua caliente. Compatible con sistemas solares.<\/li>\n<li><strong>Dise\u00f1o robusto y resistente<\/strong><br \/>\nEl grupo hidr\u00e1ulico fabricado en lat\u00f3n ofrece m\u00e1s resistencia y alarga la vida \u00fatil de la caldera.<\/li>\n<li><strong>Control desde el m\u00f3vil<\/strong><br \/>\nCon el termostato wifi opcional y la app HeatConnect instalada en tus dispositivos m\u00f3viles podr\u00e1s gestionar el confort de tu hogar desde cualquier lugar.<\/li>\n<\/ul>\n<\/div>\n<\/div>\n<\/div>\n<\/div>\n","protected":false},"excerpt":{"rendered":"<p>Tipo:\u00a0Condensaci\u00f3n Combustible \/ Fuente de Energ\u00eda:\u00a0Gas Natural \/ Gas Propano Instalaci\u00f3n:\u00a0Mural Producci\u00f3n servicios:\u00a0Mixta instant\u00e1nea Ahorra en la factura de gas La tecnolog\u00eda GAS INVERTER 1:7 con circulador modulante reduce el consumo energ\u00e9tico con un bajo nivel sonoro y menor desgaste de componentes de la caldera Baxi Platinum. Pantalla LCD Conoce el estado de tu caldera&hellip;<\/p>\n","protected":false},"featured_media":2257,"template":"","meta":{"_acf_changed":false},"product_brand":[359],"product_cat":[219],"product_tag":[241,239],"class_list":{"0":"post-2469","1":"product","2":"type-product","3":"status-publish","4":"has-post-thumbnail","6":"product_brand-baxi-ca","7":"product_cat-calderes","8":"product_tag-baxi-ca-2","9":"product_tag-caldera-ca","10":"description-off","12":"first","13":"instock","14":"shipping-taxable","15":"purchasable","16":"product-type-simple"},"acf":[],"_links":{"self":[{"href":"https:\/\/www.electrosol.cat\/ca\/wp-json\/wp\/v2\/product\/2469","targetHints":{"allow":["GET"]}}],"collection":[{"href":"https:\/\/www.electrosol.cat\/ca\/wp-json\/wp\/v2\/product"}],"about":[{"href":"https:\/\/www.electrosol.cat\/ca\/wp-json\/wp\/v2\/types\/product"}],"wp:featuredmedia":[{"embeddable":true,"href":"https:\/\/www.electrosol.cat\/ca\/wp-json\/wp\/v2\/media\/2257"}],"wp:attachment":[{"href":"https:\/\/www.electrosol.cat\/ca\/wp-json\/wp\/v2\/media?parent=2469"}],"wp:term":[{"taxonomy":"product_brand","embeddable":true,"href":"https:\/\/www.electrosol.cat\/ca\/wp-json\/wp\/v2\/product_brand?post=2469"},{"taxonomy":"product_cat","embeddable":true,"href":"https:\/\/www.electrosol.cat\/ca\/wp-json\/wp\/v2\/product_cat?post=2469"},{"taxonomy":"product_tag","embeddable":true,"href":"https:\/\/www.electrosol.cat\/ca\/wp-json\/wp\/v2\/product_tag?post=2469"}],"curies":[{"name":"wp","href":"https:\/\/api.w.org\/{rel}","templated":true}]}}