{"id":2472,"date":"2018-08-13T12:33:14","date_gmt":"2018-08-13T10:33:14","guid":{"rendered":"https:\/\/www.electrosol.cat\/producto\/aire-acondicionado-kosner-3000-frigorias-inverter\/"},"modified":"2025-02-15T17:05:00","modified_gmt":"2025-02-15T16:05:00","slug":"aire-acondicionado-kosner-3000-frigorias-inverter","status":"publish","type":"product","link":"https:\/\/www.electrosol.cat\/ca\/producto\/aire-acondicionado-kosner-3000-frigorias-inverter\/","title":{"rendered":"Aire condicionat Kosner 3000 Frigories Inverter"},"content":{"rendered":"<p>El <strong>aire acondicionado <a href=\"https:\/\/www.kosner.es\/aire-acondicionado-domestico\/splits\/\">Kosner<\/a>\u00a03000 frig<\/strong><strong>or\u00edas Inverter<\/strong>\u00a0es un aparato Split, de pared, Inverter Plus. <strong>M\u00e1xima eficiencia<\/strong> con el <strong>menor <a href=\"https:\/\/www.electrosol.cat\/ca\/decalogo-para-el-ahorro-de-energia\/\">consumo<\/a><\/strong>. M\u00e1ximo confort y ahorro energ\u00e9tico en el hogar. Detectan la temperatura de la estancia y mejoran la calidad del aire mientras funcionan a bajo nivel sonoro.<\/p>\n<h3>Principales prestaciones<\/h3>\n<ul>\n<li>Tecnolog\u00eda <strong>super inverter<\/strong>, lo que permite <strong><a href=\"https:\/\/www.electrosol.cat\/ca\/decalogo-para-el-ahorro-de-energia\/\">ahorrar<\/a> hasta un 50%<\/strong> de <strong>consumo el\u00e9ctrico.<\/strong><\/li>\n<li>Rendimiento con amplio rango de temperatura exterior (-15 \u00baC a +48\u00baC)<\/li>\n<li>Innovador sistema de filtraci\u00f3n de aire, que garantiza un aire puro.<\/li>\n<li>Funci\u00f3n <strong>autolimpieza<\/strong>.<\/li>\n<li><strong>2 a\u00f1os de garant\u00eda en la unidad interior y 5 a\u00f1os<\/strong> en la unidad exterior.<\/li>\n<\/ul>\n<h3>\u00bfPor qu\u00e9 un split <a href=\"https:\/\/www.kosner.es\/aire-acondicionado-domestico\/splits\/\">Kosner<\/a>?<\/h3>\n<p>Se tratan de modelos de <strong>m\u00e1xima eficiencia (clase A++),<\/strong> con un amplio rango de refrigeraci\u00f3n y <a href=\"https:\/\/www.electrosol.cat\/ca\/serveis-lampisteria\/calefaccio\/\">calefacci\u00f3n<\/a>, lo que lo convierten en una\u00a0 soluci\u00f3n vers\u00e1til que se adapta a <strong>cada necesidad de climatizaci\u00f3n.<\/strong><\/p>\n<p>Adem\u00e1s, gracias a su dise\u00f1o moderno y compacto, se <strong>adaptan totalmente dentro de la decoraci\u00f3n de la estancia en la que est\u00e1n instalados.<\/strong><\/p>\n","protected":false},"excerpt":{"rendered":"<p>El aire acondicionado Kosner\u00a03000 frigor\u00edas Inverter\u00a0es un aparato Split, de pared, Inverter Plus. M\u00e1xima eficiencia con el menor consumo. M\u00e1ximo confort y ahorro energ\u00e9tico en el hogar. Detectan la temperatura de la estancia y mejoran la calidad del aire mientras funcionan a bajo nivel sonoro. Principales prestaciones Tecnolog\u00eda super inverter, lo que permite ahorrar hasta&hellip;<\/p>\n","protected":false},"featured_media":2261,"template":"","meta":{"_acf_changed":false},"product_brand":[372],"product_cat":[217,229],"product_tag":[253,243],"class_list":{"0":"post-2472","1":"product","2":"type-product","3":"status-publish","4":"has-post-thumbnail","6":"product_brand-kosner-ca","7":"product_cat-aire-condicionat","8":"product_cat-ofertes","9":"product_tag-aire-ca","10":"product_tag-kosner-ca","11":"description-off","13":"first","14":"instock","15":"shipping-taxable","16":"purchasable","17":"product-type-simple"},"acf":[],"_links":{"self":[{"href":"https:\/\/www.electrosol.cat\/ca\/wp-json\/wp\/v2\/product\/2472","targetHints":{"allow":["GET"]}}],"collection":[{"href":"https:\/\/www.electrosol.cat\/ca\/wp-json\/wp\/v2\/product"}],"about":[{"href":"https:\/\/www.electrosol.cat\/ca\/wp-json\/wp\/v2\/types\/product"}],"wp:featuredmedia":[{"embeddable":true,"href":"https:\/\/www.electrosol.cat\/ca\/wp-json\/wp\/v2\/media\/2261"}],"wp:attachment":[{"href":"https:\/\/www.electrosol.cat\/ca\/wp-json\/wp\/v2\/media?parent=2472"}],"wp:term":[{"taxonomy":"product_brand","embeddable":true,"href":"https:\/\/www.electrosol.cat\/ca\/wp-json\/wp\/v2\/product_brand?post=2472"},{"taxonomy":"product_cat","embeddable":true,"href":"https:\/\/www.electrosol.cat\/ca\/wp-json\/wp\/v2\/product_cat?post=2472"},{"taxonomy":"product_tag","embeddable":true,"href":"https:\/\/www.electrosol.cat\/ca\/wp-json\/wp\/v2\/product_tag?post=2472"}],"curies":[{"name":"wp","href":"https:\/\/api.w.org\/{rel}","templated":true}]}}