{"id":2482,"date":"2018-08-13T12:33:14","date_gmt":"2018-08-13T10:33:14","guid":{"rendered":"https:\/\/www.electrosol.cat\/producto\/aire-acondicionado-daikin-2000-frigorias-inverter\/"},"modified":"2025-02-15T16:41:53","modified_gmt":"2025-02-15T15:41:53","slug":"aire-acondicionado-daikin-2000-frigorias-inverter","status":"publish","type":"product","link":"https:\/\/www.electrosol.cat\/ca\/producto\/aire-acondicionado-daikin-2000-frigorias-inverter\/","title":{"rendered":"Aire condicionat Daikin 2000 Frigories Inverter"},"content":{"rendered":"<h2>AIRE ACONDICONADO TX25JV 2150 FRIGOR\u00cdAS<\/h2>\n<h3>Unidades JV<\/h3>\n<p>Las unidades de la Serie JV de <a href=\"https:\/\/www.daikin.es\/es_es\/climatizacion-para-su-hogar\/aire-acondicionado-y-bomba-de-calor\/split.html\">Daikin<\/a> destacan por su <strong>discreto dise\u00f1o<\/strong> de l\u00edneas redondeadas que se adapta al estilo y decoraci\u00f3n de cualquier hogar.<\/p>\n<h3>Bomba de Calor<\/h3>\n<p>La bomba de calor<strong> permite climatizar los hogares de forma m\u00e1s r\u00e1pida<\/strong> que los sistemas de calefacci\u00f3n tradicionales. Adem\u00e1s, proporciona el <strong>m\u00e1ximo confort<\/strong> y ofrece un mayor <a href=\"https:\/\/www.electrosol.cat\/ca\/trucos-consejos-y-formas-para-ahorrar-luz-electrica-en-casa\/\"><strong>ahorro energ\u00e9tico<\/strong><\/a> y menor coste.<\/p>\n<h3>Modo Powerful<\/h3>\n<p>Posibilidad de seleccionar el modo Powerful para refrigeraci\u00f3n o calefacci\u00f3n r\u00e1pida.<\/p>\n<h3>Filtro purificador de aire<\/h3>\n<p>El filtro purificador de aire fotocatal\u00edtico de apatitio de titanio, <strong>absorbe las part\u00edculas microsc\u00f3picas de polvo e incluso elimina las bacterias y los virus.<\/strong><\/p>\n<h3>Funci\u00f3n oscilaci\u00f3n autom\u00e1tica<\/h3>\n<p>La funci\u00f3n de oscilaci\u00f3n autom\u00e1tica mueve las<strong> aletas de descarga hacia arriba y hacia abajo<\/strong> para ofrecer una distribuci\u00f3n del aire m\u00e1s eficaz.<\/p>\n<h3>Funcionamiento muy silencioso<\/h3>\n<p>Las unidades TX-JV ofrecen un nivel de presi\u00f3n sonora reducido hasta <strong>s\u00f3lo 20 dBA<\/strong>.<br \/>\nFuncionamiento<strong> silencioso de la unidad exterior<\/strong>.<br \/>\nReduce el ruido de funcionamiento de la unidad exterior para <strong>garantizar un entorno tranquilo en el vecindario.<\/strong><\/p>\n<h3>Modo confort<\/h3>\n<p>Garantiza un funcionamiento sin corrientes de aire en modo fr\u00edo y <strong>evitando la sensaci\u00f3n de pies fr\u00edos<\/strong> en modo calefacci\u00f3n.<\/p>\n<h3>Funci\u00f3n especial deshumectaci\u00f3n<\/h3>\n<p>Las unidades TX-JV disponen de una funci\u00f3n especial de <strong>deshumectaci\u00f3n del aire sin modificar la temperatura<\/strong><br \/>\nde la habitaci\u00f3n.<\/p>\n","protected":false},"excerpt":{"rendered":"<p>AIRE ACONDICONADO TX25JV 2150 FRIGOR\u00cdAS Unidades JV Las unidades de la Serie JV de Daikin destacan por su discreto dise\u00f1o de l\u00edneas redondeadas que se adapta al estilo y decoraci\u00f3n de cualquier hogar. Bomba de Calor La bomba de calor permite climatizar los hogares de forma m\u00e1s r\u00e1pida que los sistemas de calefacci\u00f3n tradicionales. Adem\u00e1s,&hellip;<\/p>\n","protected":false},"featured_media":2271,"template":"","meta":{"_acf_changed":false},"product_brand":[362],"product_cat":[217,229],"product_tag":[233,234],"class_list":{"0":"post-2482","1":"product","2":"type-product","3":"status-publish","4":"has-post-thumbnail","6":"product_brand-daikin-ca","7":"product_cat-aire-condicionat","8":"product_cat-ofertes","9":"product_tag-aire-acondicionado-ca","10":"product_tag-daikin-ca","11":"description-off","13":"first","14":"instock","15":"shipping-taxable","16":"purchasable","17":"product-type-simple"},"acf":[],"_links":{"self":[{"href":"https:\/\/www.electrosol.cat\/ca\/wp-json\/wp\/v2\/product\/2482","targetHints":{"allow":["GET"]}}],"collection":[{"href":"https:\/\/www.electrosol.cat\/ca\/wp-json\/wp\/v2\/product"}],"about":[{"href":"https:\/\/www.electrosol.cat\/ca\/wp-json\/wp\/v2\/types\/product"}],"wp:featuredmedia":[{"embeddable":true,"href":"https:\/\/www.electrosol.cat\/ca\/wp-json\/wp\/v2\/media\/2271"}],"wp:attachment":[{"href":"https:\/\/www.electrosol.cat\/ca\/wp-json\/wp\/v2\/media?parent=2482"}],"wp:term":[{"taxonomy":"product_brand","embeddable":true,"href":"https:\/\/www.electrosol.cat\/ca\/wp-json\/wp\/v2\/product_brand?post=2482"},{"taxonomy":"product_cat","embeddable":true,"href":"https:\/\/www.electrosol.cat\/ca\/wp-json\/wp\/v2\/product_cat?post=2482"},{"taxonomy":"product_tag","embeddable":true,"href":"https:\/\/www.electrosol.cat\/ca\/wp-json\/wp\/v2\/product_tag?post=2482"}],"curies":[{"name":"wp","href":"https:\/\/api.w.org\/{rel}","templated":true}]}}