{"id":2483,"date":"2018-08-13T12:33:14","date_gmt":"2018-08-13T12:33:14","guid":{"rendered":"https:\/\/www.electrosol.cat\/producto\/aire-acondicionado-fujitsu-3000-frigorias-inverter\/"},"modified":"2025-02-15T16:28:35","modified_gmt":"2025-02-15T15:28:35","slug":"aire-acondicionado-fujitsu-3000-frigorias-inverter","status":"publish","type":"product","link":"https:\/\/www.electrosol.cat\/ca\/producto\/aire-acondicionado-fujitsu-3000-frigorias-inverter\/","title":{"rendered":"Aire condicionat Fujitsu 3000 Frigories Inverter"},"content":{"rendered":"<div class=\"wpb-content-wrapper\"><h1 class=\"serie_title\">SERIE LF<\/h1>\n<div class=\"wpb_row vc_row serie_intro\">\n<div class=\"wpb_column vc_col-sm-6\">\n<p>El Split Pared Inverter LF de <a href=\"https:\/\/www.disfrutaelfujitsu.com\/gamas-de-producto\/#tab-1525338669239-0-7\">Fujitsu<\/a>\u00a0<strong>ofrece el aire m\u00e1s puro y sano del mercado<\/strong>. Para ello incorpora filtros de \u00faltima generaci\u00f3n, <strong>compuestos de iones deodorizantes de larga duraci\u00f3n<\/strong>, que reducen la oxidaci\u00f3n y neutralizan eficazmente los posibles malos olores del ambiente. A sus vez, <strong>el filtro antibacterias, elimina cualquier microorganismo<\/strong> a trav\u00e9s de electricidad est\u00e1tica, garantizando as\u00ed un aire sano.<\/p>\n<div>\n<h3>ALTA EFICIENCIA Y CLIMATIZACI\u00d3N CONFORTABLE<\/h3>\n<p>Gracias a la funci\u00f3n &#8220;<strong>Power Diffuser<\/strong>&#8221; la salida de aire fr\u00edo se realiza de manera horizontal para <strong>evitar la sensaci\u00f3n de fr\u00edo directo<\/strong> y el aire caliente se direcciona en vertical creando una sensaci\u00f3n agradable de calefacci\u00f3n.<\/p>\n<\/div>\n<div>\n<h3>FILTROS DE \u00daLTIMA GENERACI\u00d3N PARA UN AIRE PURO Y SANO<\/h3>\n<p>Los equipos incluyen un filtro de iones deodorizante de larga duraci\u00f3n y un filtro antibacterias. Gracias a la generaci\u00f3n de iones, el filtro reduce la oxidaci\u00f3n y neutraliza eficazmente los posibles malos olores del ambiente. A su vez, el filtro antibacterias, por medio de la electricidad est\u00e1tica, elimina las peque\u00f1as esporas, part\u00edculas y microorganismos que pueda haber, garantizando as\u00ed un aire sano.<\/p>\n<\/div>\n<div>\n<h3>FUNCI\u00d3N &#8220;10\u00baC HEAT&#8221;<\/h3>\n<p>Gracias a esta funci\u00f3n<strong> la temperatura nunca baja de 10\u00baC<\/strong> con el objetivo de asegurar que la estancia no est\u00e9 excesivamente fr\u00eda a nuestro retorno, y as\u00ed mantener un m\u00ednimo nivel de temperatura que nos ayude a recuperar r\u00e1pidamente la sensaci\u00f3n de <a href=\"https:\/\/www.electrosol.cat\/ca\/serveis-lampisteria\/aire-condicionat\/\">confort<\/a>.<\/p>\n<\/div>\n<\/div>\n<\/div>\n<\/div>","protected":false},"excerpt":{"rendered":"<p>SERIE LF El Split Pared Inverter LF de Fujitsu\u00a0ofrece el aire m\u00e1s puro y sano del mercado. Para ello incorpora filtros de \u00faltima generaci\u00f3n, compuestos de iones deodorizantes de larga duraci\u00f3n, que reducen la oxidaci\u00f3n y neutralizan eficazmente los posibles malos olores del ambiente. A sus vez, el filtro antibacterias, elimina cualquier microorganismo a trav\u00e9s&hellip;<\/p>\n","protected":false},"featured_media":2273,"template":"","meta":{"_acf_changed":false},"product_brand":[366],"product_cat":[217],"product_tag":[233,238],"class_list":{"0":"post-2483","1":"product","2":"type-product","3":"status-publish","4":"has-post-thumbnail","6":"product_brand-fujitsu-ca","7":"product_cat-aire-condicionat","8":"product_tag-aire-acondicionado-ca","9":"product_tag-fujitsu-ca","10":"description-off","12":"first","13":"instock","14":"shipping-taxable","15":"purchasable","16":"product-type-simple"},"acf":[],"_links":{"self":[{"href":"https:\/\/www.electrosol.cat\/ca\/wp-json\/wp\/v2\/product\/2483","targetHints":{"allow":["GET"]}}],"collection":[{"href":"https:\/\/www.electrosol.cat\/ca\/wp-json\/wp\/v2\/product"}],"about":[{"href":"https:\/\/www.electrosol.cat\/ca\/wp-json\/wp\/v2\/types\/product"}],"wp:featuredmedia":[{"embeddable":true,"href":"https:\/\/www.electrosol.cat\/ca\/wp-json\/wp\/v2\/media\/2273"}],"wp:attachment":[{"href":"https:\/\/www.electrosol.cat\/ca\/wp-json\/wp\/v2\/media?parent=2483"}],"wp:term":[{"taxonomy":"product_brand","embeddable":true,"href":"https:\/\/www.electrosol.cat\/ca\/wp-json\/wp\/v2\/product_brand?post=2483"},{"taxonomy":"product_cat","embeddable":true,"href":"https:\/\/www.electrosol.cat\/ca\/wp-json\/wp\/v2\/product_cat?post=2483"},{"taxonomy":"product_tag","embeddable":true,"href":"https:\/\/www.electrosol.cat\/ca\/wp-json\/wp\/v2\/product_tag?post=2483"}],"curies":[{"name":"wp","href":"https:\/\/api.w.org\/{rel}","templated":true}]}}