{"id":2490,"date":"2018-07-20T10:43:33","date_gmt":"2018-07-20T08:43:33","guid":{"rendered":"https:\/\/www.electrosol.cat\/producto\/caldera-sime-duetto-25bf-tse-acs-gasoil\/"},"modified":"2025-02-22T20:11:21","modified_gmt":"2025-02-22T19:11:21","slug":"caldera-sime-duetto-25bf-tse-acs-gasoil","status":"publish","type":"product","link":"https:\/\/www.electrosol.cat\/ca\/producto\/caldera-sime-duetto-25bf-tse-acs-gasoil\/","title":{"rendered":"Caldera Sime Duetto 25 ERP LOW NOX ACS Gasoil"},"content":{"rendered":"<p><span id=\"product_location\">Caldera de fundici\u00f3n para\u00a0producci\u00f3n mixta instant\u00e1nea (calefacci\u00f3n y agua caliente).<\/span><span id=\"product_location\"><strong>Funciona con\u00a0gasoil.<\/strong><\/span><span id=\"product_location\">Dispone de una bomba de alta <a href=\"https:\/\/www.electrosol.cat\/ca\/serveis-lampisteria\/energies-i-gestio-energetica\/\">eficiencia energ\u00e9tica<\/a> para mejorar su uso.<\/span><\/p>\n<p><span id=\"product_location\">El quemador viene pretarado para facilitar su instalaci\u00f3n.<\/span><\/p>\n<p><span id=\"product_location\">Contiene un<strong> intercambiador instant\u00e1neo<\/strong> con serpent\u00edn fabricado en cobre para una r\u00e1pida producci\u00f3n de Agua Caliente Sanitaria.<\/span><\/p>\n<p><span id=\"product_location\">Incorpora un sistema que facilita su<strong> funcionamiento silencioso<\/strong>.<\/span><\/p>\n<p><span id=\"product_location\">Con una <strong>potencia de 25,2 kW<\/strong>.<\/span><\/p>\n<p><span id=\"product_location\"><strong>Caldera fabricada en hierro fundido<\/strong>, lo que la hace mucho m\u00e1s resistente.<\/span><\/p>\n<p><span id=\"product_location\">El cuadro de mando est\u00e1 oculto con una tapa y cuenta con:<\/span><span id=\"product_location\">Term\u00f3metro.<\/span><\/p>\n<p><span id=\"product_location\">Termostato de seguridad y otro de la caldera para evitar posibles fallos en el funcionamiento.<\/span><span id=\"product_location\">Termostato para la salida de humos.<\/span><\/p>\n<p><span id=\"product_location\">Aviso de bloqueo del quemador para evitar fallos en \u00e9ste<\/span><span id=\"product_location\">.<\/span><\/p>\n<p><span id=\"product_location\">Regulador de temperatura de calefacci\u00f3n.<\/span><span id=\"product_location\">Selector verano\/invierno.<\/span><\/p>\n<p><span id=\"product_location\">Bot\u00f3n Reset y ON\/OFF.<\/span><span id=\"product_location\">LED de aviso de encendido.<\/span><span id=\"product_location\">LED falta de presi\u00f3n de agua.<\/span><\/p>\n","protected":false},"excerpt":{"rendered":"<ul>\n<li>Material, mano de obra e\u00a0IVA\u00a0incluido.<\/li>\n<li>Ejemplo de financiaci\u00f3n a 12 meses al 0%\u00a0con un 3% de comisi\u00f3n de apertura.<\/li>\n<\/ul>\n","protected":false},"featured_media":2357,"template":"","meta":{"_acf_changed":false},"product_brand":[375],"product_cat":[220,229],"product_tag":[239,256,240],"class_list":{"0":"post-2490","1":"product","2":"type-product","3":"status-publish","4":"has-post-thumbnail","6":"product_brand-sime-ca","7":"product_cat-calderes-de-gasoil","8":"product_cat-ofertes","9":"product_tag-caldera-ca","10":"product_tag-gasoil-ca","11":"product_tag-sime-ca","12":"description-off","14":"first","15":"instock","16":"shipping-taxable","17":"purchasable","18":"product-type-simple"},"acf":[],"_links":{"self":[{"href":"https:\/\/www.electrosol.cat\/ca\/wp-json\/wp\/v2\/product\/2490","targetHints":{"allow":["GET"]}}],"collection":[{"href":"https:\/\/www.electrosol.cat\/ca\/wp-json\/wp\/v2\/product"}],"about":[{"href":"https:\/\/www.electrosol.cat\/ca\/wp-json\/wp\/v2\/types\/product"}],"wp:featuredmedia":[{"embeddable":true,"href":"https:\/\/www.electrosol.cat\/ca\/wp-json\/wp\/v2\/media\/2357"}],"wp:attachment":[{"href":"https:\/\/www.electrosol.cat\/ca\/wp-json\/wp\/v2\/media?parent=2490"}],"wp:term":[{"taxonomy":"product_brand","embeddable":true,"href":"https:\/\/www.electrosol.cat\/ca\/wp-json\/wp\/v2\/product_brand?post=2490"},{"taxonomy":"product_cat","embeddable":true,"href":"https:\/\/www.electrosol.cat\/ca\/wp-json\/wp\/v2\/product_cat?post=2490"},{"taxonomy":"product_tag","embeddable":true,"href":"https:\/\/www.electrosol.cat\/ca\/wp-json\/wp\/v2\/product_tag?post=2490"}],"curies":[{"name":"wp","href":"https:\/\/api.w.org\/{rel}","templated":true}]}}