{"id":2597,"date":"2018-10-14T11:05:09","date_gmt":"2018-10-14T09:05:09","guid":{"rendered":"https:\/\/www.electrosol.cat\/?post_type=product&#038;p=2597"},"modified":"2025-02-18T22:11:04","modified_gmt":"2025-02-18T21:11:04","slug":"sime-uniqa-evolution","status":"publish","type":"product","link":"https:\/\/www.electrosol.cat\/ca\/producto\/sime-uniqa-evolution\/","title":{"rendered":"Sime Uniqa Evolution"},"content":{"rendered":"<p>La<strong> sustituci\u00f3n de una caldera tradicional<\/strong> por una a condensaci\u00f3n puede resultar particularmente cara porque se necesita la realizaci\u00f3n de una descarga de la condensaci\u00f3n, y en algunos casos, el entubamiento de la chimenea existente, no id\u00f3nea<br \/>\npara los humos a baja temperatura. Los costes de estas intervenciones son importantes y se a\u00f1aden a los de la compra e instalaci\u00f3n de la caldera de condensaci\u00f3n. <a href=\"https:\/\/www.calderassime.com\/\">Sime<\/a>\u00a0<strong>Uniqa Revolution<\/strong> es el \u00fanico producto que <strong>se instala como una caldera tradicional, cumpliendo los severos requisitos de Ecodise\u00f1o de la normativa ErP.<\/strong><\/p>\n<h3>\u00bfC\u00f3mo funciona?<\/h3>\n<p>Uniqa Revolution dispone de un recuperador activo (booster) que <strong>aumenta el rendimiento conforme a los requisitos ErP<\/strong>. El fluido transmisor t\u00e9rmico recibe calor del aire tomada del exterior y canalizada en el 1\u00ba intercambiador recuperador activo 1 . Despu\u00e9s el motor recuperador activo 2 comprime el fluido y cede calor al agua de retorno de la instalaci\u00f3n de calefacci\u00f3n en el 2\u00ba intercambiador recuperador activo 3 . El agua pasa a trav\u00e9s del quemador bajo NOx 4 , calent\u00e1ndose aun mas y posteriormente<br \/>\nen el intercambiador de la caldera 5 .<\/p>\n<p><img decoding=\"async\" class=\"aligncenter\" src=\"http:\/\/comercialvicam.es\/wp-content\/uploads\/2018\/04\/simeuniqa2.jpg\" \/><\/p>\n","protected":false},"excerpt":{"rendered":"<ul>\n<li>Caldera para substituci\u00f3n, cuando no tenemos ni chimenea adecuada ni desag\u00fce para condensados.<\/li>\n<li>Cumple los requisitos de la Normativa ErP.<\/li>\n<li>Material, mano de obra e\u00a0IVA\u00a0incluido.<\/li>\n<li>Ejemplo de financiaci\u00f3n a 12 meses al 0% con 3% de comisi\u00f3n de apertura.<\/li>\n<\/ul>\n","protected":false},"featured_media":2976,"template":"","meta":{"_acf_changed":false},"product_brand":[375],"product_cat":[219,229],"product_tag":[269,240],"class_list":{"0":"post-2597","1":"product","2":"type-product","3":"status-publish","4":"has-post-thumbnail","6":"product_brand-sime-ca","7":"product_cat-calderes","8":"product_cat-ofertes","9":"product_tag-calderas-ca","10":"product_tag-sime-ca","11":"description-off","13":"first","14":"instock","15":"shipping-taxable","16":"purchasable","17":"product-type-simple"},"acf":[],"_links":{"self":[{"href":"https:\/\/www.electrosol.cat\/ca\/wp-json\/wp\/v2\/product\/2597","targetHints":{"allow":["GET"]}}],"collection":[{"href":"https:\/\/www.electrosol.cat\/ca\/wp-json\/wp\/v2\/product"}],"about":[{"href":"https:\/\/www.electrosol.cat\/ca\/wp-json\/wp\/v2\/types\/product"}],"wp:featuredmedia":[{"embeddable":true,"href":"https:\/\/www.electrosol.cat\/ca\/wp-json\/wp\/v2\/media\/2976"}],"wp:attachment":[{"href":"https:\/\/www.electrosol.cat\/ca\/wp-json\/wp\/v2\/media?parent=2597"}],"wp:term":[{"taxonomy":"product_brand","embeddable":true,"href":"https:\/\/www.electrosol.cat\/ca\/wp-json\/wp\/v2\/product_brand?post=2597"},{"taxonomy":"product_cat","embeddable":true,"href":"https:\/\/www.electrosol.cat\/ca\/wp-json\/wp\/v2\/product_cat?post=2597"},{"taxonomy":"product_tag","embeddable":true,"href":"https:\/\/www.electrosol.cat\/ca\/wp-json\/wp\/v2\/product_tag?post=2597"}],"curies":[{"name":"wp","href":"https:\/\/api.w.org\/{rel}","templated":true}]}}