{"id":2663,"date":"2018-10-24T15:41:54","date_gmt":"2018-10-24T13:41:54","guid":{"rendered":"https:\/\/www.electrosol.cat\/?post_type=product&#038;p=2663"},"modified":"2023-02-02T16:38:50","modified_gmt":"2023-02-02T15:38:50","slug":"tv-uhd-4k-147cm-58-samsung-ue58mu6125kxxc","status":"publish","type":"product","link":"https:\/\/www.electrosol.cat\/ca\/producto\/tv-uhd-4k-147cm-58-samsung-ue58mu6125kxxc\/","title":{"rendered":"TV UHD 4K 147cm &#8211; 58&#8242; Samsung UE58MU6125KXXC"},"content":{"rendered":"<h3>Caracter\u00edsticas<\/h3>\n<p><strong><img decoding=\"async\" src=\"https:\/\/www.cemevisa.com\/img\/vineta.png\" \/><\/strong>\u00a0Televisor UHD 4K de 147 cm (58 pulgadas) &#8211; 1300 Hz PQI<br \/>\n<strong><img decoding=\"async\" src=\"https:\/\/www.cemevisa.com\/img\/vineta.png\" \/><\/strong>\u00a0HDR &#8211; PurColor &#8211; UHD Upscaling &#8211; UHD Dimming<br \/>\n<strong><img decoding=\"async\" src=\"https:\/\/www.cemevisa.com\/img\/vineta.png\" \/><\/strong>\u00a0Smart TV WiFi &#8211; USB Grabador &#8211; Screen Mirroring<br \/>\n<strong><img decoding=\"async\" src=\"https:\/\/www.cemevisa.com\/img\/vineta.png\" \/><\/strong>\u00a0<strong>Dise\u00f1o<\/strong>\u00a0&#8211; Slim &#8211; Color frontal Negro &#8211; Peana en V<br \/>\n<strong><img decoding=\"async\" src=\"https:\/\/www.cemevisa.com\/img\/vineta.png\" \/><\/strong>\u00a0<strong>Panel:<\/strong>\u00a0&#8211; LED &#8211; Resoluci\u00f3n UHD<br \/>\n<strong><img decoding=\"async\" src=\"https:\/\/www.cemevisa.com\/img\/vineta.png\" \/><\/strong>\u00a0<strong>Imagen<\/strong>\u00a0&#8211; UHD Up-Scaling &#8211; 1300 Hz PQI &#8211; HDR &#8211; Mega Contrast &#8211; UHD Dimming &#8211; PurColor &#8211; Potenciador contraste<br \/>\n<strong><img decoding=\"async\" src=\"https:\/\/www.cemevisa.com\/img\/vineta.png\" \/><\/strong>\u00a0<strong>Audio:<\/strong>\u00a0&#8211; Dolby Digital Plus &#8211; DTS Codec &#8211; Salida de sonido 20W &#8211; 2CH(Down Firing w\/Bass Refl ex) &#8211; Multiroom Link<br \/>\n<strong><img decoding=\"async\" src=\"https:\/\/www.cemevisa.com\/img\/vineta.png\" \/><\/strong>\u00a0<strong>Smart TV:<\/strong>\u00a0&#8211; Smart View<br \/>\n<strong><img decoding=\"async\" src=\"https:\/\/www.cemevisa.com\/img\/vineta.png\" \/><\/strong>\u00a0<strong>Convergencia:<\/strong>\u00a0&#8211; TV al Smartphone. Screen mirroring &#8211; Smartphone al TV. Screen mirroring, DLNA &#8211; WiFi Direct<br \/>\n<strong><img decoding=\"async\" src=\"https:\/\/www.cemevisa.com\/img\/vineta.png\" \/><\/strong>\u00a0<strong>Caracter\u00edsticas Adicionales:<\/strong>\u00a0&#8211; Procesador Quad-Core &#8211; USB Grabador<br \/>\n<strong><img decoding=\"async\" src=\"https:\/\/www.cemevisa.com\/img\/vineta.png\" \/><\/strong>\u00a0<strong>Sistema:<\/strong>\u00a0&#8211; DVB-T2C &#8211; CI+(1.3) &#8211; HbbTV 1.5<br \/>\n<strong><img decoding=\"async\" src=\"https:\/\/www.cemevisa.com\/img\/vineta.png\" \/><\/strong>\u00a0<strong>Conectividad:<\/strong>\u00a0&#8211; 3 HDMI &#8211; 2 USB &#8211; Entrada de componente (Y\/Pb\/Pr) &#8211; Entrada compuesta (uso com\u00fan para componente Y &#8211; Ethernet (LAN) &#8211; Salida de audio digital (\u00d3ptica) &#8211; Entrada RF: 1 Terrestre\/1 Entrada cable(Uso com\u00fan para terrestre)\/1 &#8211; CI Slot &#8211; WiFi Integrado &#8211; Anynet+ (HDMI-CEC)<br \/>\n<strong><img decoding=\"async\" src=\"https:\/\/www.cemevisa.com\/img\/vineta.png\" \/><\/strong>\u00a0<strong>Dimensiones (AnxAlxPr mm):<\/strong>\u00a0&#8211; Con embalaje 1886 x 1138 x 258 &#8211; Con peana 1305,6 x 826 x 369,30 &#8211; Sin peana 1305,7 x 764 x 69,8<br \/>\n<strong><img decoding=\"async\" src=\"https:\/\/www.cemevisa.com\/img\/vineta.png\" \/><\/strong>\u00a0<strong>Peso (kg):<\/strong>\u00a0&#8211; Con embalaje 28,7 &#8211; Con peana 20,8 &#8211; Sin peana 18,6<br \/>\n<strong><img decoding=\"async\" src=\"https:\/\/www.cemevisa.com\/img\/vineta.png\" \/><\/strong>\u00a0<strong>Accesorios:<\/strong>\u00a0&#8211; Mando TM1240A (incluido)<br \/>\n<strong><img decoding=\"async\" src=\"https:\/\/www.cemevisa.com\/img\/vineta.png\" \/><\/strong>\u00a0Compatible con soporte de pared VESA 400&#215;400<br \/>\n<strong><img decoding=\"async\" src=\"https:\/\/www.cemevisa.com\/img\/vineta.png\" \/><\/strong>\u00a0<strong>Accesorios opcionales:<\/strong>\u00a0&#8211; Soporte de pared WMN550M<br \/>\n<strong><img decoding=\"async\" src=\"https:\/\/www.cemevisa.com\/img\/vineta.png\" \/><\/strong>\u00a0<strong>UHD TV.<\/strong>\u00a0Detalles increibles, contraste superior y colores a\u00fan m\u00e1s vivos gracias a cuatro veces la resoluci\u00f3n del Full HD abalada por la organizaci\u00f3n ofi cial Digital Europe.<br \/>\n<strong><img decoding=\"async\" src=\"https:\/\/www.cemevisa.com\/img\/vineta.png\" \/><\/strong>\u00a0<strong>PurColor.<\/strong>\u00a0Consigue colores m\u00e1s reales reforzando las sombras.<br \/>\n<strong><img decoding=\"async\" src=\"https:\/\/www.cemevisa.com\/img\/vineta.png\" \/><\/strong>\u00a0<strong>UHD Upscaling.<\/strong>\u00a0Escala la resoluci\u00f3n de cualquier contenido y lo muestra con una nitidez muy pr\u00f3xima a UHD.<br \/>\n<strong><img decoding=\"async\" src=\"https:\/\/www.cemevisa.com\/img\/vineta.png\" \/><\/strong>\u00a0<strong>UHD Dimming.<\/strong>\u00a0Analiza la pantalla en distintas secciones y regula el brillo, el color y el contraste m\u00e1s adecuado para cada secci\u00f3n.<br \/>\n<strong><img decoding=\"async\" src=\"https:\/\/www.cemevisa.com\/img\/vineta.png\" \/><\/strong>\u00a0<strong>HDR.<\/strong>\u00a0Muestra con m\u00e1s exactitud el extenso rango de niveles de luz y oscuridad de una imagen, para que sea lo m\u00e1s parecida a la realidad.<br \/>\n<strong><img decoding=\"async\" src=\"https:\/\/www.cemevisa.com\/img\/vineta.png\" \/><\/strong>\u00a0<strong>Screen Mirroring.<\/strong>\u00a0Comparte el contenido de tu smartphone o tableta de Samsung en tu televisor y disfr\u00fatalo a lo grande.<br \/>\n<strong><img decoding=\"async\" src=\"https:\/\/www.cemevisa.com\/img\/vineta.png\" \/><\/strong>\u00a0<strong>USB Grabador.<\/strong>\u00a0Graba y almacena programas y pel\u00edculas de televisi\u00f3n. S\u00f3lo tienes que conectar una memoria o disco duro en el puerto USB de tu televisor, seleccionar los programas que deseas grabar y descargarlos en la memoria.<\/p>\n","protected":false},"excerpt":{"rendered":"<p>Caracter\u00edsticas \u00a0Televisor UHD 4K de 147 cm (58 pulgadas) &#8211; 1300 Hz PQI \u00a0HDR &#8211; PurColor &#8211; UHD Upscaling &#8211; UHD Dimming \u00a0Smart TV WiFi &#8211; USB Grabador &#8211; Screen Mirroring \u00a0Dise\u00f1o\u00a0&#8211; Slim &#8211; Color frontal Negro &#8211; Peana en V \u00a0Panel:\u00a0&#8211; LED &#8211; Resoluci\u00f3n UHD \u00a0Imagen\u00a0&#8211; UHD Up-Scaling &#8211; 1300 Hz PQI &#8211; HDR&hellip;<\/p>\n","protected":false},"featured_media":2664,"template":"","meta":{"_acf_changed":false},"product_brand":[414],"product_cat":[92,418],"product_tag":[415,419],"class_list":{"0":"post-2663","1":"product","2":"type-product","3":"status-publish","4":"has-post-thumbnail","6":"product_brand-samsung","7":"product_cat-electrodomesticos","8":"product_cat-television","9":"product_tag-samsung","10":"product_tag-television","11":"description-off","13":"first","14":"instock","15":"shipping-taxable","16":"product-type-simple"},"acf":[],"_links":{"self":[{"href":"https:\/\/www.electrosol.cat\/ca\/wp-json\/wp\/v2\/product\/2663","targetHints":{"allow":["GET"]}}],"collection":[{"href":"https:\/\/www.electrosol.cat\/ca\/wp-json\/wp\/v2\/product"}],"about":[{"href":"https:\/\/www.electrosol.cat\/ca\/wp-json\/wp\/v2\/types\/product"}],"wp:featuredmedia":[{"embeddable":true,"href":"https:\/\/www.electrosol.cat\/ca\/wp-json\/wp\/v2\/media\/2664"}],"wp:attachment":[{"href":"https:\/\/www.electrosol.cat\/ca\/wp-json\/wp\/v2\/media?parent=2663"}],"wp:term":[{"taxonomy":"product_brand","embeddable":true,"href":"https:\/\/www.electrosol.cat\/ca\/wp-json\/wp\/v2\/product_brand?post=2663"},{"taxonomy":"product_cat","embeddable":true,"href":"https:\/\/www.electrosol.cat\/ca\/wp-json\/wp\/v2\/product_cat?post=2663"},{"taxonomy":"product_tag","embeddable":true,"href":"https:\/\/www.electrosol.cat\/ca\/wp-json\/wp\/v2\/product_tag?post=2663"}],"curies":[{"name":"wp","href":"https:\/\/api.w.org\/{rel}","templated":true}]}}