{"id":2749,"date":"2019-01-23T16:14:06","date_gmt":"2019-01-23T15:14:06","guid":{"rendered":"https:\/\/www.electrosol.cat\/?post_type=product&#038;p=2749"},"modified":"2023-02-02T16:33:06","modified_gmt":"2023-02-02T15:33:06","slug":"tv-4k-108cm-43-samsung-ue43nu7095uxxc","status":"publish","type":"product","link":"https:\/\/www.electrosol.cat\/ca\/producto\/tv-4k-108cm-43-samsung-ue43nu7095uxxc\/","title":{"rendered":"TV 4K 108cm &#8211; 43&#8242; Samsung UE43NU7095UXXC"},"content":{"rendered":"<p><strong><img decoding=\"async\" src=\"https:\/\/www.cemevisa.com\/img\/vineta.png\" \/><\/strong>\u00a0Televisor UHD 4K de 43&#8242; (108 cm) &#8211; 1300 Hz PQI &#8211; HDR 10+<br \/>\n<strong><img decoding=\"async\" src=\"https:\/\/www.cemevisa.com\/img\/vineta.png\" \/><\/strong>\u00a0Mega Contrast &#8211; Dynamic Cristal Color &#8211; UHD Dimming<br \/>\n<strong><img decoding=\"async\" src=\"https:\/\/www.cemevisa.com\/img\/vineta.png\" \/><\/strong>\u00a0Smart TV WiFi &#8211; Screen Mirroring<br \/>\n<strong><img decoding=\"async\" src=\"https:\/\/www.cemevisa.com\/img\/vineta.png\" \/><\/strong>\u00a0<strong>Dise\u00f1o<\/strong>\u00a0&#8211; Slim &#8211; Color frontal Negro &#8211; Soporte 2 patas &#8211; Soluci\u00f3n Cables ordenados<br \/>\n<strong><img decoding=\"async\" src=\"https:\/\/www.cemevisa.com\/img\/vineta.png\" \/><\/strong>\u00a0<strong>Panel:<\/strong>\u00a0&#8211; Resoluci\u00f3n 4K UHD<br \/>\n<strong><img decoding=\"async\" src=\"https:\/\/www.cemevisa.com\/img\/vineta.png\" \/><\/strong>\u00a0Imagen &#8211; 1300 Hz PQI &#8211; HDR 10 + (HLG) &#8211; Mega Contrast &#8211; UHD Dimming &#8211; Dynamic Cristal Color &#8211; Contraste Enhancer &#8211; PurColor<br \/>\n<strong><img decoding=\"async\" src=\"https:\/\/www.cemevisa.com\/img\/vineta.png\" \/><\/strong>\u00a0<strong>Audio:<\/strong>\u00a0&#8211; Dolby Digital Plus &#8211; Salida de sonido 20W &#8211; 2CH &#8211; Multiroom Link<br \/>\n<strong><img decoding=\"async\" src=\"https:\/\/www.cemevisa.com\/img\/vineta.png\" \/><\/strong>\u00a0<strong>Smart TV:<\/strong>\u00a0&#8211; TV Plus &#8211; SmartThings (Compatible), con esta app controlar\u00e1s todos los dispositivos y electrodom\u00e9sticos &#8211; Universal Guide<br \/>\n<strong><img decoding=\"async\" src=\"https:\/\/www.cemevisa.com\/img\/vineta.png\" \/><\/strong>\u00a0<strong>Convergencia:<\/strong>\u00a0&#8211; Screen mirroring con DLNA &#8211; WiFi Direct<br \/>\n<strong><img decoding=\"async\" src=\"https:\/\/www.cemevisa.com\/img\/vineta.png\" \/><\/strong>\u00a0<strong>Sistema:<\/strong>\u00a0&#8211; Procesador Quad-Core &#8211; USB Grabador &#8211; DVB-T2CS2 &#8211; Sintonizador anal\u00f3gico &#8211; CI+(1.4) &#8211; HbbTV 1.5<br \/>\n<strong><img decoding=\"async\" src=\"https:\/\/www.cemevisa.com\/img\/vineta.png\" \/><\/strong>\u00a0<strong>Conectividad:<\/strong>\u00a0&#8211; 2 HDMI &#8211; 1 USB &#8211; Ethernet (LAN) &#8211; Salida de audio digital (\u00d3ptica) &#8211; Entrada RF: 1 Terrestre\/1 Entrada cable (Uso com\u00fan para terrestre)\/1 Entrada Sat\u00e9lite &#8211; CI Slot &#8211; WiFi Integrado &#8211; Anynet+ (HDMI-CEC)<br \/>\n<strong><img decoding=\"async\" src=\"https:\/\/www.cemevisa.com\/img\/vineta.png\" \/><\/strong>\u00a0<strong>Dimensiones (AnxAlxPr mm):<\/strong>\u00a0&#8211; Con embalaje 1097 x 677 x 151 &#8211; Con peana 970,2 x 605,2 x 207,4 &#8211; Sin peana 970,2 x 563,2 x 58,8<br \/>\n<strong><img decoding=\"async\" src=\"https:\/\/www.cemevisa.com\/img\/vineta.png\" \/><\/strong>\u00a0<strong>Peso (kg):<\/strong>\u00a0&#8211; Con embalaje 13,5 &#8211; Con peana 9,7 &#8211; Sin peana 9,6<br \/>\n<strong><img decoding=\"async\" src=\"https:\/\/www.cemevisa.com\/img\/vineta.png\" \/><\/strong>\u00a0<strong>Accesorios:<\/strong>\u00a0&#8211; Mando Smart TM1240A (incluido)<br \/>\n<strong><img decoding=\"async\" src=\"https:\/\/www.cemevisa.com\/img\/vineta.png\" \/><\/strong>\u00a0Compatible con soporte de pared VESA 200&#215;200<br \/>\n<strong><img decoding=\"async\" src=\"https:\/\/www.cemevisa.com\/img\/vineta.png\" \/><\/strong>\u00a0<strong>PurColor.<\/strong>\u00a0Consigue colores m\u00e1s reales reforzando las sombras.<br \/>\n<strong><img decoding=\"async\" src=\"https:\/\/www.cemevisa.com\/img\/vineta.png\" \/><\/strong>\u00a0<strong>One Remote Control.<\/strong>\u00a0Un \u00fanico mando a distancia para controlar todos tus dispositivos conectados y acceder f\u00e1cilmente a tus contenidos. Adem\u00e1s con S Voice podr\u00e1s interactuar con tu televisor.<br \/>\n<strong><img decoding=\"async\" src=\"https:\/\/www.cemevisa.com\/img\/vineta.png\" \/><\/strong>\u00a0<strong>Screen Mirroring.<\/strong>\u00a0Comparte el contenido de tu smartphone o tableta de Samsung en tu televisor y disfr\u00fatalo a lo grande.<\/p>\n","protected":false},"excerpt":{"rendered":"<p>\u00a0Televisor UHD 4K de 43&#8242; (108 cm) &#8211; 1300 Hz PQI &#8211; HDR 10+ \u00a0Mega Contrast &#8211; Dynamic Cristal Color &#8211; UHD Dimming \u00a0Smart TV WiFi &#8211; Screen Mirroring \u00a0Dise\u00f1o\u00a0&#8211; Slim &#8211; Color frontal Negro &#8211; Soporte 2 patas &#8211; Soluci\u00f3n Cables ordenados \u00a0Panel:\u00a0&#8211; Resoluci\u00f3n 4K UHD \u00a0Imagen &#8211; 1300 Hz PQI &#8211; HDR 10&hellip;<\/p>\n","protected":false},"featured_media":2750,"template":"","meta":{"_acf_changed":false},"product_brand":[414],"product_cat":[418],"product_tag":[419],"class_list":{"0":"post-2749","1":"product","2":"type-product","3":"status-publish","4":"has-post-thumbnail","6":"product_brand-samsung","7":"product_cat-television","8":"product_tag-television","9":"description-off","11":"first","12":"instock","13":"shipping-taxable","14":"product-type-simple"},"acf":[],"_links":{"self":[{"href":"https:\/\/www.electrosol.cat\/ca\/wp-json\/wp\/v2\/product\/2749","targetHints":{"allow":["GET"]}}],"collection":[{"href":"https:\/\/www.electrosol.cat\/ca\/wp-json\/wp\/v2\/product"}],"about":[{"href":"https:\/\/www.electrosol.cat\/ca\/wp-json\/wp\/v2\/types\/product"}],"wp:featuredmedia":[{"embeddable":true,"href":"https:\/\/www.electrosol.cat\/ca\/wp-json\/wp\/v2\/media\/2750"}],"wp:attachment":[{"href":"https:\/\/www.electrosol.cat\/ca\/wp-json\/wp\/v2\/media?parent=2749"}],"wp:term":[{"taxonomy":"product_brand","embeddable":true,"href":"https:\/\/www.electrosol.cat\/ca\/wp-json\/wp\/v2\/product_brand?post=2749"},{"taxonomy":"product_cat","embeddable":true,"href":"https:\/\/www.electrosol.cat\/ca\/wp-json\/wp\/v2\/product_cat?post=2749"},{"taxonomy":"product_tag","embeddable":true,"href":"https:\/\/www.electrosol.cat\/ca\/wp-json\/wp\/v2\/product_tag?post=2749"}],"curies":[{"name":"wp","href":"https:\/\/api.w.org\/{rel}","templated":true}]}}