{"id":2755,"date":"2019-01-23T16:19:36","date_gmt":"2019-01-23T15:19:36","guid":{"rendered":"https:\/\/www.electrosol.cat\/?post_type=product&#038;p=2755"},"modified":"2023-02-02T15:59:49","modified_gmt":"2023-02-02T14:59:49","slug":"lavadora-8kg-aeg-l6fbi821","status":"publish","type":"product","link":"https:\/\/www.electrosol.cat\/ca\/producto\/lavadora-8kg-aeg-l6fbi821\/","title":{"rendered":"Lavadora 8Kg AEG L6FBI821"},"content":{"rendered":"<p>Lavadora carga Frontal &#8211; ProSense<br \/>\n<strong><img decoding=\"async\" src=\"https:\/\/www.cemevisa.com\/img\/vineta.png\" \/><\/strong>\u00a0Color Blanco &#8211; Centrifugado 1.200 r.p.m.<br \/>\n<strong><img decoding=\"async\" src=\"https:\/\/www.cemevisa.com\/img\/vineta.png\" \/><\/strong>\u00a0Capacidad 8 kg &#8211; Clasificaci\u00f3n energ\u00e9tica A+++-20%<br \/>\n<strong><img decoding=\"async\" src=\"https:\/\/www.cemevisa.com\/img\/vineta.png\" \/><\/strong>\u00a0Con ProSense, no lavar\u00e1s la ropa de m\u00e1s gracias a su detector de carga que ajusta tiempo y consumo<br \/>\n<strong><img decoding=\"async\" src=\"https:\/\/www.cemevisa.com\/img\/vineta.png\" \/><\/strong>\u00a0Tambor suave ProTex para la protecci\u00f3n de los tejidos<br \/>\n<strong><img decoding=\"async\" src=\"https:\/\/www.cemevisa.com\/img\/vineta.png\" \/><\/strong>\u00a0Motor Inverter: Reduce el consumo y aumenta la vida \u00fatil de tu lavadora. Con 10 a\u00f1os de garant\u00eda<br \/>\n<strong><img decoding=\"async\" src=\"https:\/\/www.cemevisa.com\/img\/vineta.png\" \/><\/strong>\u00a0Con la funci\u00f3n Inicio diferido podr\u00e1s planificar tu colada y disfrutar de tu tiempo<br \/>\n<strong><img decoding=\"async\" src=\"https:\/\/www.cemevisa.com\/img\/vineta.png\" \/><\/strong>\u00a08 kg de carga<br \/>\n<strong><img decoding=\"async\" src=\"https:\/\/www.cemevisa.com\/img\/vineta.png\" \/><\/strong>\u00a0Velocidad de centrifugado: 1.200 r.p.m.<br \/>\n<strong><img decoding=\"async\" src=\"https:\/\/www.cemevisa.com\/img\/vineta.png\" \/><\/strong>\u00a0Clase energ\u00e9tica: A+++-20%<br \/>\n<strong><img decoding=\"async\" src=\"https:\/\/www.cemevisa.com\/img\/vineta.png\" \/><\/strong>\u00a0Display LED<br \/>\n<strong><img decoding=\"async\" src=\"https:\/\/www.cemevisa.com\/img\/vineta.png\" \/><\/strong>\u00a0Tambor ProTex<br \/>\n<strong><img decoding=\"async\" src=\"https:\/\/www.cemevisa.com\/img\/vineta.png\" \/><\/strong>\u00a0Motor Inverter<br \/>\n<strong><img decoding=\"async\" src=\"https:\/\/www.cemevisa.com\/img\/vineta.png\" \/><\/strong>\u00a0Lana Plus, R\u00e1pido 20 min, F\u00e1cil Plancha<br \/>\n<strong><img decoding=\"async\" src=\"https:\/\/www.cemevisa.com\/img\/vineta.png\" \/><\/strong>\u00a0Funci\u00f3n ExtraR\u00e1pido<br \/>\n<strong><img decoding=\"async\" src=\"https:\/\/www.cemevisa.com\/img\/vineta.png\" \/><\/strong>\u00a0Certificaci\u00f3n Woolmark Blue<br \/>\n<strong><img decoding=\"async\" src=\"https:\/\/www.cemevisa.com\/img\/vineta.png\" \/><\/strong>\u00a0Acabado: Color blanco y puerta blanca<br \/>\n<strong><img decoding=\"async\" src=\"https:\/\/www.cemevisa.com\/img\/vineta.png\" \/><\/strong>\u00a0Consumo energ\u00e9tico \/ de agua anual: 156 kWh\/9999 L<br \/>\n<strong><img decoding=\"async\" src=\"https:\/\/www.cemevisa.com\/img\/vineta.png\" \/><\/strong>\u00a0Nivel de Ruido del Lavado\/centrifugado en dB(A) re 1 pW (2010\/30\/EC): 50\/73<br \/>\n<strong><img decoding=\"async\" src=\"https:\/\/www.cemevisa.com\/img\/vineta.png\" \/><\/strong>\u00a0Dimensiones (Alto x Ancho x Fondo) en mm: 850 x 600 x 575 ( max. fondo 600)<\/p>\n","protected":false},"excerpt":{"rendered":"<p>Lavadora carga Frontal &#8211; ProSense \u00a0Color Blanco &#8211; Centrifugado 1.200 r.p.m. \u00a0Capacidad 8 kg &#8211; Clasificaci\u00f3n energ\u00e9tica A+++-20% \u00a0Con ProSense, no lavar\u00e1s la ropa de m\u00e1s gracias a su detector de carga que ajusta tiempo y consumo \u00a0Tambor suave ProTex para la protecci\u00f3n de los tejidos \u00a0Motor Inverter: Reduce el consumo y aumenta la vida&hellip;<\/p>\n","protected":false},"featured_media":2756,"template":"","meta":{"_acf_changed":false},"product_brand":[387],"product_cat":[94],"product_tag":[426],"class_list":{"0":"post-2755","1":"product","2":"type-product","3":"status-publish","4":"has-post-thumbnail","6":"product_brand-aeg","7":"product_cat-lavadoras","8":"product_tag-aeg","9":"description-off","11":"first","12":"instock","13":"shipping-taxable","14":"product-type-simple"},"acf":[],"_links":{"self":[{"href":"https:\/\/www.electrosol.cat\/ca\/wp-json\/wp\/v2\/product\/2755","targetHints":{"allow":["GET"]}}],"collection":[{"href":"https:\/\/www.electrosol.cat\/ca\/wp-json\/wp\/v2\/product"}],"about":[{"href":"https:\/\/www.electrosol.cat\/ca\/wp-json\/wp\/v2\/types\/product"}],"wp:featuredmedia":[{"embeddable":true,"href":"https:\/\/www.electrosol.cat\/ca\/wp-json\/wp\/v2\/media\/2756"}],"wp:attachment":[{"href":"https:\/\/www.electrosol.cat\/ca\/wp-json\/wp\/v2\/media?parent=2755"}],"wp:term":[{"taxonomy":"product_brand","embeddable":true,"href":"https:\/\/www.electrosol.cat\/ca\/wp-json\/wp\/v2\/product_brand?post=2755"},{"taxonomy":"product_cat","embeddable":true,"href":"https:\/\/www.electrosol.cat\/ca\/wp-json\/wp\/v2\/product_cat?post=2755"},{"taxonomy":"product_tag","embeddable":true,"href":"https:\/\/www.electrosol.cat\/ca\/wp-json\/wp\/v2\/product_tag?post=2755"}],"curies":[{"name":"wp","href":"https:\/\/api.w.org\/{rel}","templated":true}]}}