{"id":2758,"date":"2019-01-23T16:23:30","date_gmt":"2019-01-23T15:23:30","guid":{"rendered":"https:\/\/www.electrosol.cat\/?post_type=product&#038;p=2758"},"modified":"2023-02-02T16:28:46","modified_gmt":"2023-02-02T15:28:46","slug":"secadora-8kg-samsung-dv80m5010qw-ec-kc","status":"publish","type":"product","link":"https:\/\/www.electrosol.cat\/ca\/producto\/secadora-8kg-samsung-dv80m5010qw-ec-kc\/","title":{"rendered":"Secadora 8Kg Samsung DV80M5010QW\/EC &#8216;KC"},"content":{"rendered":"<p><strong><img decoding=\"async\" src=\"https:\/\/www.cemevisa.com\/img\/vineta.png\" \/><\/strong>\u00a0Secadora con bomba de calor &#8211; OptimalDry<br \/>\n<strong><img decoding=\"async\" src=\"https:\/\/www.cemevisa.com\/img\/vineta.png\" \/><\/strong>\u00a0<strong>Color Blanco<\/strong> &#8211; Puerta Cristal Negro &#8211; 8 kg. &#8211; Clase energetica: A++<br \/>\n<strong><img decoding=\"async\" src=\"https:\/\/www.cemevisa.com\/img\/vineta.png\" \/><\/strong>\u00a0<strong>Smart Check<\/strong> &#8211; Puerta reversible<br \/>\n<strong><img decoding=\"async\" src=\"https:\/\/www.cemevisa.com\/img\/vineta.png\" \/><\/strong>\u00a0Est\u00e9tica CrystalTouch azul<br \/>\n<strong><img decoding=\"async\" src=\"https:\/\/www.cemevisa.com\/img\/vineta.png\" \/><\/strong>\u00a0Luz Interior del Tambor<br \/>\n<strong><img decoding=\"async\" src=\"https:\/\/www.cemevisa.com\/img\/vineta.png\" \/><\/strong>\u00a0Smart Check, diagnostica fallos y te ofrece posibles soluciones con la ayuda de su aplicaci\u00f3n para smartphone,<br \/>\n<strong><img decoding=\"async\" src=\"https:\/\/www.cemevisa.com\/img\/vineta.png\" \/><\/strong>\u00a0Puerta Reversible<br \/>\n<strong><img decoding=\"async\" src=\"https:\/\/www.cemevisa.com\/img\/vineta.png\" \/><\/strong>\u00a0Bloqueo Infantil<br \/>\n<strong><img decoding=\"async\" src=\"https:\/\/www.cemevisa.com\/img\/vineta.png\" \/><\/strong>\u00a0Final Diferido<br \/>\n<strong><img decoding=\"async\" src=\"https:\/\/www.cemevisa.com\/img\/vineta.png\" \/><\/strong>\u00a0Tambor Diamante<br \/>\n<strong><img decoding=\"async\" src=\"https:\/\/www.cemevisa.com\/img\/vineta.png\" \/><\/strong>\u00a03 Nivel de Secado<br \/>\n<strong><img decoding=\"async\" src=\"https:\/\/www.cemevisa.com\/img\/vineta.png\" \/><\/strong>\u00a0Selector del Tiempo de Secado<br \/>\n<strong><img decoding=\"async\" src=\"https:\/\/www.cemevisa.com\/img\/vineta.png\" \/><\/strong>\u00a0Alarma de Carga Mixta<br \/>\n<strong><img decoding=\"async\" src=\"https:\/\/www.cemevisa.com\/img\/vineta.png\" \/><\/strong>\u00a0Indicador de Progreso<br \/>\n<strong><img decoding=\"async\" src=\"https:\/\/www.cemevisa.com\/img\/vineta.png\" \/><\/strong>\u00a0Alarma de Contenedor de Agua Lleno<br \/>\n<strong><img decoding=\"async\" src=\"https:\/\/www.cemevisa.com\/img\/vineta.png\" \/><\/strong>\u00a0Funci\u00f3n antiarrugas<br \/>\n<strong><img decoding=\"async\" src=\"https:\/\/www.cemevisa.com\/img\/vineta.png\" \/><\/strong>\u00a0OptimalDry System, permite un secado autom\u00e1tico gracias a sus sensores de humedad, temperatura y limpieza del intercambiador. El sistema ajusta el tiempo de secado continuamente, protegiendo as\u00ed tus prendas y utilizando la menor cantidad de energ\u00eda posible<br \/>\n<strong><img decoding=\"async\" src=\"https:\/\/www.cemevisa.com\/img\/vineta.png\" \/><\/strong>\u00a0<strong>Ciclos<\/strong>\u00a0&#8211; Aire Fr\u00edo &#8211; Seco Planchado &#8211; Tiempo Seco &#8211; Towels &#8211; Aire Caliente &#8211; Lana &#8211; Algod\u00f3n &#8211; Ropa delicada &#8211; Mixed Load &#8211; Ropa Impermeable &#8211; Ropa de cama &#8211; Shirts &#8211; Sint\u00e9ticos<br \/>\n<strong><img decoding=\"async\" src=\"https:\/\/www.cemevisa.com\/img\/vineta.png\" \/>\u00a0Ciclos adicionales<\/strong> Camisas, Algod\u00f3n, Colada Mixta, Sint\u00e9ticos<br \/>\n<strong><img decoding=\"async\" src=\"https:\/\/www.cemevisa.com\/img\/vineta.png\" \/><\/strong>\u00a0Lista de Opciones: Final Diferido, Sonido On\/Off, Prevenci\u00f3n de Arrugas, Nivel de Secado, Tiempo, Campana de Colada Mixta, L\u00e1mpara<br \/>\n<strong><img decoding=\"async\" src=\"https:\/\/www.cemevisa.com\/img\/vineta.png\" \/><\/strong>\u00a0<strong>Quick Dry<\/strong> 35&#8242;: Su ciclo de secado r\u00e1pido de 35\u0092 te permite tener una peque\u00f1a cantidad de ropa seca y lista para pon\u00e9rtela en solo 35 minutos<br \/>\n<strong><img decoding=\"async\" src=\"https:\/\/www.cemevisa.com\/img\/vineta.png\" \/><\/strong>\u00a0Desagua por manguera o cubeta<br \/>\n<strong><img decoding=\"async\" src=\"https:\/\/www.cemevisa.com\/img\/vineta.png\" \/><\/strong>\u00a0Filtro 2 en 1 cuenta con una doble malla, por lo que no es necesario un tercer filtro en el intercambiador de calor, manteniendo as\u00ed un rendimiento de secado \u00f3ptimo. Adem\u00e1s, su sistema de alarma te avisar\u00e1 cuando necesites limpiar el filtro y el intercambiador de calor<br \/>\n<strong><img decoding=\"async\" src=\"https:\/\/www.cemevisa.com\/img\/vineta.png\" \/><\/strong>\u00a0Consumo de energ\u00eda anual: 235 kWh<br \/>\n<strong><img decoding=\"async\" src=\"https:\/\/www.cemevisa.com\/img\/vineta.png\" \/><\/strong>\u00a0Potencia sonora: 65 dB(A) re 1 pW<br \/>\n<strong><img decoding=\"async\" src=\"https:\/\/www.cemevisa.com\/img\/vineta.png\" \/><\/strong>\u00a0Duraci\u00f3n del programa est\u00e1ndar de algod\u00f3n (min): 170<br \/>\n<strong><img decoding=\"async\" src=\"https:\/\/www.cemevisa.com\/img\/vineta.png\" \/><\/strong>\u00a0Dimensiones del aparato (alto x ancho x fondo) mm : 850 x 600 x 600<\/p>\n","protected":false},"excerpt":{"rendered":"<p>\u00a0Secadora con bomba de calor &#8211; OptimalDry \u00a0Color Blanco &#8211; Puerta Cristal Negro &#8211; 8 kg. &#8211; Clase energetica: A++ \u00a0Smart Check &#8211; Puerta reversible \u00a0Est\u00e9tica CrystalTouch azul \u00a0Luz Interior del Tambor \u00a0Smart Check, diagnostica fallos y te ofrece posibles soluciones con la ayuda de su aplicaci\u00f3n para smartphone, \u00a0Puerta Reversible \u00a0Bloqueo Infantil \u00a0Final Diferido&hellip;<\/p>\n","protected":false},"featured_media":2759,"template":"","meta":{"_acf_changed":false},"product_brand":[414],"product_cat":[97],"product_tag":[423],"class_list":{"0":"post-2758","1":"product","2":"type-product","3":"status-publish","4":"has-post-thumbnail","6":"product_brand-samsung","7":"product_cat-secadoras","8":"product_tag-samusung","9":"description-off","11":"first","12":"instock","13":"shipping-taxable","14":"product-type-simple"},"acf":[],"_links":{"self":[{"href":"https:\/\/www.electrosol.cat\/ca\/wp-json\/wp\/v2\/product\/2758","targetHints":{"allow":["GET"]}}],"collection":[{"href":"https:\/\/www.electrosol.cat\/ca\/wp-json\/wp\/v2\/product"}],"about":[{"href":"https:\/\/www.electrosol.cat\/ca\/wp-json\/wp\/v2\/types\/product"}],"wp:featuredmedia":[{"embeddable":true,"href":"https:\/\/www.electrosol.cat\/ca\/wp-json\/wp\/v2\/media\/2759"}],"wp:attachment":[{"href":"https:\/\/www.electrosol.cat\/ca\/wp-json\/wp\/v2\/media?parent=2758"}],"wp:term":[{"taxonomy":"product_brand","embeddable":true,"href":"https:\/\/www.electrosol.cat\/ca\/wp-json\/wp\/v2\/product_brand?post=2758"},{"taxonomy":"product_cat","embeddable":true,"href":"https:\/\/www.electrosol.cat\/ca\/wp-json\/wp\/v2\/product_cat?post=2758"},{"taxonomy":"product_tag","embeddable":true,"href":"https:\/\/www.electrosol.cat\/ca\/wp-json\/wp\/v2\/product_tag?post=2758"}],"curies":[{"name":"wp","href":"https:\/\/api.w.org\/{rel}","templated":true}]}}