{"id":2766,"date":"2019-01-23T16:30:39","date_gmt":"2019-01-23T15:30:39","guid":{"rendered":"https:\/\/www.electrosol.cat\/?post_type=product&#038;p=2766"},"modified":"2023-02-02T15:58:21","modified_gmt":"2023-02-02T14:58:21","slug":"lavasecadora-8kg-samsung-wd80j6a10aw-ec-kc","status":"publish","type":"product","link":"https:\/\/www.electrosol.cat\/ca\/producto\/lavasecadora-8kg-samsung-wd80j6a10aw-ec-kc\/","title":{"rendered":"Lavasecadora 8Kg Samsung WD80J6A10AW\/EC &#8216;KC"},"content":{"rendered":"<p><strong><img decoding=\"async\" src=\"https:\/\/www.cemevisa.com\/img\/vineta.png\" \/><\/strong>\u00a0Lavasecadora carga frontal &#8211; EcoBubble<br \/>\n<strong><img decoding=\"async\" src=\"https:\/\/www.cemevisa.com\/img\/vineta.png\" \/><\/strong>\u00a0Color Blanco &#8211; Centrifugado 1.400 r.p.m.<br \/>\n<strong><img decoding=\"async\" src=\"https:\/\/www.cemevisa.com\/img\/vineta.png\" \/><\/strong>\u00a0Capacidad de carga lavado\/secado 8 kg\/5 kg &#8211; Clase energetica A<br \/>\n<strong><img decoding=\"async\" src=\"https:\/\/www.cemevisa.com\/img\/vineta.png\" \/><\/strong>\u00a0Tecnolog\u00eda EcoBubble: excelentes resultados en agua fr\u00eda.<br \/>\n<strong><img decoding=\"async\" src=\"https:\/\/www.cemevisa.com\/img\/vineta.png\" \/><\/strong>\u00a0Tecnolog\u00eda AirWash: para eliminar los malos olores sin necesidad de agua &#8211; programas Deodorizaci\u00f3n, Higienizaci\u00f3n.<br \/>\n<strong><img decoding=\"async\" src=\"https:\/\/www.cemevisa.com\/img\/vineta.png\" \/><\/strong>\u00a0Opci\u00f3n Prelavado Burbujas: mayor eficacia para manchas dif\u00edciles.<br \/>\n<strong><img decoding=\"async\" src=\"https:\/\/www.cemevisa.com\/img\/vineta.png\" \/><\/strong>\u00a0Tambor Diamante: menor rozamiento de los tejidos.<br \/>\n<strong><img decoding=\"async\" src=\"https:\/\/www.cemevisa.com\/img\/vineta.png\" \/><\/strong>\u00a0Motor Digital Inverter: menor consumo, silencioso, 10 a\u00f1os de garant\u00eda.<br \/>\n<strong><img decoding=\"async\" src=\"https:\/\/www.cemevisa.com\/img\/vineta.png\" \/><\/strong>\u00a0Auto-diagn\u00f3stico de incidencias SmartCheck.<br \/>\n<strong><img decoding=\"async\" src=\"https:\/\/www.cemevisa.com\/img\/vineta.png\" \/><\/strong>\u00a014 Programas: Non-Stop Lavado\/Secado, Lavado R\u00e1pido 15\u0092, Lana, Sint\u00e9ticos, etc.<br \/>\n<strong><img decoding=\"async\" src=\"https:\/\/www.cemevisa.com\/img\/vineta.png\" \/><\/strong>\u00a0Opciones: Secado por Tiempo (desde 30\u0092 hasta 270\u0092), Final Diferido, Aclarado Extra, Bloqueo Infantil, Intensivo, etc.<br \/>\n<strong><img decoding=\"async\" src=\"https:\/\/www.cemevisa.com\/img\/vineta.png\" \/><\/strong>\u00a0Carga variable autom\u00e1tica (fuzzy logic). Protecci\u00f3n autom\u00e1tica contra variaciones en voltaje.<br \/>\n<strong><img decoding=\"async\" src=\"https:\/\/www.cemevisa.com\/img\/vineta.png\" \/><\/strong>\u00a0Est\u00e9tica CrystalBlue.<br \/>\n<strong><img decoding=\"async\" src=\"https:\/\/www.cemevisa.com\/img\/vineta.png\" \/><\/strong>\u00a0Maxi Display LED.<br \/>\n<strong><img decoding=\"async\" src=\"https:\/\/www.cemevisa.com\/img\/vineta.png\" \/><\/strong>\u00a0Consumo por ciclo de energia\/agua lavado, centrifugado y secado: 5,44 kWh\/88 litros<br \/>\n<strong><img decoding=\"async\" src=\"https:\/\/www.cemevisa.com\/img\/vineta.png\" \/><\/strong>\u00a0Consumo por ciclo de energia\/agua lavado, centrifugado: 1,04 kWh\/48 litros<br \/>\n<strong><img decoding=\"async\" src=\"https:\/\/www.cemevisa.com\/img\/vineta.png\" \/><\/strong>\u00a0Potencia sonora lavado\/centrifugado\/secado: 54\/73\/59 dB(A) re 1 pW<br \/>\n<strong><img decoding=\"async\" src=\"https:\/\/www.cemevisa.com\/img\/vineta.png\" \/><\/strong>\u00a0Dimensiones: 850 x 600 x 600 mm (alto x ancho x fondo)<\/p>\n","protected":false},"excerpt":{"rendered":"<p>\u00a0Lavasecadora carga frontal &#8211; EcoBubble \u00a0Color Blanco &#8211; Centrifugado 1.400 r.p.m. \u00a0Capacidad de carga lavado\/secado 8 kg\/5 kg &#8211; Clase energetica A \u00a0Tecnolog\u00eda EcoBubble: excelentes resultados en agua fr\u00eda. \u00a0Tecnolog\u00eda AirWash: para eliminar los malos olores sin necesidad de agua &#8211; programas Deodorizaci\u00f3n, Higienizaci\u00f3n. \u00a0Opci\u00f3n Prelavado Burbujas: mayor eficacia para manchas dif\u00edciles. \u00a0Tambor Diamante: menor&hellip;<\/p>\n","protected":false},"featured_media":2767,"template":"","meta":{"_acf_changed":false},"product_brand":[414],"product_cat":[94,97],"product_tag":[415],"class_list":{"0":"post-2766","1":"product","2":"type-product","3":"status-publish","4":"has-post-thumbnail","6":"product_brand-samsung","7":"product_cat-lavadoras","8":"product_cat-secadoras","9":"product_tag-samsung","10":"description-off","12":"first","13":"instock","14":"shipping-taxable","15":"purchasable","16":"product-type-simple"},"acf":[],"_links":{"self":[{"href":"https:\/\/www.electrosol.cat\/ca\/wp-json\/wp\/v2\/product\/2766","targetHints":{"allow":["GET"]}}],"collection":[{"href":"https:\/\/www.electrosol.cat\/ca\/wp-json\/wp\/v2\/product"}],"about":[{"href":"https:\/\/www.electrosol.cat\/ca\/wp-json\/wp\/v2\/types\/product"}],"wp:featuredmedia":[{"embeddable":true,"href":"https:\/\/www.electrosol.cat\/ca\/wp-json\/wp\/v2\/media\/2767"}],"wp:attachment":[{"href":"https:\/\/www.electrosol.cat\/ca\/wp-json\/wp\/v2\/media?parent=2766"}],"wp:term":[{"taxonomy":"product_brand","embeddable":true,"href":"https:\/\/www.electrosol.cat\/ca\/wp-json\/wp\/v2\/product_brand?post=2766"},{"taxonomy":"product_cat","embeddable":true,"href":"https:\/\/www.electrosol.cat\/ca\/wp-json\/wp\/v2\/product_cat?post=2766"},{"taxonomy":"product_tag","embeddable":true,"href":"https:\/\/www.electrosol.cat\/ca\/wp-json\/wp\/v2\/product_tag?post=2766"}],"curies":[{"name":"wp","href":"https:\/\/api.w.org\/{rel}","templated":true}]}}