{"id":2769,"date":"2019-01-23T16:33:40","date_gmt":"2019-01-23T15:33:40","guid":{"rendered":"https:\/\/www.electrosol.cat\/?post_type=product&#038;p=2769"},"modified":"2023-02-02T15:56:00","modified_gmt":"2023-02-02T14:56:00","slug":"lavadora-8kg-aeg-l7fee841-kc","status":"publish","type":"product","link":"https:\/\/www.electrosol.cat\/ca\/producto\/lavadora-8kg-aeg-l7fee841-kc\/","title":{"rendered":"Lavadora 8Kg AEG L7FEE841 &#8216;KC"},"content":{"rendered":"<p>Lavadora carga Frontal &#8211; ProSteam &#8211; Vapor<br \/>\n<strong><img decoding=\"async\" src=\"https:\/\/www.cemevisa.com\/img\/vineta.png\" \/><\/strong>\u00a0Color Blanco &#8211; Centrifugado 1.400 r.p.m.<br \/>\n<strong><img decoding=\"async\" src=\"https:\/\/www.cemevisa.com\/img\/vineta.png\" \/><\/strong>\u00a0Capacidad 8 kg &#8211; Clasificaci\u00f3n energ\u00e9tica A+++-30%<br \/>\n<strong><img decoding=\"async\" src=\"https:\/\/www.cemevisa.com\/img\/vineta.png\" \/><\/strong>\u00a0Display LCD<br \/>\n<strong><img decoding=\"async\" src=\"https:\/\/www.cemevisa.com\/img\/vineta.png\" \/><\/strong>\u00a0Tambor Protex<br \/>\n<strong><img decoding=\"async\" src=\"https:\/\/www.cemevisa.com\/img\/vineta.png\" \/><\/strong>\u00a0Motor OKOInverter<br \/>\n<strong><img decoding=\"async\" src=\"https:\/\/www.cemevisa.com\/img\/vineta.png\" \/><\/strong>\u00a0Certificaci\u00f3n Woolmark Blue<br \/>\n<strong><img decoding=\"async\" src=\"https:\/\/www.cemevisa.com\/img\/vineta.png\" \/><\/strong>\u00a0Funci\u00f3n SoftPlus<br \/>\n<strong><img decoding=\"async\" src=\"https:\/\/www.cemevisa.com\/img\/vineta.png\" \/><\/strong>\u00a0Funci\u00f3n ECO-ExtraR\u00e1pido<br \/>\n<strong><img decoding=\"async\" src=\"https:\/\/www.cemevisa.com\/img\/vineta.png\" \/><\/strong>\u00a0Sistema anti-manchas<br \/>\n<strong><img decoding=\"async\" src=\"https:\/\/www.cemevisa.com\/img\/vineta.png\" \/><\/strong>\u00a0Tecnolog\u00eda de lavado Jet System<br \/>\n<strong><img decoding=\"async\" src=\"https:\/\/www.cemevisa.com\/img\/vineta.png\" \/><\/strong>\u00a0Programas de lavado: Algod\u00f3n, Sint\u00e9ticos, Delicados, Lana Plus, Refresco al Vapor, OKOPower, Antial\u00e9rgico, R\u00e1pido 20 minutos 3 kg, Outdoor \/ Jacket Sport, Vaqueros<br \/>\n<strong><img decoding=\"async\" src=\"https:\/\/www.cemevisa.com\/img\/vineta.png\" \/><\/strong>\u00a0Funciones para el ahorro de tiempo<br \/>\n<strong><img decoding=\"async\" src=\"https:\/\/www.cemevisa.com\/img\/vineta.png\" \/><\/strong>\u00a0Control de Centrifugado: ABC<br \/>\n<strong><img decoding=\"async\" src=\"https:\/\/www.cemevisa.com\/img\/vineta.png\" \/><\/strong>\u00a0Control electr\u00f3nico de la carga \u00abFuzzy Logic\u00bb<br \/>\n<strong><img decoding=\"async\" src=\"https:\/\/www.cemevisa.com\/img\/vineta.png\" \/><\/strong>\u00a0Inicio Diferido<br \/>\n<strong><img decoding=\"async\" src=\"https:\/\/www.cemevisa.com\/img\/vineta.png\" \/><\/strong>\u00a0N\u00famero de dispensadores de detergente: 4<br \/>\n<strong><img decoding=\"async\" src=\"https:\/\/www.cemevisa.com\/img\/vineta.png\" \/><\/strong>\u00a0Triple sistema de seguridad para ni\u00f1os<br \/>\n<strong><img decoding=\"async\" src=\"https:\/\/www.cemevisa.com\/img\/vineta.png\" \/><\/strong>\u00a0Patas: 4 patas regulables en altura<br \/>\n<strong><img decoding=\"async\" src=\"https:\/\/www.cemevisa.com\/img\/vineta.png\" \/><\/strong>\u00a0Sistema de seguridad contra las inundaciones con Aqua sensor de control<br \/>\n<strong><img decoding=\"async\" src=\"https:\/\/www.cemevisa.com\/img\/vineta.png\" \/><\/strong>\u00a0tecnolog\u00eda ProSense<br \/>\n<strong><img decoding=\"async\" src=\"https:\/\/www.cemevisa.com\/img\/vineta.png\" \/><\/strong>\u00a0Acabado: Color blanco con panel de control Silver y puerta Silver<br \/>\n<strong><img decoding=\"async\" src=\"https:\/\/www.cemevisa.com\/img\/vineta.png\" \/><\/strong>\u00a0Consumo energ\u00e9tico \/ de agua anual: 137 kWh\/10999 L<br \/>\n<strong><img decoding=\"async\" src=\"https:\/\/www.cemevisa.com\/img\/vineta.png\" \/><\/strong>\u00a0Potencia sonora fase lavado\/centrifugado: 51\/75 dB<br \/>\n<strong><img decoding=\"async\" src=\"https:\/\/www.cemevisa.com\/img\/vineta.png\" \/><\/strong>\u00a0Dimensiones (AxAxF): 850 x 600 x 500-542 mm<br \/>\n<strong><img decoding=\"async\" src=\"https:\/\/www.cemevisa.com\/img\/vineta.png\" \/><\/strong>\u00a0\u00d6KOPower es el programa de lavado diario que te ofrece todo lo que necesitas. Lava las prendas en tan solo 59 min con excelentes resultados y un menor consumo energ\u00e9tico<\/p>\n","protected":false},"excerpt":{"rendered":"<p>Lavadora carga Frontal &#8211; ProSteam &#8211; Vapor \u00a0Color Blanco &#8211; Centrifugado 1.400 r.p.m. \u00a0Capacidad 8 kg &#8211; Clasificaci\u00f3n energ\u00e9tica A+++-30% \u00a0Display LCD \u00a0Tambor Protex \u00a0Motor OKOInverter \u00a0Certificaci\u00f3n Woolmark Blue \u00a0Funci\u00f3n SoftPlus \u00a0Funci\u00f3n ECO-ExtraR\u00e1pido \u00a0Sistema anti-manchas \u00a0Tecnolog\u00eda de lavado Jet System \u00a0Programas de lavado: Algod\u00f3n, Sint\u00e9ticos, Delicados, Lana Plus, Refresco al Vapor, OKOPower, Antial\u00e9rgico, R\u00e1pido 20&hellip;<\/p>\n","protected":false},"featured_media":2770,"template":"","meta":{"_acf_changed":false},"product_brand":[387],"product_cat":[94],"product_tag":[426],"class_list":{"0":"post-2769","1":"product","2":"type-product","3":"status-publish","4":"has-post-thumbnail","6":"product_brand-aeg","7":"product_cat-lavadoras","8":"product_tag-aeg","9":"description-off","11":"first","12":"instock","13":"shipping-taxable","14":"purchasable","15":"product-type-simple"},"acf":[],"_links":{"self":[{"href":"https:\/\/www.electrosol.cat\/ca\/wp-json\/wp\/v2\/product\/2769","targetHints":{"allow":["GET"]}}],"collection":[{"href":"https:\/\/www.electrosol.cat\/ca\/wp-json\/wp\/v2\/product"}],"about":[{"href":"https:\/\/www.electrosol.cat\/ca\/wp-json\/wp\/v2\/types\/product"}],"wp:featuredmedia":[{"embeddable":true,"href":"https:\/\/www.electrosol.cat\/ca\/wp-json\/wp\/v2\/media\/2770"}],"wp:attachment":[{"href":"https:\/\/www.electrosol.cat\/ca\/wp-json\/wp\/v2\/media?parent=2769"}],"wp:term":[{"taxonomy":"product_brand","embeddable":true,"href":"https:\/\/www.electrosol.cat\/ca\/wp-json\/wp\/v2\/product_brand?post=2769"},{"taxonomy":"product_cat","embeddable":true,"href":"https:\/\/www.electrosol.cat\/ca\/wp-json\/wp\/v2\/product_cat?post=2769"},{"taxonomy":"product_tag","embeddable":true,"href":"https:\/\/www.electrosol.cat\/ca\/wp-json\/wp\/v2\/product_tag?post=2769"}],"curies":[{"name":"wp","href":"https:\/\/api.w.org\/{rel}","templated":true}]}}