{"id":2805,"date":"2019-03-30T13:15:05","date_gmt":"2019-03-30T12:15:05","guid":{"rendered":"https:\/\/www.electrosol.cat\/?post_type=product&#038;p=2805"},"modified":"2025-02-15T15:35:48","modified_gmt":"2025-02-15T14:35:48","slug":"aire-acondicionado-mitsubishi-2x1-21503010-frigorias-inverter","status":"publish","type":"product","link":"https:\/\/www.electrosol.cat\/ca\/producto\/aire-acondicionado-mitsubishi-2x1-21503010-frigorias-inverter\/","title":{"rendered":"Aire condicionat Mitsubishi 2X1 2150+3010 Frigor\u00edas Inverter"},"content":{"rendered":"<div class=\"collapse-text-text\">\n<h2>Caracter\u00edsticas<\/h2>\n<p>Las unidades interiores de la nueva serie\u00a0<strong><a href=\"https:\/\/www.mitsubishielectric.es\/aire-acondicionado\/productos\/msz-dmhj\">IMPULSA<\/a>\u00a0<\/strong>han sido desarrolladas para ofrecer la tecnolog\u00eda m\u00e1s avanzada\u00a0al alcance de todos los presupuestos. Es una serie compuesta por dos unidades: la MSZ-DM (25\/35) para las capacidades inferiores. Para capacidades m\u00e1s grandes la MSZ-HJ (50\/60\/71)<\/p>\n<p><strong>ECONO COOL\u00a0<\/strong>es un modo inteligente de control de la temperatura.<\/p>\n<p>Ajusta la cantidad de aire dirigida al cuerpo, permitiendo una mejora de un 20% de la eficiencia energ\u00e9tica.<\/p>\n<p>Dise\u00f1ada para representar la tranquilidad en el hogar. Consigue un<strong> nivel sonoro<\/strong> en funcionamiento de tan solo\u00a0<strong>22dB<\/strong>.<\/p>\n<p>Las unidades MSZ-DM cuentan con un<strong>\u00a0filtro ionizado.<\/strong>\u00a0<strong>Captura las bacterias, el polen y otros al\u00e9rgenos<\/strong> para neutralizarlos, obteniendo un aire limpio y puro. Las unidades MSZ-HJ cuentan con un filtro capaz de atrapar el polvo del aire. Garantizan un aire libre de polvo.<\/p>\n<p>La unidades MSZ-DM son compatibles con el servicio\u00a0<strong>MELCloud\u00a0<\/strong>que permite control el aire acondicionado a trav\u00e9s de tu <strong>Smartphone.<\/strong><\/p>\n<p>La tecnolog\u00eda REPLACE, exclusiva de Mitsubishi Electric.\u00a0<strong>Permite reemplazar un equipo de aire acondicionado antiguo<\/strong>, sea de la marca que sea, por otro de \u00faltima generaci\u00f3n reutilizando las conexiones de la instalaci\u00f3n existente. De esta forma, la instalaci\u00f3n es m\u00e1s f\u00e1cil y r\u00e1pida y se respeta el medio ambiente al evitar generar residuos.<\/p>\n<p>Son unas m\u00e1quinas de<a href=\"https:\/\/www.electrosol.cat\/ca\/productes-botiga\/aire-condicionat\/\"><strong> aire acondicionado<\/strong><\/a> ideales tanto para las<strong> nuevas instalaciones<\/strong>, como para las<strong> reposiciones de m\u00e1quinas antiguas.<\/strong><\/p>\n<p>Al ser m\u00e1quinas con tecnolog\u00eda inverter, reduciremos nuestro <strong><a href=\"https:\/\/www.electrosol.cat\/ca\/decalogo-para-el-ahorro-de-energia\/\">consumo energ\u00e9tico.<\/a><\/strong><\/p>\n<p>Mitsubishi Electric es uno de los referentes mundiales en la fabricaci\u00f3n y venta de productos el\u00e9ctricos y electr\u00f3nicos, y sistemas utilizados en una amplia gama de campos y aplicaciones. Empresa comprometida con el medio ambiente l\u00edder a nivel mundial. Aplican tecnolog\u00edas para contribuir a una sociedad y vida diaria mejor en todo el mundo.<\/p>\n<\/div>\n<div class=\"collapse-text-text\">\n<p>&nbsp;<\/p>\n<\/div>\n","protected":false},"excerpt":{"rendered":"<p>Caracter\u00edsticas Las unidades interiores de la nueva serie\u00a0IMPULSA\u00a0han sido desarrolladas para ofrecer la tecnolog\u00eda m\u00e1s avanzada\u00a0al alcance de todos los presupuestos. Es una serie compuesta por dos unidades: la MSZ-DM (25\/35) para las capacidades inferiores. Para capacidades m\u00e1s grandes la MSZ-HJ (50\/60\/71) ECONO COOL\u00a0es un modo inteligente de control de la temperatura. Ajusta la cantidad&hellip;<\/p>\n","protected":false},"featured_media":2269,"template":"","meta":{"_acf_changed":false},"product_brand":[373],"product_cat":[217,229],"product_tag":[233,237],"class_list":{"0":"post-2805","1":"product","2":"type-product","3":"status-publish","4":"has-post-thumbnail","6":"product_brand-mitsubishi-ca","7":"product_cat-aire-condicionat","8":"product_cat-ofertes","9":"product_tag-aire-acondicionado-ca","10":"product_tag-mitsubishi-ca","11":"description-off","13":"first","14":"instock","15":"shipping-taxable","16":"purchasable","17":"product-type-simple"},"acf":[],"_links":{"self":[{"href":"https:\/\/www.electrosol.cat\/ca\/wp-json\/wp\/v2\/product\/2805","targetHints":{"allow":["GET"]}}],"collection":[{"href":"https:\/\/www.electrosol.cat\/ca\/wp-json\/wp\/v2\/product"}],"about":[{"href":"https:\/\/www.electrosol.cat\/ca\/wp-json\/wp\/v2\/types\/product"}],"wp:featuredmedia":[{"embeddable":true,"href":"https:\/\/www.electrosol.cat\/ca\/wp-json\/wp\/v2\/media\/2269"}],"wp:attachment":[{"href":"https:\/\/www.electrosol.cat\/ca\/wp-json\/wp\/v2\/media?parent=2805"}],"wp:term":[{"taxonomy":"product_brand","embeddable":true,"href":"https:\/\/www.electrosol.cat\/ca\/wp-json\/wp\/v2\/product_brand?post=2805"},{"taxonomy":"product_cat","embeddable":true,"href":"https:\/\/www.electrosol.cat\/ca\/wp-json\/wp\/v2\/product_cat?post=2805"},{"taxonomy":"product_tag","embeddable":true,"href":"https:\/\/www.electrosol.cat\/ca\/wp-json\/wp\/v2\/product_tag?post=2805"}],"curies":[{"name":"wp","href":"https:\/\/api.w.org\/{rel}","templated":true}]}}