{"id":2810,"date":"2019-04-08T12:16:19","date_gmt":"2019-04-08T10:16:19","guid":{"rendered":"https:\/\/www.electrosol.cat\/?post_type=product&#038;p=2810"},"modified":"2025-11-17T07:21:29","modified_gmt":"2025-11-17T06:21:29","slug":"calentador-sime-12-litros-estanco-electronico-bajo-nox","status":"publish","type":"product","link":"https:\/\/www.electrosol.cat\/ca\/producto\/calentador-sime-12-litros-estanco-electronico-bajo-nox\/","title":{"rendered":"Escalfador Sime 12 litres Estanc Electr\u00f3nic Bajo NOX"},"content":{"rendered":"<ul>\n<li><strong>Control sin complicaciones<\/strong><br \/>\nSus selectores incorporados permiten un manejo muy intuitivo.<\/li>\n<li><strong>Seguro y fiable<\/strong><br \/>\nEl termostato antirrebufo permite la instalaci\u00f3n del calentador tanto en interior como en exterior, aumentando la seguridad.<\/li>\n<li><strong>Instalaci\u00f3n sin problemas<\/strong><br \/>\nSus dimensiones compactas y su f\u00e1cil acceso a las conexiones hidr\u00e1ulicas y de gas permiten una r\u00e1pida instalaci\u00f3n.<\/li>\n<li><strong>Potencia modulante<\/strong><br \/>\nEl <a href=\"https:\/\/www.electrosol.cat\/ca\/serveis-lampisteria\/energies-i-gestio-energetica\/\">consumo<\/a> de gas en los calentadores de gas <a href=\"https:\/\/www.baxi.es\/productos\/calentadores-termos-electricos\/calentadores-gas\/serie-p\">BAXI<\/a> se ajusta de forma \u00f3ptima al caudal demandado.<\/li>\n<li><strong>Dise\u00f1o robusto<\/strong><br \/>\nIncorporan componentes de calidad contrastada entre los que destaca su grupo hidr\u00e1ulico de lat\u00f3n.<\/li>\n<li><strong>Apto para cualquier vivienda<\/strong><br \/>\nApto para instalaciones de gas natural, gas propano o gas butano.<\/li>\n<\/ul>\n","protected":false},"excerpt":{"rendered":"<p>Control sin complicaciones Sus selectores incorporados permiten un manejo muy intuitivo. Seguro y fiable El termostato antirrebufo permite la instalaci\u00f3n del calentador tanto en interior como en exterior, aumentando la seguridad. Instalaci\u00f3n sin problemas Sus dimensiones compactas y su f\u00e1cil acceso a las conexiones hidr\u00e1ulicas y de gas permiten una r\u00e1pida instalaci\u00f3n. Potencia modulante El&hellip;<\/p>\n","protected":false},"featured_media":2870,"template":"","meta":{"_acf_changed":false},"product_brand":[375],"product_cat":[221],"product_tag":[235,240],"class_list":{"0":"post-2810","1":"product","2":"type-product","3":"status-publish","4":"has-post-thumbnail","6":"product_brand-sime-ca","7":"product_cat-escalfadors-de-gas","8":"product_tag-calentador-ca","9":"product_tag-sime-ca","10":"description-off","12":"first","13":"instock","14":"shipping-taxable","15":"purchasable","16":"product-type-simple"},"acf":[],"_links":{"self":[{"href":"https:\/\/www.electrosol.cat\/ca\/wp-json\/wp\/v2\/product\/2810","targetHints":{"allow":["GET"]}}],"collection":[{"href":"https:\/\/www.electrosol.cat\/ca\/wp-json\/wp\/v2\/product"}],"about":[{"href":"https:\/\/www.electrosol.cat\/ca\/wp-json\/wp\/v2\/types\/product"}],"wp:featuredmedia":[{"embeddable":true,"href":"https:\/\/www.electrosol.cat\/ca\/wp-json\/wp\/v2\/media\/2870"}],"wp:attachment":[{"href":"https:\/\/www.electrosol.cat\/ca\/wp-json\/wp\/v2\/media?parent=2810"}],"wp:term":[{"taxonomy":"product_brand","embeddable":true,"href":"https:\/\/www.electrosol.cat\/ca\/wp-json\/wp\/v2\/product_brand?post=2810"},{"taxonomy":"product_cat","embeddable":true,"href":"https:\/\/www.electrosol.cat\/ca\/wp-json\/wp\/v2\/product_cat?post=2810"},{"taxonomy":"product_tag","embeddable":true,"href":"https:\/\/www.electrosol.cat\/ca\/wp-json\/wp\/v2\/product_tag?post=2810"}],"curies":[{"name":"wp","href":"https:\/\/api.w.org\/{rel}","templated":true}]}}