{"id":2842,"date":"2019-06-12T15:43:09","date_gmt":"2019-06-12T13:43:09","guid":{"rendered":"https:\/\/www.electrosol.cat\/?post_type=product&#038;p=2842"},"modified":"2025-02-09T20:17:28","modified_gmt":"2025-02-09T19:17:28","slug":"kit-de-30-kw-monofasico-copia","status":"publish","type":"product","link":"https:\/\/www.electrosol.cat\/ca\/producto\/kit-de-30-kw-monofasico-copia\/","title":{"rendered":"Kit de 3,0 Kw monof\u00e1sico"},"content":{"rendered":"<h3>Caracter\u00edsticas:<\/h3>\n<p>Las soluciones solares fotovolt\u00e1icas de<a href=\"https:\/\/www.greenheiss.com\/energia-solar\/\"> Greenheiss<\/a> para aplicaciones residenciales de conexi\u00f3n a red\u00a0<strong>incluyen todos los dispositivos necesarios y opcionales para lograr un funcionamiento \u00f3ptimo de la informaci\u00f3n:\u00a0<\/strong>paneles solares, estructura de soportaci\u00f3n, inversores,cuadros de proteci\u00f3n DC\/AC, cableados, conector y sistema antivertido.<\/p>\n<p><strong>La energ\u00eda\u00a0<\/strong>producida por los paneles solares\u00a0<strong>se auto-consume en el instante\u00a0<\/strong>que se genera.<\/p>\n<p>Con los kits solares cubrimos las potencias m\u00e1s habituales en el sector residencial y su instalaci\u00f3n\u00a0<strong>est\u00e1 recomendada tanto viviendas unifamiliares como edificios de apartamentos.<\/strong><\/p>\n","protected":false},"excerpt":{"rendered":"<p>Caracter\u00edsticas: Las soluciones solares fotovolt\u00e1icas de Greenheiss para aplicaciones residenciales de conexi\u00f3n a red\u00a0incluyen todos los dispositivos necesarios y opcionales para lograr un funcionamiento \u00f3ptimo de la informaci\u00f3n:\u00a0paneles solares, estructura de soportaci\u00f3n, inversores,cuadros de proteci\u00f3n DC\/AC, cableados, conector y sistema antivertido. La energ\u00eda\u00a0producida por los paneles solares\u00a0se auto-consume en el instante\u00a0que se genera. Con los&hellip;<\/p>\n","protected":false},"featured_media":2971,"template":"","meta":{"_acf_changed":false},"product_brand":[120],"product_cat":[430],"product_tag":[429,110],"class_list":{"0":"post-2842","1":"product","2":"type-product","3":"status-publish","4":"has-post-thumbnail","6":"product_brand-greenheiss","7":"product_cat-placa-fotovoltaica","8":"product_tag-fotovoltaica","9":"product_tag-greenheiss","10":"description-off","12":"first","13":"instock","14":"shipping-taxable","15":"purchasable","16":"product-type-simple"},"acf":[],"_links":{"self":[{"href":"https:\/\/www.electrosol.cat\/ca\/wp-json\/wp\/v2\/product\/2842","targetHints":{"allow":["GET"]}}],"collection":[{"href":"https:\/\/www.electrosol.cat\/ca\/wp-json\/wp\/v2\/product"}],"about":[{"href":"https:\/\/www.electrosol.cat\/ca\/wp-json\/wp\/v2\/types\/product"}],"wp:featuredmedia":[{"embeddable":true,"href":"https:\/\/www.electrosol.cat\/ca\/wp-json\/wp\/v2\/media\/2971"}],"wp:attachment":[{"href":"https:\/\/www.electrosol.cat\/ca\/wp-json\/wp\/v2\/media?parent=2842"}],"wp:term":[{"taxonomy":"product_brand","embeddable":true,"href":"https:\/\/www.electrosol.cat\/ca\/wp-json\/wp\/v2\/product_brand?post=2842"},{"taxonomy":"product_cat","embeddable":true,"href":"https:\/\/www.electrosol.cat\/ca\/wp-json\/wp\/v2\/product_cat?post=2842"},{"taxonomy":"product_tag","embeddable":true,"href":"https:\/\/www.electrosol.cat\/ca\/wp-json\/wp\/v2\/product_tag?post=2842"}],"curies":[{"name":"wp","href":"https:\/\/api.w.org\/{rel}","templated":true}]}}