{"id":2847,"date":"2019-06-12T16:22:25","date_gmt":"2019-06-12T14:22:25","guid":{"rendered":"https:\/\/www.electrosol.cat\/?post_type=product&#038;p=2847"},"modified":"2025-02-09T20:12:00","modified_gmt":"2025-02-09T19:12:00","slug":"kit-de-50kw-6kwh","status":"publish","type":"product","link":"https:\/\/www.electrosol.cat\/ca\/producto\/kit-de-50kw-6kwh\/","title":{"rendered":"kit de 5,0kW \/6kWh"},"content":{"rendered":"<h3>Caracter\u00edsticas:<\/h3>\n<p><strong>La energ\u00eda producida y no auto-consumida<\/strong>\u00a0instant\u00e0neamente,\u00a0<strong>se almacena en la bater\u00eda\u00a0<\/strong>encontr\u00e0ndose disponible para ser utilizada cuando sea necesario.<\/p>\n<p>Con kits solares las potencias m\u00e1s habituales del sector residencial y\u00a0<strong>su instalaci\u00f3n est\u00e1 recomendada tanto en viviends unifamiliares como en edificios de apartamentos.<\/strong><\/p>\n<p><strong>Bater\u00edas I batt:<\/strong><\/p>\n<p>El sistema de la bater\u00eda est\u00e1 conectado de forma permanente a una base de datos clim\u00e0tica, lo que le permite prever que energ\u00eda, procedente de los paneles solares,va a disponer para el dia siguiente. De esta manera, en momentos de poca radiaci\u00f3n, es capaz de decidir si para el uauario es m\u00e1s interesante consumir de la red o de la propia bater\u00eda.<\/p>\n","protected":false},"excerpt":{"rendered":"<p>Caracter\u00edsticas: La energ\u00eda producida y no auto-consumida\u00a0instant\u00e0neamente,\u00a0se almacena en la bater\u00eda\u00a0encontr\u00e0ndose disponible para ser utilizada cuando sea necesario. Con kits solares las potencias m\u00e1s habituales del sector residencial y\u00a0su instalaci\u00f3n est\u00e1 recomendada tanto en viviends unifamiliares como en edificios de apartamentos. Bater\u00edas I batt: El sistema de la bater\u00eda est\u00e1 conectado de forma permanente a&hellip;<\/p>\n","protected":false},"featured_media":2971,"template":"","meta":{"_acf_changed":false},"product_brand":[120],"product_cat":[430],"product_tag":[429,110],"class_list":{"0":"post-2847","1":"product","2":"type-product","3":"status-publish","4":"has-post-thumbnail","6":"product_brand-greenheiss","7":"product_cat-placa-fotovoltaica","8":"product_tag-fotovoltaica","9":"product_tag-greenheiss","10":"description-off","12":"first","13":"instock","14":"shipping-taxable","15":"purchasable","16":"product-type-simple"},"acf":[],"_links":{"self":[{"href":"https:\/\/www.electrosol.cat\/ca\/wp-json\/wp\/v2\/product\/2847","targetHints":{"allow":["GET"]}}],"collection":[{"href":"https:\/\/www.electrosol.cat\/ca\/wp-json\/wp\/v2\/product"}],"about":[{"href":"https:\/\/www.electrosol.cat\/ca\/wp-json\/wp\/v2\/types\/product"}],"wp:featuredmedia":[{"embeddable":true,"href":"https:\/\/www.electrosol.cat\/ca\/wp-json\/wp\/v2\/media\/2971"}],"wp:attachment":[{"href":"https:\/\/www.electrosol.cat\/ca\/wp-json\/wp\/v2\/media?parent=2847"}],"wp:term":[{"taxonomy":"product_brand","embeddable":true,"href":"https:\/\/www.electrosol.cat\/ca\/wp-json\/wp\/v2\/product_brand?post=2847"},{"taxonomy":"product_cat","embeddable":true,"href":"https:\/\/www.electrosol.cat\/ca\/wp-json\/wp\/v2\/product_cat?post=2847"},{"taxonomy":"product_tag","embeddable":true,"href":"https:\/\/www.electrosol.cat\/ca\/wp-json\/wp\/v2\/product_tag?post=2847"}],"curies":[{"name":"wp","href":"https:\/\/api.w.org\/{rel}","templated":true}]}}