{"id":2862,"date":"2019-10-18T16:38:42","date_gmt":"2019-10-18T14:38:42","guid":{"rendered":"https:\/\/www.electrosol.cat\/?post_type=product&#038;p=2862"},"modified":"2025-02-22T20:52:43","modified_gmt":"2025-02-22T19:52:43","slug":"descalcificador-ecowater-atlas-premier-15-litros","status":"publish","type":"product","link":"https:\/\/www.electrosol.cat\/ca\/producto\/descalcificador-ecowater-atlas-premier-15-litros\/","title":{"rendered":"Descalcificador Ecowater Alpha-Atlas Premier 15 litres"},"content":{"rendered":"<p><strong>Descalcificador de agua Watermark 12<\/strong><\/p>\n<p>Equipo\u00a0<strong>descalcificador de bajo consumo<\/strong>\u00a0con un innovador cabinet de elegante dise\u00f1o con tapa de sal deslizante y display interactivo multicolor.<\/p>\n<p>Equipo compuesto por botella de PRFV con distribuidores superiores e inferiores y cabinet en polietileno. Equipado con nueva v\u00e1lvula WS460 de bajo consumo de sal y agua con programador electr\u00f3nico de avanzadas prestaciones.<br \/>\n<strong>Modo vacaciones:<\/strong>\u00a0Durante las ausencias el equipo realiza peque\u00f1os lavados sin consumo de sal.<\/p>\n<p>Conexi\u00f3n 3\/4\u201d.<br \/>\nBoya de seguridad en el cabinet incluida.<br \/>\nBy-pass de aislamiento incluido en el equipo.<\/p>\n<p>El equipo que usted ha adquirido es de \u00faltima generaci\u00f3n, que suministrar\u00e1 agua de baja dureza a toda su vivienda. Desarrollado y dise\u00f1ado por Ionfilter, empresa l\u00edder en el sector con m\u00e1s de 20 a\u00f1os de experiencia, este equipo suministrar\u00e1 un agua blanda ausente de sales incrustantes, que proteger\u00e1 sus instalaciones, evitando la obstrucci\u00f3n de todas las tuber\u00edas a la vez que les permite disfrutar de las m\u00faltiples ventajas asociadas al agua descalcificada<\/p>\n<p>La calidad del agua de nuestro medio ambiente empeora cada d\u00eda, y esto provoca en muchos casos un aumento de la dureza del agua, \u00e9ste hecho puede ocasionar problemas en las conducciones y afectar al correcto funcionamiento de los equipos que empleen ese agua, incrementando su mantenimiento y reduciendo su vida \u00fatil.<\/p>\n<p>Esta realidad nos ha impulsado a dise\u00f1ar esta gama de equipos descalcificadores dom\u00e9sticos, especialmente concebidos para asegurar un suministro de agua de alta calidad a su vivienda.<\/p>\n<p>Su equipo\u00a0<strong>descalcificador de agua Watermark 12<\/strong>\u00a0le proporcionar\u00e1 a usted y a los suyos los siguientes beneficios y ventajas:<\/p>\n<p>\u2013 Ahorro eneg\u00e9tico.<br \/>\n\u2013 Mayor sensaci\u00f3n de bienestar.<br \/>\n\u2013 Piel tersa y suave.<br \/>\n\u2013 Aumenta la vida \u00fatil de los electrodom\u00e9sticos y calderas.<br \/>\n\u2013 Ahorro econ\u00f3mico: Reduce el consumo de jabones,suavizantes y productos qu\u00edmicos.<br \/>\n\u2013 Bajo coste de mantenimiento.<br \/>\n\u2013 Funcionamiento totalmente autom\u00e1tico.<\/p>\n","protected":false},"excerpt":{"rendered":"<p>Descalcificador de agua Watermark 12 Equipo\u00a0descalcificador de bajo consumo\u00a0con un innovador cabinet de elegante dise\u00f1o con tapa de sal deslizante y display interactivo multicolor. Equipo compuesto por botella de PRFV con distribuidores superiores e inferiores y cabinet en polietileno. Equipado con nueva v\u00e1lvula WS460 de bajo consumo de sal y agua con programador electr\u00f3nico de&hellip;<\/p>\n","protected":false},"featured_media":2867,"template":"","meta":{"_acf_changed":false},"product_brand":[371],"product_cat":[464],"product_tag":[244,251,246],"class_list":{"0":"post-2862","1":"product","2":"type-product","3":"status-publish","4":"has-post-thumbnail","6":"product_brand-klinwass-ca","7":"product_cat-descalcificadors","8":"product_tag-descalcificador-ca","9":"product_tag-klinwass-ca","10":"product_tag-osmosis-ca","11":"description-off","13":"first","14":"instock","15":"shipping-taxable","16":"purchasable","17":"product-type-simple"},"acf":[],"_links":{"self":[{"href":"https:\/\/www.electrosol.cat\/ca\/wp-json\/wp\/v2\/product\/2862","targetHints":{"allow":["GET"]}}],"collection":[{"href":"https:\/\/www.electrosol.cat\/ca\/wp-json\/wp\/v2\/product"}],"about":[{"href":"https:\/\/www.electrosol.cat\/ca\/wp-json\/wp\/v2\/types\/product"}],"wp:featuredmedia":[{"embeddable":true,"href":"https:\/\/www.electrosol.cat\/ca\/wp-json\/wp\/v2\/media\/2867"}],"wp:attachment":[{"href":"https:\/\/www.electrosol.cat\/ca\/wp-json\/wp\/v2\/media?parent=2862"}],"wp:term":[{"taxonomy":"product_brand","embeddable":true,"href":"https:\/\/www.electrosol.cat\/ca\/wp-json\/wp\/v2\/product_brand?post=2862"},{"taxonomy":"product_cat","embeddable":true,"href":"https:\/\/www.electrosol.cat\/ca\/wp-json\/wp\/v2\/product_cat?post=2862"},{"taxonomy":"product_tag","embeddable":true,"href":"https:\/\/www.electrosol.cat\/ca\/wp-json\/wp\/v2\/product_tag?post=2862"}],"curies":[{"name":"wp","href":"https:\/\/api.w.org\/{rel}","templated":true}]}}