{"id":2918,"date":"2021-03-18T18:27:04","date_gmt":"2021-03-18T17:27:04","guid":{"rendered":"https:\/\/www.electrosol.cat\/?post_type=product&#038;p=2918"},"modified":"2025-02-23T18:16:50","modified_gmt":"2025-02-23T17:16:50","slug":"osmosis-produccion-directa-montana","status":"publish","type":"product","link":"https:\/\/www.electrosol.cat\/ca\/producto\/osmosis-produccion-directa-montana\/","title":{"rendered":"\u00d2smosi Producci\u00f3 Directa Montana"},"content":{"rendered":"<p>\u00d3smosis inversa\u00a0 directo de nueva generaci\u00f3n con alto rendimiento en la producci\u00f3n de agua pura.<\/p>\n<p>Producci\u00f3n directa de agua sin necesidad de almacenamiento en un dep\u00f3sito.<\/p>\n<p>Incorpora dispositivos de seguridad altamente fiables como el sistema antifugas Water Stop y un reductor de presi\u00f3n.<\/p>\n<h2 class=\"s\">DESCRIPCION DEL PRODUCTO<\/h2>\n<p>Equipo de \u00f3smosis de flujo directo ultra compacto de \u00faltima\u00a0 generaci\u00f3n con alta capacidad de producci\u00f3n de agua osmotizada.<\/p>\n<ul class=\"listado_informacion\">\n<li>\n<h5 class=\"s verde\">DISE\u00d1O ELEGANTE Y REDUCIDAS DIMENSIONES<\/h5>\n<p>Dimensiones: 42 alto x 13,2 ancho x 46 profundo (cms)<\/li>\n<li>\n<h5 class=\"s verde\">PRODUCCI\u00d3N DIRECTA DE AGUA<\/h5>\n<p>Capacidad de producci\u00f3n hasta 1,8 l\/min reduciendo el rechazo a 0,8 l\/min.<\/li>\n<li>\n<h5 class=\"s verde\">FILTROS ENCAPSULADOS<\/h5>\n<p>Sustituci\u00f3n r\u00e1pida e higi\u00e9nica.<\/li>\n<li>\n<h5 class=\"s verde\">SISTEMA LED<\/h5>\n<p>Indica funcionamiento y cambio de filtros<\/li>\n<li>\n<ul>\n<li>Caudal agua osmotizada (para 25 \u00baC y 3 bar): hasta 1,8 L\/min.<\/li>\n<li>Caudal agua rechazo (para 25 \u00baC y 3 bar): 0,8 L\/min.<\/li>\n<li>Incluye grifo dispensador y accesorios de montaje.<\/li>\n<li>No requiere dep\u00f3sito.<\/li>\n<li>Membrana O.I.: 1X700 GDP.<\/li>\n<li>Potencia total: 80W.<\/li>\n<li>Agua entrada: 6,5 \u2013 8,5.<\/li>\n<li>TDS agua entrada (ppm); &lt;750.<\/li>\n<li>Cloro entrada (mg\/L): &lt;1.<\/li>\n<li>Turbidez agua entrada (NTU): &lt;1,0.<\/li>\n<li>Peso neto (kg): 10,6 aprox.<\/li>\n<\/ul>\n<p><strong>CARACTER\u00cdSTICAS T\u00c9CNICAS<\/strong><\/p>\n<ul>\n<li>Temperatura de trabajo (min-max): 1 \u2013 4,0 bar<\/li>\n<li>Presi\u00f3n de trabajo (min-max): 4 \u2013 38 \u00baC<\/li>\n<\/ul>\n<\/li>\n<\/ul>\n","protected":false},"excerpt":{"rendered":"<p>\u00d3smosis inversa\u00a0 directo de nueva generaci\u00f3n con alto rendimiento en la producci\u00f3n de agua pura. Producci\u00f3n directa de agua sin necesidad de almacenamiento en un dep\u00f3sito. Incorpora dispositivos de seguridad altamente fiables como el sistema antifugas Water Stop y un reductor de presi\u00f3n. DESCRIPCION DEL PRODUCTO Equipo de \u00f3smosis de flujo directo ultra compacto de&hellip;<\/p>\n","protected":false},"featured_media":2920,"template":"","meta":{"_acf_changed":false},"product_brand":[371],"product_cat":[229,230],"product_tag":[251,246],"class_list":{"0":"post-2918","1":"product","2":"type-product","3":"status-publish","4":"has-post-thumbnail","6":"product_brand-klinwass-ca","7":"product_cat-ofertes","8":"product_cat-osmosi-i-tractaments-aigua","9":"product_tag-klinwass-ca","10":"product_tag-osmosis-ca","11":"description-off","13":"first","14":"instock","15":"shipping-taxable","16":"purchasable","17":"product-type-simple"},"acf":[],"_links":{"self":[{"href":"https:\/\/www.electrosol.cat\/ca\/wp-json\/wp\/v2\/product\/2918","targetHints":{"allow":["GET"]}}],"collection":[{"href":"https:\/\/www.electrosol.cat\/ca\/wp-json\/wp\/v2\/product"}],"about":[{"href":"https:\/\/www.electrosol.cat\/ca\/wp-json\/wp\/v2\/types\/product"}],"wp:featuredmedia":[{"embeddable":true,"href":"https:\/\/www.electrosol.cat\/ca\/wp-json\/wp\/v2\/media\/2920"}],"wp:attachment":[{"href":"https:\/\/www.electrosol.cat\/ca\/wp-json\/wp\/v2\/media?parent=2918"}],"wp:term":[{"taxonomy":"product_brand","embeddable":true,"href":"https:\/\/www.electrosol.cat\/ca\/wp-json\/wp\/v2\/product_brand?post=2918"},{"taxonomy":"product_cat","embeddable":true,"href":"https:\/\/www.electrosol.cat\/ca\/wp-json\/wp\/v2\/product_cat?post=2918"},{"taxonomy":"product_tag","embeddable":true,"href":"https:\/\/www.electrosol.cat\/ca\/wp-json\/wp\/v2\/product_tag?post=2918"}],"curies":[{"name":"wp","href":"https:\/\/api.w.org\/{rel}","templated":true}]}}