{"id":2928,"date":"2021-03-19T15:01:55","date_gmt":"2021-03-19T14:01:55","guid":{"rendered":"https:\/\/www.electrosol.cat\/?post_type=product&#038;p=2928"},"modified":"2025-02-22T20:30:39","modified_gmt":"2025-02-22T19:30:39","slug":"descalcificador-meridian-sin-corriente","status":"publish","type":"product","link":"https:\/\/www.electrosol.cat\/ca\/producto\/descalcificador-meridian-sin-corriente\/","title":{"rendered":"Descalcificador Klinwass Bi Block Simplex S 1 dip\u00f2sit"},"content":{"rendered":"<h2 class=\"s\">DESCRIPCION DEL PRODUCTO<\/h2>\n<p>Sistema compuesto por 1 botella de poliester reforzado con fibra de vidrio, un tanque de salmuera en polietil\u00e9no y un programador electr\u00f3nico.\u00a0Botellas de resina de uso alimentario monoesf\u00e9rica que facilita el intercambio i\u00f3nico.\u00a0Incorporan fundas de neopreno que evitan la dilataci\u00f3n de las botellas.<\/p>\n<ul class=\"listado_informacion\">\n<li>\n<h5 class=\"s verde\">1 BOTELLA<\/h5>\n<p>Caudales hasta 20 m3\/h<\/li>\n<li>\n<h5 class=\"s verde\">CONEXI\u00d3N MULTIPLE<\/h5>\n<p>Posibilidades 1&#8243; , 2&#8243; y 2&#8243;S<\/li>\n<\/ul>\n<h4 class=\"s\">CARACTER\u00cdSTICAS<\/h4>\n<div class=\"row product_content_row\">\n<div class=\"col col-sm-12 col-xs-12\">\n<div id=\"single-product-details\" class=\"rt_tabs clearfix tab-style-1\" data-tab-style=\"tab-style-1\">\n<div class=\"tab_contents\">\n<div id=\"tab-general-details\" class=\"tab_content_wrapper animation active\" data-tab-content=\"1\">\n<div class=\"tab_content\">\n<ul>\n<li class=\"\">Medici\u00f3n de flujo continuo.<\/li>\n<li class=\"\">Conexi\u00f3n m\u00faltiple de equipos. Sistema interlock.<\/li>\n<li class=\"\"><span class=\"s2\">Conexi\u00f3n de salida auxiliar y libre\u00a0<\/span>de potencial.<\/li>\n<li class=\"\"><span class=\"s2\">Sistema de distribuci\u00f3n hidr\u00e1ulica con cierres cer\u00e1micos.<\/span><\/li>\n<li class=\"\"><span class=\"s2\">Retenci\u00f3n de datos en memoria\u00a0<\/span>no vol\u00e1til.<\/li>\n<li class=\"\"><span class=\"s2\">Bloqueo autom\u00e1tico del teclado.<\/span><\/li>\n<\/ul>\n<\/div>\n<\/div>\n<div id=\"tab-1\" class=\"tab_content_wrapper animation active\" data-tab-content=\"2\">\n<div id=\"tab-1-inline-title\" class=\"tab_title\" data-tab-number=\"2\">CARACTER\u00cdSTICAS T\u00c9CNICAS<\/div>\n<div class=\"tab_content\">\n<ul>\n<li class=\"\"><span class=\"s1\">Temperatura m\u00e1xima del agua: 45\u00b0C.<\/span><\/li>\n<li class=\"\"><span class=\"s1\">Presi\u00f3n de trabajo entre 2 y 6 bar.<\/span><\/li>\n<li class=\"\"><span class=\"s1\">Alimentaci\u00f3n el\u00e9ctrica:<span class=\"Apple-converted-space\">\u00a0\u00a0<\/span>230-110V 50\/60Hz.<\/span><\/li>\n<\/ul>\n<\/div>\n<\/div>\n<\/div>\n<\/div>\n<\/div>\n<\/div>\n","protected":false},"excerpt":{"rendered":"<p>DESCRIPCION DEL PRODUCTO Sistema compuesto por 1 botella de poliester reforzado con fibra de vidrio, un tanque de salmuera en polietil\u00e9no y un programador electr\u00f3nico.\u00a0Botellas de resina de uso alimentario monoesf\u00e9rica que facilita el intercambio i\u00f3nico.\u00a0Incorporan fundas de neopreno que evitan la dilataci\u00f3n de las botellas. 1 BOTELLA Caudales hasta 20 m3\/h CONEXI\u00d3N MULTIPLE Posibilidades&hellip;<\/p>\n","protected":false},"featured_media":12614,"template":"","meta":{"_acf_changed":false},"product_brand":[371],"product_cat":[464],"product_tag":[244,251,246],"class_list":{"0":"post-2928","1":"product","2":"type-product","3":"status-publish","4":"has-post-thumbnail","6":"product_brand-klinwass-ca","7":"product_cat-descalcificadors","8":"product_tag-descalcificador-ca","9":"product_tag-klinwass-ca","10":"product_tag-osmosis-ca","11":"description-off","13":"first","14":"instock","15":"shipping-taxable","16":"purchasable","17":"product-type-simple"},"acf":[],"_links":{"self":[{"href":"https:\/\/www.electrosol.cat\/ca\/wp-json\/wp\/v2\/product\/2928","targetHints":{"allow":["GET"]}}],"collection":[{"href":"https:\/\/www.electrosol.cat\/ca\/wp-json\/wp\/v2\/product"}],"about":[{"href":"https:\/\/www.electrosol.cat\/ca\/wp-json\/wp\/v2\/types\/product"}],"wp:featuredmedia":[{"embeddable":true,"href":"https:\/\/www.electrosol.cat\/ca\/wp-json\/wp\/v2\/media\/12614"}],"wp:attachment":[{"href":"https:\/\/www.electrosol.cat\/ca\/wp-json\/wp\/v2\/media?parent=2928"}],"wp:term":[{"taxonomy":"product_brand","embeddable":true,"href":"https:\/\/www.electrosol.cat\/ca\/wp-json\/wp\/v2\/product_brand?post=2928"},{"taxonomy":"product_cat","embeddable":true,"href":"https:\/\/www.electrosol.cat\/ca\/wp-json\/wp\/v2\/product_cat?post=2928"},{"taxonomy":"product_tag","embeddable":true,"href":"https:\/\/www.electrosol.cat\/ca\/wp-json\/wp\/v2\/product_tag?post=2928"}],"curies":[{"name":"wp","href":"https:\/\/api.w.org\/{rel}","templated":true}]}}