{"id":2936,"date":"2021-03-19T16:24:59","date_gmt":"2021-03-19T15:24:59","guid":{"rendered":"https:\/\/www.electrosol.cat\/?post_type=product&#038;p=2936"},"modified":"2025-02-15T15:26:22","modified_gmt":"2025-02-15T14:26:22","slug":"aire-acondicionado-panasonic-inv-kit-fz25-wke-r-32","status":"publish","type":"product","link":"https:\/\/www.electrosol.cat\/ca\/producto\/aire-acondicionado-panasonic-inv-kit-fz25-wke-r-32\/","title":{"rendered":"Aire condicionat Panasonic 2.150 Frigor\u00edas"},"content":{"rendered":"<h2 class=\"page-title\"><strong>Panasonic KIT FZ25-WKE<\/strong><\/h2>\n<p>Los\u00a0<strong>aires acondicionados FZ de Panasonic<\/strong>\u00a0tienen una gran potencia y eficiencia con respecto a sus competidores. Fabricado con el nuevo gas ecol\u00f3gico\u00a0<strong>R-32<\/strong>\u00a0que contribuye al cuidado del medio ambiente y tiene una alta eficiencia lo que nos permite ahorrarnos en el consumo de la luz. La serie\u00a0<strong>FZ<\/strong>\u00a0posee un\u00a0<strong>compresor R2<\/strong>\u00a0<strong>Rotativo<\/strong>\u00a0dise\u00f1ado para soportar condiciones extremas, proporcionando un alto rendimiento.<\/p>\n<p>Su potencia\u00a0es de 2,5\u00a0KW, tiene una etiqueta energ\u00e9tica\u00a0<strong>A++\/A+<\/strong>. Su unidad exterior es capaz de trabajar a una temperatura exterior de \u201315 \u00baC en calor y \u201310 \u00baC en fr\u00edo, contribuyendo a que la eficiencia y su consumo no se vean incrementados. Con unas dimensiones de 290x779x209 en la unidad interior y 542x780x289 en la unidad exterior, esta maquina tiene un dise\u00f1o moderno y compacto.<\/p>\n<h3><strong>Gas R32<\/strong><\/h3>\n<p>La serie FZ-WKE est\u00e1n fabricados con el nuevo gas ecol\u00f3gico que contribuye al medio ambiente por su alta eficiencia y su bajo indice de calentamiento atmosf\u00e9rico.<\/p>\n<h3><strong>Aire limpio y cuidado para una mejor salud<br \/>\n<\/strong><\/h3>\n<p>Equipado con un filtro PM 2.5 este aire acondicionado atrapa las part\u00edculas mas peque\u00f1as que hay en el ambiente, proporcionando una atm\u00f3sfera sin agentes peligrosos. Sin polvo, sin suciedad e incluso sin humo.<\/p>\n<h3><strong>Silenciosos y relajantes<\/strong><\/h3>\n<p><strong>Panasonic<\/strong>\u00a0siempre ha fabricado productos con las mejores prestaciones. Prueba de ello es que este modelo puede trabajar a una presi\u00f3n sonora de solo 20 dB\u00a0siendo uno de los climatizadores m\u00e1s silenciosos que se pueden encontrar en el mercado.<\/p>\n<h3><strong>Compresor R2 Rotativo<br \/>\n<\/strong><\/h3>\n<p>Los compresores de Panasonic est\u00e1n dise\u00f1ados para soportar temperaturas extremas siendo un compresor mas r\u00e1pido pudiendo climatizar mas r\u00e1pidamente y causando un m\u00ednimo consumo gracias a su menor capacidad a r\u00e9gimen bajo. Proporcionando un alto rendimiento, reduciendo as\u00ed el consumo de luz aumentando su eficiencia.<\/p>\n<h3><strong>Garant\u00eda de 5 a\u00f1os de compresor<\/strong><\/h3>\n<p>Fabricados con materiales de alta calidad, la serie FZ-WKE trae una garant\u00eda de 5 a\u00f1os en sus compresores.<\/p>\n<h3><strong>Programable<\/strong><\/h3>\n<p>Los modelos Panasonic FZ-WKE permite programar sus horas de funcionamiento permitiendo as\u00ed una mayor flexibilidad horaria al usuario en su utilizaci\u00f3n.<\/p>\n","protected":false},"excerpt":{"rendered":"<p>Panasonic KIT FZ25-WKE Los\u00a0aires acondicionados FZ de Panasonic\u00a0tienen una gran potencia y eficiencia con respecto a sus competidores. Fabricado con el nuevo gas ecol\u00f3gico\u00a0R-32\u00a0que contribuye al cuidado del medio ambiente y tiene una alta eficiencia lo que nos permite ahorrarnos en el consumo de la luz. La serie\u00a0FZ\u00a0posee un\u00a0compresor R2\u00a0Rotativo\u00a0dise\u00f1ado para soportar condiciones extremas, proporcionando&hellip;<\/p>\n","protected":false},"featured_media":2954,"template":"","meta":{"_acf_changed":false},"product_brand":[439],"product_cat":[217,229],"product_tag":[233,440],"class_list":{"0":"post-2936","1":"product","2":"type-product","3":"status-publish","4":"has-post-thumbnail","6":"product_brand-panasonic-ca","7":"product_cat-aire-condicionat","8":"product_cat-ofertes","9":"product_tag-aire-acondicionado-ca","10":"product_tag-panasonic-ca","11":"description-off","13":"first","14":"instock","15":"shipping-taxable","16":"purchasable","17":"product-type-simple"},"acf":[],"_links":{"self":[{"href":"https:\/\/www.electrosol.cat\/ca\/wp-json\/wp\/v2\/product\/2936","targetHints":{"allow":["GET"]}}],"collection":[{"href":"https:\/\/www.electrosol.cat\/ca\/wp-json\/wp\/v2\/product"}],"about":[{"href":"https:\/\/www.electrosol.cat\/ca\/wp-json\/wp\/v2\/types\/product"}],"wp:featuredmedia":[{"embeddable":true,"href":"https:\/\/www.electrosol.cat\/ca\/wp-json\/wp\/v2\/media\/2954"}],"wp:attachment":[{"href":"https:\/\/www.electrosol.cat\/ca\/wp-json\/wp\/v2\/media?parent=2936"}],"wp:term":[{"taxonomy":"product_brand","embeddable":true,"href":"https:\/\/www.electrosol.cat\/ca\/wp-json\/wp\/v2\/product_brand?post=2936"},{"taxonomy":"product_cat","embeddable":true,"href":"https:\/\/www.electrosol.cat\/ca\/wp-json\/wp\/v2\/product_cat?post=2936"},{"taxonomy":"product_tag","embeddable":true,"href":"https:\/\/www.electrosol.cat\/ca\/wp-json\/wp\/v2\/product_tag?post=2936"}],"curies":[{"name":"wp","href":"https:\/\/api.w.org\/{rel}","templated":true}]}}