{"id":2944,"date":"2021-03-19T18:30:06","date_gmt":"2021-03-19T17:30:06","guid":{"rendered":"https:\/\/www.electrosol.cat\/?post_type=product&#038;p=2944"},"modified":"2025-02-15T15:10:15","modified_gmt":"2025-02-15T14:10:15","slug":"aire-acondicionado-toshiba-seiya-10-r32","status":"publish","type":"product","link":"https:\/\/www.electrosol.cat\/ca\/producto\/aire-acondicionado-toshiba-seiya-10-r32\/","title":{"rendered":"Aire condicionat Toshiba SEIYA 10 R32"},"content":{"rendered":"<h2>Aire acondicionado para casa &#8211; Seiya 10<\/h2>\n<p>SEIYA ofrece tecnolog\u00eda del futuro, que incorpora refrigerante R32 con bajo potencial de calentamiento global y establece nuevas referencias en est\u00e9tica, calidad y facilidad de uso, para ofrecer productos con la mejor relaci\u00f3n calidad-precio y un confort asequible.<\/p>\n<blockquote><p>Los modos de calefacci\u00f3n y refrigeraci\u00f3n garantizan un ahorro de energ\u00eda excepcional y niveles inigualables de confort (Clase de eficiencia energ\u00e9tica A++ \/ A+).<\/p><\/blockquote>\n<h4>Calidad Toshiba para el aire interior<\/h4>\n<p>SEIYA est\u00e1 equipado con una funci\u00f3n de auto-limpieza que reduce la humedad y el moho en el serpent\u00edn de la unidad interior. Esto garantiza un funcionamiento de larga duraci\u00f3n y una circulaci\u00f3n de aire de alta calidad.<\/p>\n<h4>Control remoto inal\u00e1mbrico f\u00e1cil de usar, con temporizador semanal opcional<\/h4>\n<p>Bot\u00f3n ECO-Logic para reducir el consumo de energ\u00eda un 25%. Potenciador de capacidad para alcanzar el punto de confort configurado de forma muy r\u00e1pida. Control Wifi opcional.<\/p>\n<h4>Control mediante nuestra app<\/h4>\n<p>Descarga la app Toshiba Home AC Control (Android \/ iOS) y gestiona tu climatizaci\u00f3n desde el m\u00f3vil.<\/p>\n<h4>Funcionamiento silencioso de la unidad exterior<\/h4>\n<p>Funci\u00f3n exclusiva de reducci\u00f3n de ruido. El modo de operaci\u00f3n Silent del control remoto permite reducir el nivel de ruido exterior para que todo el vecindario pueda dormir durante la noche. Este modo reduce el nivel de presi\u00f3n sonora de la unidad exterior en -3dB(A) hasta dejarlo en solo 43dB(A).<\/p>\n<ul class=\"listaTosh\">\n<li><img loading=\"lazy\" decoding=\"async\" src=\"https:\/\/www.toshiba-aire.es\/img\/cms\/flechado.png\" alt=\"\" width=\"19\" height=\"11\" \/>\u00a0Ideal para Dormitorios, despachos, salones, cocinas, etc.<\/li>\n<li><img loading=\"lazy\" decoding=\"async\" src=\"https:\/\/www.toshiba-aire.es\/img\/cms\/flechado.png\" alt=\"\" width=\"19\" height=\"11\" \/>\u00a0Inverter h\u00edbrido DC de Toshiba, con compresor rotatorio.<\/li>\n<li><img loading=\"lazy\" decoding=\"async\" src=\"https:\/\/www.toshiba-aire.es\/img\/cms\/flechado.png\" alt=\"caracter\u00edsticas\" width=\"19\" height=\"11\" \/>\u00a0Alta eficiencia energ\u00e9tica.\u00a0SEER 6,1.<\/li>\n<li><img loading=\"lazy\" decoding=\"async\" src=\"https:\/\/www.toshiba-aire.es\/img\/cms\/flechado.png\" alt=\"caracter\u00edsticas\" width=\"19\" height=\"11\" \/>\u00a0Consumo en refrigeraci\u00f3n desde solo 140\u00a0W (Consumo en modo Aire Acondicionado).<\/li>\n<li><img loading=\"lazy\" decoding=\"async\" src=\"https:\/\/www.toshiba-aire.es\/img\/cms\/flechado.png\" alt=\"caracter\u00edsticas\" width=\"19\" height=\"11\" \/>\u00a0Consumo en calefacci\u00f3n desde solo 120\u00a0W (Consumo en modo Bomba de calor).<\/li>\n<li><img loading=\"lazy\" decoding=\"async\" src=\"https:\/\/www.toshiba-aire.es\/img\/cms\/flechado.png\" alt=\"caracter\u00edsticas\" width=\"19\" height=\"11\" \/>\u00a0Funci\u00f3n de autolimpieza, previendo la formaci\u00f3n de moho.<\/li>\n<li><img loading=\"lazy\" decoding=\"async\" src=\"https:\/\/www.toshiba-aire.es\/img\/cms\/flechado.png\" alt=\"caracter\u00edsticas\" width=\"19\" height=\"11\" \/>\u00a0<strong>Ultra silencioso: desde 22 dB(A).<\/strong><\/li>\n<li><img loading=\"lazy\" decoding=\"async\" src=\"https:\/\/www.toshiba-aire.es\/img\/cms\/flechado.png\" alt=\"\" width=\"19\" height=\"11\" \/>\u00a0Posibilidad de configuraci\u00f3n para funcionamiento en SOLO modo CALEFACCI\u00d3N.<\/li>\n<li><img loading=\"lazy\" decoding=\"async\" src=\"https:\/\/www.toshiba-aire.es\/img\/cms\/flechado.png\" alt=\"\" width=\"19\" height=\"11\" \/>\u00a0Funcionamiento en calefacci\u00f3n hasta -15\u00baC. L\u00edmite temperatura exterior en refrigeraci\u00f3n: 46\u00baC.<\/li>\n<\/ul>\n<p>&nbsp;<\/p>\n<p><strong>Controles<\/strong>:\u00a0<a href=\"https:\/\/www.toshiba-aire.es\/controles-split-de-pared\">Caracter\u00edsticas de los mandos<\/a><\/p>\n<h3>2\u00a0a\u00f1os de garant\u00eda<\/h3>\n<p>&nbsp;<\/p>\n","protected":false},"excerpt":{"rendered":"<p>Aire acondicionado para casa &#8211; Seiya 10 SEIYA ofrece tecnolog\u00eda del futuro, que incorpora refrigerante R32 con bajo potencial de calentamiento global y establece nuevas referencias en est\u00e9tica, calidad y facilidad de uso, para ofrecer productos con la mejor relaci\u00f3n calidad-precio y un confort asequible. Los modos de calefacci\u00f3n y refrigeraci\u00f3n garantizan un ahorro de&hellip;<\/p>\n","protected":false},"featured_media":2952,"template":"","meta":{"_acf_changed":false},"product_brand":[435],"product_cat":[217,229],"product_tag":[233,436],"class_list":{"0":"post-2944","1":"product","2":"type-product","3":"status-publish","4":"has-post-thumbnail","6":"product_brand-toshiba-ca","7":"product_cat-aire-condicionat","8":"product_cat-ofertes","9":"product_tag-aire-acondicionado-ca","10":"product_tag-toshiba-ca","11":"description-off","13":"first","14":"instock","15":"shipping-taxable","16":"purchasable","17":"product-type-simple"},"acf":[],"_links":{"self":[{"href":"https:\/\/www.electrosol.cat\/ca\/wp-json\/wp\/v2\/product\/2944","targetHints":{"allow":["GET"]}}],"collection":[{"href":"https:\/\/www.electrosol.cat\/ca\/wp-json\/wp\/v2\/product"}],"about":[{"href":"https:\/\/www.electrosol.cat\/ca\/wp-json\/wp\/v2\/types\/product"}],"wp:featuredmedia":[{"embeddable":true,"href":"https:\/\/www.electrosol.cat\/ca\/wp-json\/wp\/v2\/media\/2952"}],"wp:attachment":[{"href":"https:\/\/www.electrosol.cat\/ca\/wp-json\/wp\/v2\/media?parent=2944"}],"wp:term":[{"taxonomy":"product_brand","embeddable":true,"href":"https:\/\/www.electrosol.cat\/ca\/wp-json\/wp\/v2\/product_brand?post=2944"},{"taxonomy":"product_cat","embeddable":true,"href":"https:\/\/www.electrosol.cat\/ca\/wp-json\/wp\/v2\/product_cat?post=2944"},{"taxonomy":"product_tag","embeddable":true,"href":"https:\/\/www.electrosol.cat\/ca\/wp-json\/wp\/v2\/product_tag?post=2944"}],"curies":[{"name":"wp","href":"https:\/\/api.w.org\/{rel}","templated":true}]}}