{"id":5078,"date":"2021-11-18T07:43:56","date_gmt":"2021-11-23T06:42:51","guid":{"rendered":"https:\/\/www.electrosol.cat\/?post_type=product&#038;p=5078"},"modified":"2021-11-23T12:42:49","modified_gmt":"2021-11-23T11:42:49","slug":"termostato-de-ambiente-digital-honeywell-cronotermostato-t4-semanal","status":"publish","type":"product","link":"https:\/\/www.electrosol.cat\/ca\/producto\/termostato-de-ambiente-digital-honeywell-cronotermostato-t4-semanal\/","title":{"rendered":"TERMOSTAT DE AMBIENT DIGITAL HONEYWELL CRONOTERMOSTAT T4 (SETMANAL)"},"content":{"rendered":"<h5>Descripci\u00f3<br \/>\nEls term\u00f2stats T4, T4M i T4R han estat dissenyats per a proporcionar un control autom\u00e0tic d&#8217;horaris i temperatura d&#8217;instal\u00b7lacions de calefacci\u00f3 en apartaments i xalets. El T4 \u00e9s compatible amb aparells\u00a0on\/*off\u00a0de 24-230V i aparells\u00a0<a href=\"https:\/\/livewell.honeywellhome.com\/es\/calefaccion\/\">OpenTherm\u00ae<\/a>, com a calderes de gas, calderes mixtes i bombes de calor. Tamb\u00e9 funciona amb aplicacions de v\u00e0lvula de zona, per\u00f2 no amb sistemes de calefacci\u00f3 el\u00e8ctrica (240V). Les versions T4M i T4R admeten tamb\u00e9 aparells\u00a0<a href=\"https:\/\/livewell.honeywellhome.com\/es\/calefaccion\/\">OpenTherm\u00ae<\/a>.<\/h5>\n<p>Els T4 i T4M s\u00f3n per a instal\u00b7lacions cablejades en paret i el T4R \u00e9s per a instal\u00b7lacions sense fils. El T4R es compon d&#8217;un term\u00f2stat i un receptor.<\/p>\n<p>La soluci\u00f3 ha estat dissenyada pensant en l&#8217;instal\u00b7lador i inclou un m\u00f2dul Receptor amb opcions de muntatge per a col\u00b7locar-lo directament en la paret o en una caixa encastada. El cablejat pot entrar per la part inferior o per la part posterior aixecant la regleta de terminals, la qual cosa fa que la instal\u00b7laci\u00f3 sigui r\u00e0pida i senzilla.<\/p>\n<p>El term\u00f2stat t\u00e9 una pantalla\u00a0retroiluminada\u00a0de segments fixos grans i clars i ofereix una programaci\u00f3 senzilla, tot en vista que sigui m\u00e9s f\u00e0cil d&#8217;instal\u00b7lar i m\u00e9s simple d&#8217;usar.<\/p>\n<p>La l\u00ednia de productes T4 \u00e9s ideal per als consumidors que desitgen controlar el seu confort a dist\u00e0ncia, s\u00f3n aparells de disseny modern, simples de programar i f\u00e0cils d&#8217;usar.<\/p>\n<p>Caracter\u00edstiques del term\u00f2stat programable amb cable T4 de\u00a0<a href=\"https:\/\/livewell.honeywellhome.com\/es\/calefaccion\/\">Honeywell<\/a>:<\/p>\n<p>\u2013 Maneres d&#8217;operaci\u00f3: Manera apagada (protecci\u00f3 antigel), manera manual, manera autom\u00e0tica, canvi temporal, anul\u00b7laci\u00f3 temporal<\/p>\n<p>\u2013 Funcions de control: Horari i temperatura\u00a0multi\u00a0zona<\/p>\n<p>\u2013 Aplicaci\u00f3 Calefacci\u00f3\/ Refrigeraci\u00f3: nom\u00e9s calefacci\u00f3<\/p>\n<p>\u2013 Temps m\u00edn. de programaci\u00f3: 15 minuts<\/p>\n<p>\u2013 Per\u00edodes\u00a0on\/*off\u00a0programables per dia: 4\/6<\/p>\n<p>\u2013 Manera vacances: S\u00ed<\/p>\n<p>\u2013 Optimitzaci\u00f3: S\u00ed<\/p>\n<p>\u2013 Punt d&#8217;aconsegueixi per dia: seleccionable<\/p>\n<p>\u2013 Anticipador t\u00e8rmic: S\u00ed<\/p>\n<p>\u2013\u00a0LAN\u00a0sense fil:\u00a0IEEE\u00a0802.11b,g,n<\/p>\n<p>\u2013 Comunicaci\u00f3\u00a0RF:\u00a0ISM\u00a0868.0-870.0 MHz Receptor Categoria 2<\/p>\n<p>\u2013 Classe\u00a0ErP: IV<\/p>\n<p>\u2013 Ubicaci\u00f3 del sensor: intern<\/p>\n<p>\u2013 Rang de temperatura ajustable: 5 a 35 \u00b0C<\/p>\n<p>\u2013 Precisi\u00f3 de control de temperatura: 0,5 \u00b0C<\/p>\n<p>\u2013 Bloqueig del punt de consigna: S\u00ed<\/p>\n<p>\u2013 Limitaci\u00f3 del punt de consigna: S\u00ed<\/p>\n<p>\u2013 Senyal de control de sortida: Commutaci\u00f3 de rel\u00e9 sense tensi\u00f3 i\u00a0<a href=\"https:\/\/livewell.honeywellhome.com\/es\/calefaccion\/\">OpenTherm(R)<\/a><\/p>\n<p>\u2013 Funci\u00f3\/capacitat del contacte:\u00a0230Vac, 5A<\/p>\n<p>\u2013 Funcions pantalla: Pantalla de segments fixos<\/p>\n<p>\u2013 A\u00efllament: doble a\u00efllament<\/p>\n<p>\u2013 Classe de protecci\u00f3: IP30<\/p>\n<p>\u2013 Color : blanc<\/p>\n<p>\u2013 Dimensi\u00f3 m\u00e0x. de cables: 1,5\u00a0mm2<\/p>\n<p>\u2013 Durada de les piles: 2 anys<\/p>\n<p>\u2013 Alimentaci\u00f3: 2 Piles\u00a0AA<\/p>\n<p>\u2013 Mem\u00f2ria interna sense tensi\u00f3: si<\/p>\n<p>\u2013 Temperatura ambient: 0 a 40 \u00b0C<\/p>\n<p>\u2013 Format horari per defecte: 24 h<\/p>\n<p>\u2013 Mesures:\u00a097x136x28mm<\/p>\n","protected":false},"excerpt":{"rendered":"<p>Descripci\u00f3 Els term\u00f2stats T4, T4M i T4R han estat dissenyats per a proporcionar un control autom\u00e0tic d&#8217;horaris i temperatura d&#8217;instal\u00b7lacions de calefacci\u00f3 en apartaments i xalets. El T4 \u00e9s compatible amb aparells\u00a0on\/*off\u00a0de 24-230V i aparells\u00a0OpenTherm\u00ae, com a calderes de gas, calderes mixtes i bombes de calor. Tamb\u00e9 funciona amb aplicacions de v\u00e0lvula de zona, per\u00f2&hellip;<\/p>\n","protected":false},"featured_media":5076,"template":"","meta":{"_acf_changed":false},"product_brand":[],"product_cat":[454],"product_tag":[],"class_list":{"0":"post-5078","1":"product","2":"type-product","3":"status-publish","4":"has-post-thumbnail","6":"product_cat-termostats","7":"description-off","9":"first","10":"instock","11":"shipping-taxable","12":"purchasable","13":"product-type-simple"},"acf":[],"_links":{"self":[{"href":"https:\/\/www.electrosol.cat\/ca\/wp-json\/wp\/v2\/product\/5078","targetHints":{"allow":["GET"]}}],"collection":[{"href":"https:\/\/www.electrosol.cat\/ca\/wp-json\/wp\/v2\/product"}],"about":[{"href":"https:\/\/www.electrosol.cat\/ca\/wp-json\/wp\/v2\/types\/product"}],"wp:featuredmedia":[{"embeddable":true,"href":"https:\/\/www.electrosol.cat\/ca\/wp-json\/wp\/v2\/media\/5076"}],"wp:attachment":[{"href":"https:\/\/www.electrosol.cat\/ca\/wp-json\/wp\/v2\/media?parent=5078"}],"wp:term":[{"taxonomy":"product_brand","embeddable":true,"href":"https:\/\/www.electrosol.cat\/ca\/wp-json\/wp\/v2\/product_brand?post=5078"},{"taxonomy":"product_cat","embeddable":true,"href":"https:\/\/www.electrosol.cat\/ca\/wp-json\/wp\/v2\/product_cat?post=5078"},{"taxonomy":"product_tag","embeddable":true,"href":"https:\/\/www.electrosol.cat\/ca\/wp-json\/wp\/v2\/product_tag?post=5078"}],"curies":[{"name":"wp","href":"https:\/\/api.w.org\/{rel}","templated":true}]}}