{"id":5080,"date":"2021-11-10T07:56:51","date_gmt":"2021-11-23T11:46:46","guid":{"rendered":"https:\/\/www.electrosol.cat\/?post_type=product&#038;p=5080"},"modified":"2021-11-23T12:49:32","modified_gmt":"2021-11-23T11:49:32","slug":"termostato-de-ambiente-digital-honeywell-dt90a1008","status":"publish","type":"product","link":"https:\/\/www.electrosol.cat\/ca\/producto\/termostato-de-ambiente-digital-honeywell-dt90a1008\/","title":{"rendered":"TERMOSTATO DE AMBIENTE DIGITAL HONEYWELL DT90A1008"},"content":{"rendered":"<h4>Term\u00f2stat d&#8217;ambient digital de\u00a0<a href=\"https:\/\/livewell.honeywellhome.com\/es\/calefaccion\/\">Honeywell<\/a>\u00a0DT90<\/p>\n<p>La nova fam\u00edlia de term\u00f2stats d&#8217;ambient DT90 \u00e9s una gamma de productes l\u00edders en el mercat dissenyats per a proporcionar confort i economia en els moderns sistemes de calefacci\u00f3. La seva \u00e0mplia pantalla i el seu simple\u00a0intergaz\u00a0de botons fan al DT90 molt f\u00e0cil d&#8217;usar.<\/p>\n<p>L&#8217;efici\u00e8ncia energ\u00e8tica s&#8217;aconsegueix mitjan\u00e7ant un control de funcionament TPI i el bot\u00f3 ECO d&#8217;estalvi d&#8217;energia<\/p>\n<p>Les aplicacions inclouen el control de calderes de gas o gasoil, s\u00f2l radiant, calefacci\u00f3 el\u00e8ctrica i sistemes de zonificaci\u00f3.<\/p>\n<p>Amb un aspecte fresc i modern que complementa qualsevol estil de decoraci\u00f3. i una gamma de valuoses caracter\u00edstiques tant per a instal\u00b7ladors com per a usuaris, DT90 estableix l&#8217;est\u00e0ndard de term\u00f2stat d&#8217;ambient simple i ecol\u00f2gic.<\/p>\n<p>Caracter\u00edstiques del producte<\/p>\n<p>Avan\u00e7at control que s&#8217;adapta a l&#8217;entorn mitjan\u00e7ant autoaprenentatge i garanteix un control ajustat de temperatura amb l&#8217;\u00fas m\u00ednim d&#8217;energia<br \/>\nDisseny pla i modern<br \/>\nSelecci\u00f3 de temperatura usant els botons a dalt i a baix<br \/>\nBot\u00f3 d&#8217;atur que permet l&#8217;apagat amb protecci\u00f3 antigel<br \/>\nalimentaci\u00f3 amb piles alcalines 2XAA(LR6) amb m\u00e9s de 4 anys de durada de les piles ( amb un m\u00ednim de 2 anys), amb av\u00eds de bateria baixa, amb canvi f\u00e0cil de piles desmuntant la coberta.<br \/>\nCorrent m\u00e0xim de 8A\u00a0resistivos, 3A inductius<br \/>\nMuntatge sobre paret o caixa empalmi<br \/>\nAutodiagn\u00f2stic d&#8217;avaria del sensor.<\/h4>\n","protected":false},"excerpt":{"rendered":"<p>Term\u00f2stat d&#8217;ambient digital de\u00a0Honeywell\u00a0DT90 La nova fam\u00edlia de term\u00f2stats d&#8217;ambient DT90 \u00e9s una gamma de productes l\u00edders en el mercat dissenyats per a proporcionar confort i economia en els moderns sistemes de calefacci\u00f3. La seva \u00e0mplia pantalla i el seu simple\u00a0intergaz\u00a0de botons fan al DT90 molt f\u00e0cil d&#8217;usar. L&#8217;efici\u00e8ncia energ\u00e8tica s&#8217;aconsegueix mitjan\u00e7ant un control de&hellip;<\/p>\n","protected":false},"featured_media":5064,"template":"","meta":{"_acf_changed":false},"product_brand":[],"product_cat":[454],"product_tag":[],"class_list":{"0":"post-5080","1":"product","2":"type-product","3":"status-publish","4":"has-post-thumbnail","6":"product_cat-termostats","7":"description-off","9":"first","10":"instock","11":"shipping-taxable","12":"purchasable","13":"product-type-simple"},"acf":[],"_links":{"self":[{"href":"https:\/\/www.electrosol.cat\/ca\/wp-json\/wp\/v2\/product\/5080","targetHints":{"allow":["GET"]}}],"collection":[{"href":"https:\/\/www.electrosol.cat\/ca\/wp-json\/wp\/v2\/product"}],"about":[{"href":"https:\/\/www.electrosol.cat\/ca\/wp-json\/wp\/v2\/types\/product"}],"wp:featuredmedia":[{"embeddable":true,"href":"https:\/\/www.electrosol.cat\/ca\/wp-json\/wp\/v2\/media\/5064"}],"wp:attachment":[{"href":"https:\/\/www.electrosol.cat\/ca\/wp-json\/wp\/v2\/media?parent=5080"}],"wp:term":[{"taxonomy":"product_brand","embeddable":true,"href":"https:\/\/www.electrosol.cat\/ca\/wp-json\/wp\/v2\/product_brand?post=5080"},{"taxonomy":"product_cat","embeddable":true,"href":"https:\/\/www.electrosol.cat\/ca\/wp-json\/wp\/v2\/product_cat?post=5080"},{"taxonomy":"product_tag","embeddable":true,"href":"https:\/\/www.electrosol.cat\/ca\/wp-json\/wp\/v2\/product_tag?post=5080"}],"curies":[{"name":"wp","href":"https:\/\/api.w.org\/{rel}","templated":true}]}}